{"id":763783,"date":"2025-08-28T10:51:50","date_gmt":"2025-08-28T07:51:50","guid":{"rendered":"https:\/\/roveyayinevi.com.tr\/index.php\/urun\/tapinak-2\/"},"modified":"2026-04-15T03:29:43","modified_gmt":"2026-04-15T00:29:43","slug":"tapinak-2","status":"publish","type":"product","link":"https:\/\/roveyayinevi.com.tr\/index.php\/urun\/tapinak-2\/","title":{"rendered":"Tap\u0131nak"},"content":{"rendered":"<p>\u201cBen (\u0130sa Mesih) sana \u015funu s\u00f6yleyeyim; Sen Petrus\u2019sun ve ben kilisemi senin \u00fczerine kuraca\u011f\u0131m. \u00d6l\u00fcler diyar\u0131n\u0131n kap\u0131lar\u0131 sana kar\u015f\u0131 direnemeyecek.\u201d   Matta 16:18   Tap\u0131nak, dini terminolojide y\u00fcce bir varl\u0131\u011fa tap\u0131n\u0131lan \u00e2detler, ibadetler ve rit\u00fceller i\u00e7in yap\u0131lm\u0131\u015f kutsal bir yap\u0131d\u0131r.   \u0130branicede \u201ckutsal ev\u201d say\u0131lan Bet Hamikdash, Kud\u00fcs\u2019te Moria Tepesi\u2019ne Kral S\u00fcleyman taraf\u0131ndan yap\u0131lm\u0131\u015f ve Babil Kral\u0131 II. Nabukadnezar taraf\u0131ndan y\u0131k\u0131lm\u0131\u015ft\u0131r. Kud\u00fcs\u2019teki ikinci tap\u0131nak ise, Pers \u0130mparatorlu\u011fu\u2019nun izniyle in\u015fa edilip Romal\u0131lar taraf\u0131ndan y\u0131k\u0131lm\u0131\u015ft\u0131r.   \u00dc\u00e7\u00fcnc\u00fc bir tap\u0131na\u011f\u0131n in\u015fa edilmesi i\u00e7in dua etmek ise Yahudilerin g\u00fcnde \u00fc\u00e7 kez yapt\u0131klar\u0131 ibadetin bir par\u00e7as\u0131 haline gelmi\u015ftir. Her hal\u00fck\u00e2rda tap\u0131na\u011f\u0131n nas\u0131l ve ne zaman in\u015fa edilece\u011fi her zaman tart\u0131\u015fma konusu olmu\u015ftur.   Tevrat merkezli bir yakla\u015f\u0131mla as\u0131l mesele tap\u0131na\u011f\u0131n yeridir.   Elinizdeki kitap belki de bu s\u0131rr\u0131 \u00e7\u00f6zebilmek i\u00e7indir&#8230; <\/p>\n","protected":false},"excerpt":{"rendered":"<p>\u201cBen (\u0130sa Mesih) sana \u015funu s\u00f6yleyeyim; Sen Petrus\u2019sun ve ben kilisemi senin \u00fczerine kuraca\u011f\u0131m. \u00d6l\u00fcler diyar\u0131n\u0131n kap\u0131lar\u0131 sana kar\u015f\u0131 direnemeyecek.\u201d Matta 16:18 Tap\u0131nak, dini terminolojide y\u00fcce<span class=\"excerpt-hellip\"> [\u2026]<\/span><\/p>\n","protected":false},"featured_media":0,"template":"","meta":{"_monsterinsights_skip_tracking":false,"_monsterinsights_sitenote_active":false,"_monsterinsights_sitenote_note":"","_monsterinsights_sitenote_category":0},"product_brand":[],"product_cat":[16382,12718],"product_tag":[],"class_list":{"0":"post-763783","1":"product","2":"type-product","3":"status-publish","5":"product_cat-diger-inanclar","6":"product_cat-din","7":"pa_cilt-ciltsiz","8":"pa_tur-kitap","9":"pa_yayinevi-destek-yayinlari","10":"pa_yazar-zafer-calayoglu","12":"first","13":"instock","14":"sale","15":"shipping-taxable","16":"purchasable","17":"product-type-simple"},"_links":{"self":[{"href":"https:\/\/roveyayinevi.com.tr\/index.php\/wp-json\/wp\/v2\/product\/763783","targetHints":{"allow":["GET"]}}],"collection":[{"href":"https:\/\/roveyayinevi.com.tr\/index.php\/wp-json\/wp\/v2\/product"}],"about":[{"href":"https:\/\/roveyayinevi.com.tr\/index.php\/wp-json\/wp\/v2\/types\/product"}],"wp:attachment":[{"href":"https:\/\/roveyayinevi.com.tr\/index.php\/wp-json\/wp\/v2\/media?parent=763783"}],"wp:term":[{"taxonomy":"product_brand","embeddable":true,"href":"https:\/\/roveyayinevi.com.tr\/index.php\/wp-json\/wp\/v2\/product_brand?post=763783"},{"taxonomy":"product_cat","embeddable":true,"href":"https:\/\/roveyayinevi.com.tr\/index.php\/wp-json\/wp\/v2\/product_cat?post=763783"},{"taxonomy":"product_tag","embeddable":true,"href":"https:\/\/roveyayinevi.com.tr\/index.php\/wp-json\/wp\/v2\/product_tag?post=763783"}],"curies":[{"name":"wp","href":"https:\/\/api.w.org\/{rel}","templated":true}]}}