{"id":763782,"date":"2025-08-28T10:51:49","date_gmt":"2025-08-28T07:51:49","guid":{"rendered":"https:\/\/roveyayinevi.com.tr\/index.php\/urun\/tyt-fizik-soru-bankasi-video-cozumlu\/"},"modified":"2026-04-05T03:20:37","modified_gmt":"2026-04-05T00:20:37","slug":"tyt-fizik-soru-bankasi-video-cozumlu","status":"publish","type":"product","link":"https:\/\/roveyayinevi.com.tr\/index.php\/urun\/tyt-fizik-soru-bankasi-video-cozumlu\/","title":{"rendered":"TYT Fizik Soru Bankas\u0131 (Video \u00c7\u00f6z\u00fcml\u00fc)"},"content":{"rendered":"<p>Sevgili gen\u00e7ler, YKS s\u0131nav\u0131na haz\u0131rland\u0131\u011f\u0131n\u0131z zor bir d\u00f6nemdesiniz. Bir sorunun bile \u00e7ok k\u0131ymetli oldu\u011fu, insan\u0131n hayat\u0131n\u0131 de\u011fi\u015ftirdi\u011fi bu s\u0131navda sorular\u0131m\u0131zla sizleri y\u00f6nlendirmek, eksiklerinizi tamamlamak amac\u0131yla TYT F\u0130Z\u0130K SORU BANKASI\u2019n\u0131 haz\u0131rlad\u0131k. Bu kitapta, konusuna g\u00f6re haz\u0131rlanan testler, konular aras\u0131nda ba\u011flant\u0131 kuran yarg\u0131l\u0131 sorular, \u00fcniteler aras\u0131nda ba\u011flant\u0131 kurman\u0131z\u0131 ve konu tekrar\u0131 yapman\u0131z\u0131 sa\u011flayacak karma testler bulunmaktad\u0131r. Ayr\u0131ca kitab\u0131n yazarlar\u0131 taraf\u0131ndan haz\u0131rlanm\u0131\u015f \u00e7\u00f6z\u00fcm videolar\u0131n\u0131 izleyebilir, hatalar\u0131n\u0131z\u0131 s\u0131f\u0131ra indirebilirsiniz.<\/p>\n","protected":false},"excerpt":{"rendered":"<p>Sevgili gen\u00e7ler, YKS s\u0131nav\u0131na haz\u0131rland\u0131\u011f\u0131n\u0131z zor bir d\u00f6nemdesiniz. Bir sorunun bile \u00e7ok k\u0131ymetli oldu\u011fu, insan\u0131n hayat\u0131n\u0131 de\u011fi\u015ftirdi\u011fi bu s\u0131navda sorular\u0131m\u0131zla sizleri y\u00f6nlendirmek, eksiklerinizi tamamlamak amac\u0131yla TYT<span class=\"excerpt-hellip\"> [\u2026]<\/span><\/p>\n","protected":false},"featured_media":0,"template":"","meta":{"_monsterinsights_skip_tracking":false,"_monsterinsights_sitenote_active":false,"_monsterinsights_sitenote_note":"","_monsterinsights_sitenote_category":0},"product_brand":[],"product_cat":[12566,13473],"product_tag":[],"class_list":{"0":"post-763782","1":"product","2":"type-product","3":"status-publish","5":"product_cat-egitim","6":"product_cat-sinavlara-hazirlik-okula-yardimci-kaynaklar","7":"pa_cilt-ciltsiz","8":"pa_tur-kitap","9":"pa_yayinevi-delta-kultur-yayinevi","10":"pa_yazar-mustafa-erden-guven-aykac","12":"first","13":"instock","14":"sale","15":"shipping-taxable","16":"purchasable","17":"product-type-simple"},"_links":{"self":[{"href":"https:\/\/roveyayinevi.com.tr\/index.php\/wp-json\/wp\/v2\/product\/763782","targetHints":{"allow":["GET"]}}],"collection":[{"href":"https:\/\/roveyayinevi.com.tr\/index.php\/wp-json\/wp\/v2\/product"}],"about":[{"href":"https:\/\/roveyayinevi.com.tr\/index.php\/wp-json\/wp\/v2\/types\/product"}],"wp:attachment":[{"href":"https:\/\/roveyayinevi.com.tr\/index.php\/wp-json\/wp\/v2\/media?parent=763782"}],"wp:term":[{"taxonomy":"product_brand","embeddable":true,"href":"https:\/\/roveyayinevi.com.tr\/index.php\/wp-json\/wp\/v2\/product_brand?post=763782"},{"taxonomy":"product_cat","embeddable":true,"href":"https:\/\/roveyayinevi.com.tr\/index.php\/wp-json\/wp\/v2\/product_cat?post=763782"},{"taxonomy":"product_tag","embeddable":true,"href":"https:\/\/roveyayinevi.com.tr\/index.php\/wp-json\/wp\/v2\/product_tag?post=763782"}],"curies":[{"name":"wp","href":"https:\/\/api.w.org\/{rel}","templated":true}]}}