{"id":763781,"date":"2025-08-28T10:51:47","date_gmt":"2025-08-28T07:51:47","guid":{"rendered":"https:\/\/roveyayinevi.com.tr\/index.php\/urun\/pc-kurusu-2\/"},"modified":"2026-04-15T03:29:43","modified_gmt":"2026-04-15T00:29:43","slug":"pc-kurusu-2","status":"publish","type":"product","link":"https:\/\/roveyayinevi.com.tr\/index.php\/urun\/pc-kurusu-2\/","title":{"rendered":"P*\u00e7 Kurusu 2"},"content":{"rendered":"<p>ACIMASIZ B\u0130R GER\u0130L\u0130M   \u201cBABAN OLMADAN HAYATTA KALAB\u0130L\u0130R M\u0130S\u0130N?\u201d   BABASININ B\u0130R SONRAK\u0130 KURBANININ, SEVD\u0130\u011e\u0130 KIZ GYEON YOON OLDU\u011eUNU \u00d6\u011eRENEN J\u0130N SEONWOO, HAYATINDA \u0130LK KEZ ONA KAR\u015eI \u00c7IKMAYA KARAR VER\u0130R.   DONGSU SEONWOO \u0130SE \u015e\u0130MD\u0130YE KADAR \u0130\u015eLED\u0130\u011e\u0130 C\u0130NAYETLERE SESS\u0130ZCE YARDIM EDEN O\u011eLUNDAK\u0130 DE\u011e\u0130\u015e\u0130KL\u0130KLER\u0130 FARK EDER.   \u201cHA\u0130N\u201d DURUMUNA D\u00dc\u015eEN J\u0130N SEONWOO, GYEON\u2019U KORUMAYA \u00c7ALI\u015eIR FAKAT DONGSU DAHA \u00c7OK TUZAK KURMAYA BA\u015eLAR.   ZOR B\u0130R HAYATI OLSA DA J\u0130N SEONWOO ARTIK BA\u015eKA \u0130NSANLARLA \u0130LET\u0130\u015e\u0130M KURMANIN KEYF\u0130N\u0130 S\u00dcRMEKTED\u0130R.   FAKAT BABASINI ARDINDA BIRAKAN J\u0130N \u0130\u00c7\u0130N ASIL YA\u015eAM M\u00dcCADELES\u0130 \u015e\u0130MD\u0130 BA\u015eLAMI\u015eTIR&#8230; &#8230; <\/p>\n","protected":false},"excerpt":{"rendered":"<p>ACIMASIZ B\u0130R GER\u0130L\u0130M \u201cBABAN OLMADAN HAYATTA KALAB\u0130L\u0130R M\u0130S\u0130N?\u201d BABASININ B\u0130R SONRAK\u0130 KURBANININ, SEVD\u0130\u011e\u0130 KIZ GYEON YOON OLDU\u011eUNU \u00d6\u011eRENEN J\u0130N SEONWOO, HAYATINDA \u0130LK KEZ ONA KAR\u015eI \u00c7IKMAYA<span class=\"excerpt-hellip\"> [\u2026]<\/span><\/p>\n","protected":false},"featured_media":0,"template":"","meta":{"_monsterinsights_skip_tracking":false,"_monsterinsights_sitenote_active":false,"_monsterinsights_sitenote_note":"","_monsterinsights_sitenote_category":0},"product_brand":[],"product_cat":[12416,12291],"product_tag":[],"class_list":{"0":"post-763781","1":"product","2":"type-product","3":"status-publish","5":"product_cat-cizgi-roman","6":"product_cat-edebiyat","7":"pa_cilt-ciltsiz","8":"pa_tur-kitap","9":"pa_yayinevi-athica-yayinlari","10":"pa_yazar-kim-carnby","12":"first","13":"instock","14":"sale","15":"shipping-taxable","16":"purchasable","17":"product-type-simple"},"_links":{"self":[{"href":"https:\/\/roveyayinevi.com.tr\/index.php\/wp-json\/wp\/v2\/product\/763781","targetHints":{"allow":["GET"]}}],"collection":[{"href":"https:\/\/roveyayinevi.com.tr\/index.php\/wp-json\/wp\/v2\/product"}],"about":[{"href":"https:\/\/roveyayinevi.com.tr\/index.php\/wp-json\/wp\/v2\/types\/product"}],"wp:attachment":[{"href":"https:\/\/roveyayinevi.com.tr\/index.php\/wp-json\/wp\/v2\/media?parent=763781"}],"wp:term":[{"taxonomy":"product_brand","embeddable":true,"href":"https:\/\/roveyayinevi.com.tr\/index.php\/wp-json\/wp\/v2\/product_brand?post=763781"},{"taxonomy":"product_cat","embeddable":true,"href":"https:\/\/roveyayinevi.com.tr\/index.php\/wp-json\/wp\/v2\/product_cat?post=763781"},{"taxonomy":"product_tag","embeddable":true,"href":"https:\/\/roveyayinevi.com.tr\/index.php\/wp-json\/wp\/v2\/product_tag?post=763781"}],"curies":[{"name":"wp","href":"https:\/\/api.w.org\/{rel}","templated":true}]}}