{"id":763780,"date":"2025-08-28T10:51:45","date_gmt":"2025-08-28T07:51:45","guid":{"rendered":"https:\/\/roveyayinevi.com.tr\/index.php\/urun\/son-istasyon\/"},"modified":"2026-04-15T03:29:43","modified_gmt":"2026-04-15T00:29:43","slug":"son-istasyon","status":"publish","type":"product","link":"https:\/\/roveyayinevi.com.tr\/index.php\/urun\/son-istasyon\/","title":{"rendered":"Son \u0130stasyon"},"content":{"rendered":"<p>\u015eair ve yazarlar gelecek nesillere aktar\u0131lmak \u00fczere, birtak\u0131m ara\u015ft\u0131rmalar yaparak kaynaklar te\u015fkil ederler. Aysel \u00c7\u0131nar Demirci de kendine d\u00fc\u015fen y\u00fck\u00fc ve hisseyi, tek ba\u015f\u0131na ta\u015f\u0131yan \u015fairlerimizdendir. Serbest vezinli \u015fiirlerinde \u00f6zg\u00fcnl\u00fc\u011f\u00fc ve imgesel s\u00f6zc\u00fckleri dile getirerek, toplumun olumlu ve olumsuz y\u00f6nlerini pastoral (do\u011fa), duygusal (a\u015fk) ve didaktik (\u00f6\u011fretici) serbest vezinli \u015fiirlerinde, h\u00fcmanist bir yakla\u015f\u0131mla m\u0131sralara ustaca i\u015fler. Aysel \u00c7\u0131nar Demirci der ki; Bir volkan gibi patlar olgunla\u015fan duygular derinlerimden ve mermer s\u00fctun gibi dizilir m\u0131sralar\u0131ma. Ve y\u00fcrek bavulunu \u00e7oktan toplam\u0131\u015f, sonsuzluk treninin son istasyon yolcusudur. <\/p>\n","protected":false},"excerpt":{"rendered":"<p>\u015eair ve yazarlar gelecek nesillere aktar\u0131lmak \u00fczere, birtak\u0131m ara\u015ft\u0131rmalar yaparak kaynaklar te\u015fkil ederler. Aysel \u00c7\u0131nar Demirci de kendine d\u00fc\u015fen y\u00fck\u00fc ve hisseyi, tek ba\u015f\u0131na ta\u015f\u0131yan \u015fairlerimizdendir.<span class=\"excerpt-hellip\"> [\u2026]<\/span><\/p>\n","protected":false},"featured_media":0,"template":"","meta":{"_monsterinsights_skip_tracking":false,"_monsterinsights_sitenote_active":false,"_monsterinsights_sitenote_note":"","_monsterinsights_sitenote_category":0},"product_brand":[],"product_cat":[12291,12509],"product_tag":[],"class_list":{"0":"post-763780","1":"product","2":"type-product","3":"status-publish","5":"product_cat-edebiyat","6":"product_cat-siir","7":"pa_cilt-ciltsiz","8":"pa_tur-kitap","9":"pa_yayinevi-semenderkitap-yayinlari","10":"pa_yazar-aysel-cinar-demirci","12":"first","13":"instock","14":"sale","15":"shipping-taxable","16":"purchasable","17":"product-type-simple"},"_links":{"self":[{"href":"https:\/\/roveyayinevi.com.tr\/index.php\/wp-json\/wp\/v2\/product\/763780","targetHints":{"allow":["GET"]}}],"collection":[{"href":"https:\/\/roveyayinevi.com.tr\/index.php\/wp-json\/wp\/v2\/product"}],"about":[{"href":"https:\/\/roveyayinevi.com.tr\/index.php\/wp-json\/wp\/v2\/types\/product"}],"wp:attachment":[{"href":"https:\/\/roveyayinevi.com.tr\/index.php\/wp-json\/wp\/v2\/media?parent=763780"}],"wp:term":[{"taxonomy":"product_brand","embeddable":true,"href":"https:\/\/roveyayinevi.com.tr\/index.php\/wp-json\/wp\/v2\/product_brand?post=763780"},{"taxonomy":"product_cat","embeddable":true,"href":"https:\/\/roveyayinevi.com.tr\/index.php\/wp-json\/wp\/v2\/product_cat?post=763780"},{"taxonomy":"product_tag","embeddable":true,"href":"https:\/\/roveyayinevi.com.tr\/index.php\/wp-json\/wp\/v2\/product_tag?post=763780"}],"curies":[{"name":"wp","href":"https:\/\/api.w.org\/{rel}","templated":true}]}}