{"id":763775,"date":"2025-08-28T10:51:35","date_gmt":"2025-08-28T07:51:35","guid":{"rendered":"https:\/\/roveyayinevi.com.tr\/index.php\/urun\/sairin-onurlu-yasam-guncesi\/"},"modified":"2026-04-15T03:29:43","modified_gmt":"2026-04-15T00:29:43","slug":"sairin-onurlu-yasam-guncesi","status":"publish","type":"product","link":"https:\/\/roveyayinevi.com.tr\/index.php\/urun\/sairin-onurlu-yasam-guncesi\/","title":{"rendered":"\u015eairin Onurlu Ya\u015fam G\u00fcncesi"},"content":{"rendered":"<p>Evet ben yaln\u0131z\u0131m.. Yolda y\u00fcr\u00fcrken g\u00f6lgemi pe\u015fimden s\u00fcr\u00fcrken Dost bilip size i\u00e7imi d\u00f6kerken bile yal\u0131z\u0131m Tek ba\u015f\u0131ma g\u00fcld\u00fcrmeye \u00e7al\u0131\u015f\u0131yorum K\u00fc\u00e7\u00fcc\u00fck boynu b\u00fck\u00fck Ayakkab\u0131s\u0131 y\u0131rt\u0131k \u00c7orab\u0131 delik ba\u015fparmak d\u0131\u015far\u0131 \u00e7\u0131km\u0131\u015fken A\u011flamakl\u0131 g\u00f6zlerime bakarken bile ben yaln\u0131z\u0131m,, Siz..! \u0130ki paket sigara paras\u0131n\u0131 g\u00f6z\u00fcn\u00fczde b\u00fcy\u00fct\u00fcp \u0130ki, duble rak\u0131y\u0131 i\u00e7ip beyninizi k\u00fc\u00e7\u00fclt\u00fcrken Ben yine yaln\u0131z\u0131m&#8230; Birka\u00e7 tane koca y\u00fcrekli g\u00fczel g\u00f6n\u00fclleriyle Yol g\u00f6stermeseler masum tertemiz \u00e7ocuklar\u0131 g\u00fcld\u00fcrmeleriyle Anneler babalar\u0131n\u0131n utanga\u00e7, ama isyans\u0131z E\u011filip b\u00fcz\u00fcl\u00fcp yard\u0131m isterken Hatta hatta bize yard\u0131mc\u0131 olabilir misiniz derken 10 kere \u00f6z\u00fcr dilerken.. Ben yine g\u00f6zya\u015flar\u0131mla yaln\u0131z\u0131m.. Kitaplar\u0131m omuz veriyor y\u0131k\u0131lmamam i\u00e7in Bir de birka\u00e7 sa\u011flam y\u00fcrekli ADAM ve KADINLAR.. Sizin paran\u0131z pulunuz mal\u0131n\u0131z \u00e7ok olabilir Ama bir \u00e7ocuk sevindiremiyorsan\u0131z SIZ DAHA \u00c7OK YALNIZSINIZ BEN\u0130M K\u0130TAPLARIM VAR EN AZINDAN EDER\u0130 KADAR HAYIR \u0130\u015eLEYEN <\/p>\n","protected":false},"excerpt":{"rendered":"<p>Evet ben yaln\u0131z\u0131m.. Yolda y\u00fcr\u00fcrken g\u00f6lgemi pe\u015fimden s\u00fcr\u00fcrken Dost bilip size i\u00e7imi d\u00f6kerken bile yal\u0131z\u0131m Tek ba\u015f\u0131ma g\u00fcld\u00fcrmeye \u00e7al\u0131\u015f\u0131yorum K\u00fc\u00e7\u00fcc\u00fck boynu b\u00fck\u00fck Ayakkab\u0131s\u0131 y\u0131rt\u0131k \u00c7orab\u0131 delik<span class=\"excerpt-hellip\"> [\u2026]<\/span><\/p>\n","protected":false},"featured_media":0,"template":"","meta":{"_monsterinsights_skip_tracking":false,"_monsterinsights_sitenote_active":false,"_monsterinsights_sitenote_note":"","_monsterinsights_sitenote_category":0},"product_brand":[],"product_cat":[12291,12509],"product_tag":[],"class_list":{"0":"post-763775","1":"product","2":"type-product","3":"status-publish","5":"product_cat-edebiyat","6":"product_cat-siir","7":"pa_cilt-ciltsiz","8":"pa_tur-kitap","9":"pa_yayinevi-imbik-yayinlari","10":"pa_yazar-rifat-kara","12":"first","13":"instock","14":"sale","15":"shipping-taxable","16":"purchasable","17":"product-type-simple"},"_links":{"self":[{"href":"https:\/\/roveyayinevi.com.tr\/index.php\/wp-json\/wp\/v2\/product\/763775","targetHints":{"allow":["GET"]}}],"collection":[{"href":"https:\/\/roveyayinevi.com.tr\/index.php\/wp-json\/wp\/v2\/product"}],"about":[{"href":"https:\/\/roveyayinevi.com.tr\/index.php\/wp-json\/wp\/v2\/types\/product"}],"wp:attachment":[{"href":"https:\/\/roveyayinevi.com.tr\/index.php\/wp-json\/wp\/v2\/media?parent=763775"}],"wp:term":[{"taxonomy":"product_brand","embeddable":true,"href":"https:\/\/roveyayinevi.com.tr\/index.php\/wp-json\/wp\/v2\/product_brand?post=763775"},{"taxonomy":"product_cat","embeddable":true,"href":"https:\/\/roveyayinevi.com.tr\/index.php\/wp-json\/wp\/v2\/product_cat?post=763775"},{"taxonomy":"product_tag","embeddable":true,"href":"https:\/\/roveyayinevi.com.tr\/index.php\/wp-json\/wp\/v2\/product_tag?post=763775"}],"curies":[{"name":"wp","href":"https:\/\/api.w.org\/{rel}","templated":true}]}}