{"id":763774,"date":"2025-08-28T10:51:33","date_gmt":"2025-08-28T07:51:33","guid":{"rendered":"https:\/\/roveyayinevi.com.tr\/index.php\/urun\/olumlu-dusunmenin-gucu-2\/"},"modified":"2026-04-15T03:29:43","modified_gmt":"2026-04-15T00:29:43","slug":"olumlu-dusunmenin-gucu-2","status":"publish","type":"product","link":"https:\/\/roveyayinevi.com.tr\/index.php\/urun\/olumlu-dusunmenin-gucu-2\/","title":{"rendered":"Olumlu D\u00fc\u015f\u00fcnmenin G\u00fcc\u00fc"},"content":{"rendered":"<p>G\u00fc\u00e7l\u00fckler kar\u015f\u0131s\u0131nda nas\u0131l ayakta kal\u0131n\u0131r? Her \u015fey bu kadar zorken kalbi kuvvetlendirmek, \u00fcmidi besleyen bir inan\u00e7 ta\u015f\u0131mak m\u00fcmk\u00fcn m\u00fc? \u0130\u015fleri yoluna koyman\u0131n s\u0131rr\u0131 ne? Norman Vincent Peale\u2019in &#8220;Olumlu D\u00fc\u015f\u00fcnmenin G\u00fcc\u00fc&#8221; kitab\u0131, bu sorulara yan\u0131t vermekle kalm\u0131yor, ayn\u0131 zamanda sizi kendinizin en iyi versiyonunu yaratmaya davet ediyor. Hayat size ek\u015fi limonlar verdi\u011finde, \u015fik\u00e2yet etmek yerine onlardan tatl\u0131 bir limonata yapabilmeniz i\u00e7in leziz bir tarif sunuyor.  Modern zamanlar\u0131n en etkili kitaplar\u0131ndan biri olan &#8220;Olumlu D\u00fc\u015f\u00fcnmenin G\u00fcc\u00fc&#8221; d\u00fcnya \u00e7ap\u0131nda 24 milyondan fazla satt\u0131 ve 42 dile \u00e7evrildi. Hasan Abdullah Ismaik\u2019in katk\u0131lar\u0131yla zenginle\u015fen elinizdeki geni\u015fletilmi\u015f bask\u0131yla da daha kapsay\u0131c\u0131 h\u00e2le geldi.    Bu ilham verici kitab\u0131n rehberli\u011finde, olumsuz d\u00fc\u015f\u00fcnce kal\u0131plar\u0131n\u0131 a\u015fmay\u0131 \u00f6\u011frenirken, kar\u015f\u0131n\u0131za \u00e7\u0131kan engelleri nas\u0131l f\u0131rsata \u00e7evirece\u011finizi ke\u015ffedecek ve ya\u015fam\u0131n\u0131za anlam katman\u0131n yollar\u0131n\u0131 bulacaks\u0131n\u0131z.<\/p>\n","protected":false},"excerpt":{"rendered":"<p>G\u00fc\u00e7l\u00fckler kar\u015f\u0131s\u0131nda nas\u0131l ayakta kal\u0131n\u0131r? Her \u015fey bu kadar zorken kalbi kuvvetlendirmek, \u00fcmidi besleyen bir inan\u00e7 ta\u015f\u0131mak m\u00fcmk\u00fcn m\u00fc? \u0130\u015fleri yoluna koyman\u0131n s\u0131rr\u0131 ne? Norman Vincent<span class=\"excerpt-hellip\"> [\u2026]<\/span><\/p>\n","protected":false},"featured_media":0,"template":"","meta":{"_monsterinsights_skip_tracking":false,"_monsterinsights_sitenote_active":false,"_monsterinsights_sitenote_note":"","_monsterinsights_sitenote_category":0},"product_brand":[],"product_cat":[12364,12376],"product_tag":[],"class_list":{"0":"post-763774","1":"product","2":"type-product","3":"status-publish","5":"product_cat-genel-konular","6":"product_cat-kisisel-gelisim","7":"pa_cilt-ciltsiz","8":"pa_tur-kitap","9":"pa_yayinevi-profil-kitap","10":"pa_yazar-norman-vincent-peale-hasan-abdullah-ismaik","12":"first","13":"instock","14":"sale","15":"shipping-taxable","16":"purchasable","17":"product-type-simple"},"_links":{"self":[{"href":"https:\/\/roveyayinevi.com.tr\/index.php\/wp-json\/wp\/v2\/product\/763774","targetHints":{"allow":["GET"]}}],"collection":[{"href":"https:\/\/roveyayinevi.com.tr\/index.php\/wp-json\/wp\/v2\/product"}],"about":[{"href":"https:\/\/roveyayinevi.com.tr\/index.php\/wp-json\/wp\/v2\/types\/product"}],"wp:attachment":[{"href":"https:\/\/roveyayinevi.com.tr\/index.php\/wp-json\/wp\/v2\/media?parent=763774"}],"wp:term":[{"taxonomy":"product_brand","embeddable":true,"href":"https:\/\/roveyayinevi.com.tr\/index.php\/wp-json\/wp\/v2\/product_brand?post=763774"},{"taxonomy":"product_cat","embeddable":true,"href":"https:\/\/roveyayinevi.com.tr\/index.php\/wp-json\/wp\/v2\/product_cat?post=763774"},{"taxonomy":"product_tag","embeddable":true,"href":"https:\/\/roveyayinevi.com.tr\/index.php\/wp-json\/wp\/v2\/product_tag?post=763774"}],"curies":[{"name":"wp","href":"https:\/\/api.w.org\/{rel}","templated":true}]}}