{"id":763769,"date":"2025-08-28T10:51:25","date_gmt":"2025-08-28T07:51:25","guid":{"rendered":"https:\/\/roveyayinevi.com.tr\/index.php\/urun\/kursunkalem-2\/"},"modified":"2026-04-15T03:29:43","modified_gmt":"2026-04-15T00:29:43","slug":"kursunkalem-2","status":"publish","type":"product","link":"https:\/\/roveyayinevi.com.tr\/index.php\/urun\/kursunkalem-2\/","title":{"rendered":"Kur\u015funkalem"},"content":{"rendered":"<p>G\u00fczel \u00e7izimler yapmak i\u00e7in yan\u0131n\u0131za alaca\u011f\u0131n\u0131z \u00fc\u00e7 \u015fey&#8230; Ka\u011f\u0131t, kalem ve \u201cKur\u015funkalem\u201d <\/p>\n","protected":false},"excerpt":{"rendered":"<p>G\u00fczel \u00e7izimler yapmak i\u00e7in yan\u0131n\u0131za alaca\u011f\u0131n\u0131z \u00fc\u00e7 \u015fey&#8230; Ka\u011f\u0131t, kalem ve \u201cKur\u015funkalem\u201d<\/p>\n","protected":false},"featured_media":0,"template":"","meta":{"_monsterinsights_skip_tracking":false,"_monsterinsights_sitenote_active":false,"_monsterinsights_sitenote_note":"","_monsterinsights_sitenote_category":0},"product_brand":[],"product_cat":[15563],"product_tag":[],"class_list":{"0":"post-763769","1":"product","2":"type-product","3":"status-publish","5":"product_cat-hobi","6":"pa_cilt-ciltsiz","7":"pa_tur-kitap","8":"pa_yayinevi-say-yayinlari","9":"pa_yazar-ilknur-bozkurt-dengiz-deniz-cobankent","11":"first","12":"instock","13":"sale","14":"shipping-taxable","15":"purchasable","16":"product-type-simple"},"_links":{"self":[{"href":"https:\/\/roveyayinevi.com.tr\/index.php\/wp-json\/wp\/v2\/product\/763769","targetHints":{"allow":["GET"]}}],"collection":[{"href":"https:\/\/roveyayinevi.com.tr\/index.php\/wp-json\/wp\/v2\/product"}],"about":[{"href":"https:\/\/roveyayinevi.com.tr\/index.php\/wp-json\/wp\/v2\/types\/product"}],"wp:attachment":[{"href":"https:\/\/roveyayinevi.com.tr\/index.php\/wp-json\/wp\/v2\/media?parent=763769"}],"wp:term":[{"taxonomy":"product_brand","embeddable":true,"href":"https:\/\/roveyayinevi.com.tr\/index.php\/wp-json\/wp\/v2\/product_brand?post=763769"},{"taxonomy":"product_cat","embeddable":true,"href":"https:\/\/roveyayinevi.com.tr\/index.php\/wp-json\/wp\/v2\/product_cat?post=763769"},{"taxonomy":"product_tag","embeddable":true,"href":"https:\/\/roveyayinevi.com.tr\/index.php\/wp-json\/wp\/v2\/product_tag?post=763769"}],"curies":[{"name":"wp","href":"https:\/\/api.w.org\/{rel}","templated":true}]}}