{"id":763767,"date":"2025-08-28T10:51:22","date_gmt":"2025-08-28T07:51:22","guid":{"rendered":"https:\/\/roveyayinevi.com.tr\/index.php\/urun\/saman-sifa-rituel\/"},"modified":"2026-04-15T03:29:43","modified_gmt":"2026-04-15T00:29:43","slug":"saman-sifa-rituel","status":"publish","type":"product","link":"https:\/\/roveyayinevi.com.tr\/index.php\/urun\/saman-sifa-rituel\/","title":{"rendered":"\u015eaman, \u015eifa, Ritu\u0308el"},"content":{"rendered":"<p>Rit\u00fceller neden \u00f6nemli? \u015eamanlar ve rit\u00fcelleri aras\u0131nda ki g\u00fc\u00e7l\u00fc ba\u011f\u0131nanlam\u0131 ne? Hayallerimizi ger\u00e7ekle\u015ftirmek i\u00e7in neye ihtiyac\u0131m\u0131z var? Rit\u00fceller bizi \u015fifaland\u0131rabilir mi?   Kadim zamanlarda ya\u015fayan topluluklar, rit\u00fcellerine s\u0131k\u0131 s\u0131k\u0131ya ba\u011fl\u0131lard\u0131 ve bu rit\u00fcellerin bolluk, sa\u011fl\u0131k, birlik getirdi\u011fine ve gelece\u011fin yarat\u0131lmas\u0131 i\u00e7in \u0130lahi Olan&#8217;a destek oldu\u011funa inan\u0131yorlard\u0131. G\u00fcn\u00fcm\u00fczde h\u0131zlanan ya\u015fam ve de\u011fi\u015fen \u00f6ncelikler, bir ka\u00e7 tanesi d\u0131\u015f\u0131nda, rit\u00fcelleri g\u00fcnl\u00fck pratiklerimizin d\u0131\u015f\u0131na itmemize neden oldu. \u015eaman, \u015eifa, Rit\u00fcel, sizi, hayat\u0131 bir ritual gibi ya\u015famaya ve yeni \u015famanik ara\u00e7lar ke\u015ffetmeye davet ediyor!   D\u00fcnyaya iyi davran\u0131n. Onu size ebeveynleriniz vermedi, onu size \u00e7ocuklar\u0131n\u0131z \u00f6d\u00fcn\u00e7 verdi. D\u00fcnya bize atalar\u0131m\u0131zdan miras kalmad\u0131, biz onu \u00e7ocuklar\u0131m\u0131zdan \u00f6d\u00fcn\u00e7 ald\u0131k. <\/p>\n","protected":false},"excerpt":{"rendered":"<p>Rit\u00fceller neden \u00f6nemli? \u015eamanlar ve rit\u00fcelleri aras\u0131nda ki g\u00fc\u00e7l\u00fc ba\u011f\u0131nanlam\u0131 ne? Hayallerimizi ger\u00e7ekle\u015ftirmek i\u00e7in neye ihtiyac\u0131m\u0131z var? Rit\u00fceller bizi \u015fifaland\u0131rabilir mi? Kadim zamanlarda ya\u015fayan topluluklar, rit\u00fcellerine<span class=\"excerpt-hellip\"> [\u2026]<\/span><\/p>\n","protected":false},"featured_media":0,"template":"","meta":{"_monsterinsights_skip_tracking":false,"_monsterinsights_sitenote_active":false,"_monsterinsights_sitenote_note":"","_monsterinsights_sitenote_category":0},"product_brand":[],"product_cat":[12364,12376],"product_tag":[],"class_list":{"0":"post-763767","1":"product","2":"type-product","3":"status-publish","5":"product_cat-genel-konular","6":"product_cat-kisisel-gelisim","7":"pa_cilt-ciltsiz","8":"pa_tur-kitap","9":"pa_yayinevi-omega","10":"pa_yazar-carol-day","12":"first","13":"instock","14":"sale","15":"shipping-taxable","16":"purchasable","17":"product-type-simple"},"_links":{"self":[{"href":"https:\/\/roveyayinevi.com.tr\/index.php\/wp-json\/wp\/v2\/product\/763767","targetHints":{"allow":["GET"]}}],"collection":[{"href":"https:\/\/roveyayinevi.com.tr\/index.php\/wp-json\/wp\/v2\/product"}],"about":[{"href":"https:\/\/roveyayinevi.com.tr\/index.php\/wp-json\/wp\/v2\/types\/product"}],"wp:attachment":[{"href":"https:\/\/roveyayinevi.com.tr\/index.php\/wp-json\/wp\/v2\/media?parent=763767"}],"wp:term":[{"taxonomy":"product_brand","embeddable":true,"href":"https:\/\/roveyayinevi.com.tr\/index.php\/wp-json\/wp\/v2\/product_brand?post=763767"},{"taxonomy":"product_cat","embeddable":true,"href":"https:\/\/roveyayinevi.com.tr\/index.php\/wp-json\/wp\/v2\/product_cat?post=763767"},{"taxonomy":"product_tag","embeddable":true,"href":"https:\/\/roveyayinevi.com.tr\/index.php\/wp-json\/wp\/v2\/product_tag?post=763767"}],"curies":[{"name":"wp","href":"https:\/\/api.w.org\/{rel}","templated":true}]}}