{"id":763759,"date":"2025-08-28T10:51:05","date_gmt":"2025-08-28T07:51:05","guid":{"rendered":"https:\/\/roveyayinevi.com.tr\/index.php\/urun\/ben-bu-kitabi-boyarim-3-4-yas\/"},"modified":"2026-04-15T03:29:43","modified_gmt":"2026-04-15T00:29:43","slug":"ben-bu-kitabi-boyarim-3-4-yas","status":"publish","type":"product","link":"https:\/\/roveyayinevi.com.tr\/index.php\/urun\/ben-bu-kitabi-boyarim-3-4-yas\/","title":{"rendered":"Ben Bu Kitab\u0131 Boyar\u0131m! 3-4 Ya\u015f"},"content":{"rendered":"<p>3-4 ya\u015f \u00e7ocuklar RENKLERLE KE\u015eFETS\u0130N!   -Minik parmaklara uygun g\u00f6rseller ve konular -Boyamas\u0131 kolay, az detayl\u0131 ve kal\u0131n hatl\u0131 \u00e7izimler -Sevimli karakterlerle dolu e\u011flenceli sayfalar -Taze zihinleri d\u00fcnyayla tan\u0131\u015ft\u0131ran kavram, obje ve canl\u0131lar <\/p>\n","protected":false},"excerpt":{"rendered":"<p>3-4 ya\u015f \u00e7ocuklar RENKLERLE KE\u015eFETS\u0130N! -Minik parmaklara uygun g\u00f6rseller ve konular -Boyamas\u0131 kolay, az detayl\u0131 ve kal\u0131n hatl\u0131 \u00e7izimler -Sevimli karakterlerle dolu e\u011flenceli sayfalar -Taze zihinleri<span class=\"excerpt-hellip\"> [\u2026]<\/span><\/p>\n","protected":false},"featured_media":0,"template":"","meta":{"_monsterinsights_skip_tracking":false,"_monsterinsights_sitenote_active":false,"_monsterinsights_sitenote_note":"","_monsterinsights_sitenote_category":0},"product_brand":[],"product_cat":[12644,12274],"product_tag":[],"class_list":{"0":"post-763759","1":"product","2":"type-product","3":"status-publish","5":"product_cat-boyama-kitaplari","6":"product_cat-cocuk-ve-genclik-kitaplari","7":"pa_cilt-ciltsiz","8":"pa_tur-kitap","9":"pa_yayinevi-dogan-cocuk","10":"pa_yazar-kolektif","12":"first","13":"instock","14":"sale","15":"shipping-taxable","16":"purchasable","17":"product-type-simple"},"_links":{"self":[{"href":"https:\/\/roveyayinevi.com.tr\/index.php\/wp-json\/wp\/v2\/product\/763759","targetHints":{"allow":["GET"]}}],"collection":[{"href":"https:\/\/roveyayinevi.com.tr\/index.php\/wp-json\/wp\/v2\/product"}],"about":[{"href":"https:\/\/roveyayinevi.com.tr\/index.php\/wp-json\/wp\/v2\/types\/product"}],"wp:attachment":[{"href":"https:\/\/roveyayinevi.com.tr\/index.php\/wp-json\/wp\/v2\/media?parent=763759"}],"wp:term":[{"taxonomy":"product_brand","embeddable":true,"href":"https:\/\/roveyayinevi.com.tr\/index.php\/wp-json\/wp\/v2\/product_brand?post=763759"},{"taxonomy":"product_cat","embeddable":true,"href":"https:\/\/roveyayinevi.com.tr\/index.php\/wp-json\/wp\/v2\/product_cat?post=763759"},{"taxonomy":"product_tag","embeddable":true,"href":"https:\/\/roveyayinevi.com.tr\/index.php\/wp-json\/wp\/v2\/product_tag?post=763759"}],"curies":[{"name":"wp","href":"https:\/\/api.w.org\/{rel}","templated":true}]}}