{"id":763755,"date":"2025-08-28T10:50:58","date_gmt":"2025-08-28T07:50:58","guid":{"rendered":"https:\/\/roveyayinevi.com.tr\/index.php\/urun\/face-to-face-cards\/"},"modified":"2026-04-03T03:21:05","modified_gmt":"2026-04-03T00:21:05","slug":"face-to-face-cards","status":"publish","type":"product","link":"https:\/\/roveyayinevi.com.tr\/index.php\/urun\/face-to-face-cards\/","title":{"rendered":"Face to Face Cards"},"content":{"rendered":"<p>2 Decks of Question and Sentence Completion Chat Cards Y\u00fcz y\u00fcze kartlar\u0131 \u0130ngilizce olarak&#8230; FACE to FACE Cards can be used at a range of events like seminars, workshops, orientations and coffee chats to: \u2022 Get to know one another \u2022 Developed self-awareness \u2022 Build empathy \u2022 Improve in group communication \u2022 Strengthen team spirit \u2022 Increase sharing through narration and listening \u2022 Facilitate joint discovery \u2022 Boost \/ generate positive emotions BOX CONTENTS 50 sentence completion (&#8230;) cards 50 question (?) cards HOW ARE FACE TO FACE CARDS USED? \u2022 FACE to FACE cards can be used in groups of 2 or more people. \u2022 Pick one card from each pile. \u2022 Complete the sentence in the \u201c\u2026\u201d card. \u2022 Ask the question on the \u201c?\u201d card to the person on your right. \u2022 Spend around 30 seconds on every card. \u2022 Place used cards in a separate pile. \u2022 When all cards have been used, take turns expressing three traits about everyone else that you have observed.<\/p>\n","protected":false},"excerpt":{"rendered":"<p>2 Decks of Question and Sentence Completion Chat Cards Y\u00fcz y\u00fcze kartlar\u0131 \u0130ngilizce olarak&#8230; FACE to FACE Cards can be used at a range of events<span class=\"excerpt-hellip\"> [\u2026]<\/span><\/p>\n","protected":false},"featured_media":0,"template":"","meta":{"_monsterinsights_skip_tracking":false,"_monsterinsights_sitenote_active":false,"_monsterinsights_sitenote_note":"","_monsterinsights_sitenote_category":0},"product_brand":[],"product_cat":[12364,12376],"product_tag":[],"class_list":{"0":"post-763755","1":"product","2":"type-product","3":"status-publish","5":"product_cat-genel-konular","6":"product_cat-kisisel-gelisim","7":"pa_tur-kitap10","8":"pa_yayinevi-remzi-kitabevi","9":"pa_yazar-binhan-dirilgen-ozlem-gocek-feyzan-okmen","11":"first","12":"instock","13":"sale","14":"shipping-taxable","15":"purchasable","16":"product-type-simple"},"_links":{"self":[{"href":"https:\/\/roveyayinevi.com.tr\/index.php\/wp-json\/wp\/v2\/product\/763755","targetHints":{"allow":["GET"]}}],"collection":[{"href":"https:\/\/roveyayinevi.com.tr\/index.php\/wp-json\/wp\/v2\/product"}],"about":[{"href":"https:\/\/roveyayinevi.com.tr\/index.php\/wp-json\/wp\/v2\/types\/product"}],"wp:attachment":[{"href":"https:\/\/roveyayinevi.com.tr\/index.php\/wp-json\/wp\/v2\/media?parent=763755"}],"wp:term":[{"taxonomy":"product_brand","embeddable":true,"href":"https:\/\/roveyayinevi.com.tr\/index.php\/wp-json\/wp\/v2\/product_brand?post=763755"},{"taxonomy":"product_cat","embeddable":true,"href":"https:\/\/roveyayinevi.com.tr\/index.php\/wp-json\/wp\/v2\/product_cat?post=763755"},{"taxonomy":"product_tag","embeddable":true,"href":"https:\/\/roveyayinevi.com.tr\/index.php\/wp-json\/wp\/v2\/product_tag?post=763755"}],"curies":[{"name":"wp","href":"https:\/\/api.w.org\/{rel}","templated":true}]}}