{"id":763754,"date":"2025-08-28T10:50:57","date_gmt":"2025-08-28T07:50:57","guid":{"rendered":"https:\/\/roveyayinevi.com.tr\/index.php\/urun\/buyuk-dusunurler\/"},"modified":"2026-04-15T03:29:42","modified_gmt":"2026-04-15T00:29:42","slug":"buyuk-dusunurler","status":"publish","type":"product","link":"https:\/\/roveyayinevi.com.tr\/index.php\/urun\/buyuk-dusunurler\/","title":{"rendered":"B\u00fcy\u00fck  D\u00fc\u015f\u00fcn\u00fcrler"},"content":{"rendered":"<p>B\u00fcy\u00fck D\u00fc\u015f\u00fcn\u00fcrler, Do\u011fu ve Bat\u0131 d\u00fc\u015f\u00fcnce tarzlar\u0131n\u0131n \u00f6nemli temsilcilerinden olu\u015fan ve \u00f6nemli eserleri i\u00e7eren bir kaynak kitap niteli\u011findedir. Sanattan mimariye, psikolojiden sosyolojiye, felsefeden psikoterapiye kadar bir\u00e7ok alanda, kendisini ya\u015fama \u0131\u015f\u0131k tutmaya adayan ki\u015filerin d\u00fc\u015f\u00fcncelerini ele al\u0131r ve okuyucuya farkl\u0131 bir bak\u0131\u015f a\u00e7\u0131s\u0131 sunar.  Bu kitap farkl\u0131 y\u0131llarda ya\u015fam\u0131\u015f ve bulundu\u011fu zamanda fark yaratm\u0131\u015f b\u00fcy\u00fck d\u00fc\u015f\u00fcn\u00fcrlerin en ilgin\u00e7 d\u00fc\u015f\u00fcnce ak\u0131mlar\u0131n\u0131 ve felsefi yakla\u015f\u0131mlar\u0131n\u0131 merakl\u0131lar\u0131yla bulu\u015fturmay\u0131 hedeflemi\u015ftir. Freud\u2019dan Lao Tzu\u2019ya, St. Benedict\u2019ten Coco Chanel\u2019e kadar bir\u00e7ok isim yapt\u0131klar\u0131yla ve d\u00fc\u015f\u00fcnceleriyle siz okuyuculara ilham olmak i\u00e7in bu kitapta topland\u0131. G\u00fcnl\u00fck hayat\u0131 kolayla\u015ft\u0131r\u0131c\u0131 bir \u00f6zellik ta\u015f\u0131yan bu felsefi yolculuk, anlam aray\u0131\u015f\u0131ndaki pek \u00e7ok ki\u015fiye \u00f6nemli bir ilham kayna\u011f\u0131 olacakt\u0131r.<\/p>\n","protected":false},"excerpt":{"rendered":"<p>B\u00fcy\u00fck D\u00fc\u015f\u00fcn\u00fcrler, Do\u011fu ve Bat\u0131 d\u00fc\u015f\u00fcnce tarzlar\u0131n\u0131n \u00f6nemli temsilcilerinden olu\u015fan ve \u00f6nemli eserleri i\u00e7eren bir kaynak kitap niteli\u011findedir. Sanattan mimariye, psikolojiden sosyolojiye, felsefeden psikoterapiye kadar bir\u00e7ok<span class=\"excerpt-hellip\"> [\u2026]<\/span><\/p>\n","protected":false},"featured_media":0,"template":"","meta":{"_monsterinsights_skip_tracking":false,"_monsterinsights_sitenote_active":false,"_monsterinsights_sitenote_note":"","_monsterinsights_sitenote_category":0},"product_brand":[],"product_cat":[16038,12388],"product_tag":[],"class_list":{"0":"post-763754","1":"product","2":"type-product","3":"status-publish","5":"product_cat-arastirma-inceleme-referans-felsefe","6":"product_cat-felsefe","7":"pa_cilt-ciltsiz","8":"pa_tur-kitap","9":"pa_yayinevi-mona-kitap","10":"pa_yazar-kolektif","12":"first","13":"instock","14":"sale","15":"shipping-taxable","16":"purchasable","17":"product-type-simple"},"_links":{"self":[{"href":"https:\/\/roveyayinevi.com.tr\/index.php\/wp-json\/wp\/v2\/product\/763754","targetHints":{"allow":["GET"]}}],"collection":[{"href":"https:\/\/roveyayinevi.com.tr\/index.php\/wp-json\/wp\/v2\/product"}],"about":[{"href":"https:\/\/roveyayinevi.com.tr\/index.php\/wp-json\/wp\/v2\/types\/product"}],"wp:attachment":[{"href":"https:\/\/roveyayinevi.com.tr\/index.php\/wp-json\/wp\/v2\/media?parent=763754"}],"wp:term":[{"taxonomy":"product_brand","embeddable":true,"href":"https:\/\/roveyayinevi.com.tr\/index.php\/wp-json\/wp\/v2\/product_brand?post=763754"},{"taxonomy":"product_cat","embeddable":true,"href":"https:\/\/roveyayinevi.com.tr\/index.php\/wp-json\/wp\/v2\/product_cat?post=763754"},{"taxonomy":"product_tag","embeddable":true,"href":"https:\/\/roveyayinevi.com.tr\/index.php\/wp-json\/wp\/v2\/product_tag?post=763754"}],"curies":[{"name":"wp","href":"https:\/\/api.w.org\/{rel}","templated":true}]}}