{"id":763753,"date":"2025-08-28T10:50:54","date_gmt":"2025-08-28T07:50:54","guid":{"rendered":"https:\/\/roveyayinevi.com.tr\/index.php\/urun\/gamlar\/"},"modified":"2026-04-15T03:29:42","modified_gmt":"2026-04-15T00:29:42","slug":"gamlar","status":"publish","type":"product","link":"https:\/\/roveyayinevi.com.tr\/index.php\/urun\/gamlar\/","title":{"rendered":"Gamlar"},"content":{"rendered":"<p>\u201cHen\u00fcz bestelenmemi\u015f m\u00fczi\u011fi duymas\u0131n\u0131 sa\u011flad\u0131\u011f\u0131m\u0131 ve onu benim i\u00e7in besteleyece\u011fini s\u00f6yl\u00fcyordu.\u201d   Sayg\u0131n bir viyolonist olan Jean St-Arnaud, \u00f6\u011fretmenlik yapmak i\u00e7in y\u0131llar sonra yeniden Montr\u00e9al\u2019e d\u00f6nm\u00fc\u015ft\u00fcr. Burada y\u0131llar \u00f6ncesinden tan\u0131d\u0131\u011f\u0131 Faustine Favrau ile kar\u015f\u0131la\u015fmas\u0131n\u0131n ard\u0131ndan ge\u00e7mi\u015fin hayaletleri pe\u015fine d\u00fc\u015fer. Jean iki kur\u015fun yemi\u015f, hayat\u0131n\u0131n kalan\u0131nda tekerlekli sandalyeye mahk\u00fbm olmu\u015ftur. Zeki bir dedektif olan Mar\u00e9chal, olay\u0131 ayd\u0131nlatmak i\u00e7in yard\u0131mc\u0131s\u0131 Serge ile birlikte titiz bir soru\u015fturma y\u00fcr\u00fctecektir.   Gamlar, notalarla \u00f6r\u00fclm\u00fc\u015f, ruhunun g\u0131das\u0131 m\u00fczik olanlar i\u00e7in son derece doyurucu bir eser. <\/p>\n","protected":false},"excerpt":{"rendered":"<p>\u201cHen\u00fcz bestelenmemi\u015f m\u00fczi\u011fi duymas\u0131n\u0131 sa\u011flad\u0131\u011f\u0131m\u0131 ve onu benim i\u00e7in besteleyece\u011fini s\u00f6yl\u00fcyordu.\u201d Sayg\u0131n bir viyolonist olan Jean St-Arnaud, \u00f6\u011fretmenlik yapmak i\u00e7in y\u0131llar sonra yeniden Montr\u00e9al\u2019e d\u00f6nm\u00fc\u015ft\u00fcr. Burada<span class=\"excerpt-hellip\"> [\u2026]<\/span><\/p>\n","protected":false},"featured_media":0,"template":"","meta":{"_monsterinsights_skip_tracking":false,"_monsterinsights_sitenote_active":false,"_monsterinsights_sitenote_note":"","_monsterinsights_sitenote_category":0},"product_brand":[],"product_cat":[12291,12711],"product_tag":[],"class_list":{"0":"post-763753","1":"product","2":"type-product","3":"status-publish","5":"product_cat-edebiyat","6":"product_cat-roman-oyku","7":"pa_cilt-ciltsiz","8":"pa_tur-kitap","9":"pa_yayinevi-ayrikotu-yayinlari","10":"pa_yazar-christine-daffe","12":"first","13":"instock","14":"sale","15":"shipping-taxable","16":"purchasable","17":"product-type-simple"},"_links":{"self":[{"href":"https:\/\/roveyayinevi.com.tr\/index.php\/wp-json\/wp\/v2\/product\/763753","targetHints":{"allow":["GET"]}}],"collection":[{"href":"https:\/\/roveyayinevi.com.tr\/index.php\/wp-json\/wp\/v2\/product"}],"about":[{"href":"https:\/\/roveyayinevi.com.tr\/index.php\/wp-json\/wp\/v2\/types\/product"}],"wp:attachment":[{"href":"https:\/\/roveyayinevi.com.tr\/index.php\/wp-json\/wp\/v2\/media?parent=763753"}],"wp:term":[{"taxonomy":"product_brand","embeddable":true,"href":"https:\/\/roveyayinevi.com.tr\/index.php\/wp-json\/wp\/v2\/product_brand?post=763753"},{"taxonomy":"product_cat","embeddable":true,"href":"https:\/\/roveyayinevi.com.tr\/index.php\/wp-json\/wp\/v2\/product_cat?post=763753"},{"taxonomy":"product_tag","embeddable":true,"href":"https:\/\/roveyayinevi.com.tr\/index.php\/wp-json\/wp\/v2\/product_tag?post=763753"}],"curies":[{"name":"wp","href":"https:\/\/api.w.org\/{rel}","templated":true}]}}