{"id":763752,"date":"2025-08-28T10:50:52","date_gmt":"2025-08-28T07:50:52","guid":{"rendered":"https:\/\/roveyayinevi.com.tr\/index.php\/urun\/her-sey-bitmeden-gece-olmadan\/"},"modified":"2026-02-02T03:24:39","modified_gmt":"2026-02-02T00:24:39","slug":"her-sey-bitmeden-gece-olmadan","status":"publish","type":"product","link":"https:\/\/roveyayinevi.com.tr\/index.php\/urun\/her-sey-bitmeden-gece-olmadan\/","title":{"rendered":"Her \u015eey Bitmeden, Gece Olmadan"},"content":{"rendered":"<p>Nahid S\u0131rr\u0131\u2019n\u0131n sa\u011fl\u0131\u011f\u0131nda kitapla\u015fmayan eserlerinden biri olan Her \u015eey Bitmeden, Gece Olmadan, 1951 y\u0131l\u0131nda Son Telgraf \u2019ta tefrika edilir. Roman \u0130stanbul\u2019dan Ankara\u2019ya uzan\u0131r; Ankara\u2019y\u0131, Ankara\u2019n\u0131n \u00f6zelinde bir Yahudi mahallesini ve bu mahalledeki bir Yahudi evini, pansiyonunu anlatmaya koyulur. Roman\u0131n ve pansiyonun oda\u011f\u0131 \u0130stanbul\u2019dan gelme Semiha, elli be\u015finde Jozef (Yasef ) Tudela ve Jozef Tudela\u2019n\u0131n ondan daha ya\u015fl\u0131 g\u00f6r\u00fcnen kar\u0131s\u0131 Rebeka Tudela\u2019d\u0131r.   Son Telgraf \u2019ta tefrika edilen roman\u0131n ad\u0131 Gece Olmadan\u2019d\u0131r. Ancak daha sonra yazar, kendi el yaz\u0131s\u0131yla tefrika \u00fczerine yapt\u0131\u011f\u0131 d\u00fczenlemelerde roman\u0131n ad\u0131n\u0131 Her \u015eey Bitmeden olarak de\u011fi\u015ftirir. Roman\u0131n her iki ismi de, roman\u0131n sayfalar\u0131 aras\u0131nda, pe\u015f pe\u015fe yer al\u0131r: (Jozef Tudela), nihayet \u00f6l\u00fcmden evvel ve tamam\u0131yla ihtiyar olmadan, her \u015fey bitmeden, gece olmadan evvel a\u015fk\u0131 tadacakt\u0131. Hi\u00e7 de\u011filse \u0131st\u0131raplar\u0131yla, hen\u00fcz \u0131st\u0131rap \u00e7ekmeye takati varken tadacakt\u0131. Bu nedenle, Bahriye \u00c7eri\u2019nin tefrika ve yazar\u0131n el yaz\u0131s\u0131 notlar\u0131n\u0131 kar\u015f\u0131la\u015ft\u0131rmas\u0131yla dipnotland\u0131rarak yay\u0131ma haz\u0131rlad\u0131\u011f\u0131 roman, Her \u015eey Bitmeden, Gece Olmadan ad\u0131yla sunulurken yazar\u0131n N.S. imzas\u0131 ile 1938\u2019de Yeni Sabah\u2019ta yay\u0131mlad\u0131\u011f\u0131 Zehir adl\u0131 \u00f6yk\u00fcs\u00fc de \u2013romandan baz\u0131 sahnelerle benzerlik ta\u015f\u0131d\u0131\u011f\u0131 i\u00e7in\u2013 ilk kez bu kitapta okurla bulu\u015fuyor.<\/p>\n","protected":false},"excerpt":{"rendered":"<p>Nahid S\u0131rr\u0131\u2019n\u0131n sa\u011fl\u0131\u011f\u0131nda kitapla\u015fmayan eserlerinden biri olan Her \u015eey Bitmeden, Gece Olmadan, 1951 y\u0131l\u0131nda Son Telgraf \u2019ta tefrika edilir. Roman \u0130stanbul\u2019dan Ankara\u2019ya uzan\u0131r; Ankara\u2019y\u0131, Ankara\u2019n\u0131n \u00f6zelinde<span class=\"excerpt-hellip\"> [\u2026]<\/span><\/p>\n","protected":false},"featured_media":0,"template":"","meta":{"_monsterinsights_skip_tracking":false,"_monsterinsights_sitenote_active":false,"_monsterinsights_sitenote_note":"","_monsterinsights_sitenote_category":0},"product_brand":[],"product_cat":[12291,12711],"product_tag":[],"class_list":{"0":"post-763752","1":"product","2":"type-product","3":"status-publish","5":"product_cat-edebiyat","6":"product_cat-roman-oyku","7":"pa_cilt-ciltsiz","8":"pa_tur-kitap","9":"pa_yayinevi-everest-yayinlari","10":"pa_yazar-nahid-sirri-orik","12":"first","13":"instock","14":"sale","15":"shipping-taxable","16":"purchasable","17":"product-type-simple"},"_links":{"self":[{"href":"https:\/\/roveyayinevi.com.tr\/index.php\/wp-json\/wp\/v2\/product\/763752","targetHints":{"allow":["GET"]}}],"collection":[{"href":"https:\/\/roveyayinevi.com.tr\/index.php\/wp-json\/wp\/v2\/product"}],"about":[{"href":"https:\/\/roveyayinevi.com.tr\/index.php\/wp-json\/wp\/v2\/types\/product"}],"wp:attachment":[{"href":"https:\/\/roveyayinevi.com.tr\/index.php\/wp-json\/wp\/v2\/media?parent=763752"}],"wp:term":[{"taxonomy":"product_brand","embeddable":true,"href":"https:\/\/roveyayinevi.com.tr\/index.php\/wp-json\/wp\/v2\/product_brand?post=763752"},{"taxonomy":"product_cat","embeddable":true,"href":"https:\/\/roveyayinevi.com.tr\/index.php\/wp-json\/wp\/v2\/product_cat?post=763752"},{"taxonomy":"product_tag","embeddable":true,"href":"https:\/\/roveyayinevi.com.tr\/index.php\/wp-json\/wp\/v2\/product_tag?post=763752"}],"curies":[{"name":"wp","href":"https:\/\/api.w.org\/{rel}","templated":true}]}}