{"id":763750,"date":"2025-08-28T10:50:48","date_gmt":"2025-08-28T07:50:48","guid":{"rendered":"https:\/\/roveyayinevi.com.tr\/index.php\/urun\/karanlik-sular-golem\/"},"modified":"2026-04-15T03:29:42","modified_gmt":"2026-04-15T00:29:42","slug":"karanlik-sular-golem","status":"publish","type":"product","link":"https:\/\/roveyayinevi.com.tr\/index.php\/urun\/karanlik-sular-golem\/","title":{"rendered":"Karanl\u0131k Sular &#8211; Golem"},"content":{"rendered":"<p>Gustav Meyrink\u2019in \u00fcnl\u00fc fantastik roman\u0131 Golem, Haham L\u00f6w\u2019\u00fcn eski Prag efsanesini, onun kilden yaratt\u0131\u011f\u0131 yapay insan\u0131 konu al\u0131r. Yar\u0131 uyku halindeki anlat\u0131c\u0131, r\u00fcyas\u0131nda Yahudi mahallesinin labirent gibi sokaklar\u0131nda Golem\u2019le kar\u015f\u0131la\u015ft\u0131\u011f\u0131n\u0131 g\u00f6r\u00fcr. Kasvetli ve \u015feytani ortama a\u015fk, tutku, korku ve su\u00e7tan olu\u015fan gergin bir atmosfer h\u00e2kimdir. Anlat\u0131c\u0131 tekrar uyand\u0131\u011f\u0131nda, k\u00e2busunda g\u00f6rd\u00fc\u011f\u00fc \u015feylerin izleri pe\u015fini b\u0131rakmaz. Karabasan\u0131n\u0131n fantastik d\u00fcnyas\u0131 gitgide g\u00fcndelik hayat\u0131n\u0131 ele ge\u00e7irir. Kabala, M\u0131s\u0131r gizemleri ve Hint teozofisine g\u00f6ndermeler de i\u00e7eren Golem, 1967\u2019de Jean Kerchbron ve 1980\u2019de Piotr Szulkin y\u00f6netmenli\u011finde sinemaya da uyarlanm\u0131\u015ft\u0131r. \u201cA\u015fa\u011f\u0131 yukar\u0131 otuz \u00fc\u00e7 y\u0131lda bir sokaklar\u0131m\u0131zda, pek s\u0131rad\u0131\u015f\u0131 olmad\u0131\u011f\u0131 gibi hi\u00e7bir a\u00e7\u0131klamas\u0131 ya da gerek\u00e7esi de olmamas\u0131na ra\u011fmen korku salan bir olay tekrarlan\u0131yor: Sakals\u0131z, sar\u0131 benizli ve Mo\u011follara \u00f6zg\u00fc y\u00fcz hatlar\u0131na sahip tamamen yabanc\u0131 biri, solmu\u015f demode giysiler i\u00e7inde, d\u00fczenli ve sanki her an \u00f6ne do\u011fru devrilecekmi\u015f gibi kendine \u00f6zg\u00fc bir bi\u00e7imde sendeleyen bir y\u00fcr\u00fcy\u00fc\u015fle Altschul Soka\u011f\u0131 y\u00f6n\u00fcnden gelerek tekrar tekrar Yahudi mahallesinden ge\u00e7iyor ve aniden g\u00f6r\u00fcnmez oluyor.\u201d<\/p>\n","protected":false},"excerpt":{"rendered":"<p>Gustav Meyrink\u2019in \u00fcnl\u00fc fantastik roman\u0131 Golem, Haham L\u00f6w\u2019\u00fcn eski Prag efsanesini, onun kilden yaratt\u0131\u011f\u0131 yapay insan\u0131 konu al\u0131r. Yar\u0131 uyku halindeki anlat\u0131c\u0131, r\u00fcyas\u0131nda Yahudi mahallesinin labirent<span class=\"excerpt-hellip\"> [\u2026]<\/span><\/p>\n","protected":false},"featured_media":0,"template":"","meta":{"_monsterinsights_skip_tracking":false,"_monsterinsights_sitenote_active":false,"_monsterinsights_sitenote_note":"","_monsterinsights_sitenote_category":0},"product_brand":[],"product_cat":[12291,12711],"product_tag":[],"class_list":{"0":"post-763750","1":"product","2":"type-product","3":"status-publish","5":"product_cat-edebiyat","6":"product_cat-roman-oyku","7":"pa_cilt-ciltsiz","8":"pa_tur-kitap","9":"pa_yayinevi-everest-yayinlari","10":"pa_yazar-gustav-meyrink","12":"first","13":"instock","14":"sale","15":"shipping-taxable","16":"purchasable","17":"product-type-simple"},"_links":{"self":[{"href":"https:\/\/roveyayinevi.com.tr\/index.php\/wp-json\/wp\/v2\/product\/763750","targetHints":{"allow":["GET"]}}],"collection":[{"href":"https:\/\/roveyayinevi.com.tr\/index.php\/wp-json\/wp\/v2\/product"}],"about":[{"href":"https:\/\/roveyayinevi.com.tr\/index.php\/wp-json\/wp\/v2\/types\/product"}],"wp:attachment":[{"href":"https:\/\/roveyayinevi.com.tr\/index.php\/wp-json\/wp\/v2\/media?parent=763750"}],"wp:term":[{"taxonomy":"product_brand","embeddable":true,"href":"https:\/\/roveyayinevi.com.tr\/index.php\/wp-json\/wp\/v2\/product_brand?post=763750"},{"taxonomy":"product_cat","embeddable":true,"href":"https:\/\/roveyayinevi.com.tr\/index.php\/wp-json\/wp\/v2\/product_cat?post=763750"},{"taxonomy":"product_tag","embeddable":true,"href":"https:\/\/roveyayinevi.com.tr\/index.php\/wp-json\/wp\/v2\/product_tag?post=763750"}],"curies":[{"name":"wp","href":"https:\/\/api.w.org\/{rel}","templated":true}]}}