{"id":763748,"date":"2025-08-28T10:50:43","date_gmt":"2025-08-28T07:50:43","guid":{"rendered":"https:\/\/roveyayinevi.com.tr\/index.php\/urun\/heyulanin-donusu\/"},"modified":"2026-04-15T03:29:42","modified_gmt":"2026-04-15T00:29:42","slug":"heyulanin-donusu","status":"publish","type":"product","link":"https:\/\/roveyayinevi.com.tr\/index.php\/urun\/heyulanin-donusu\/","title":{"rendered":"Heyulan\u0131n D\u00f6n\u00fc\u015f\u00fc"},"content":{"rendered":"<p>Gidip de d\u00f6nememek d\u00f6n\u00fcp de bulamamak var. Bir de heyula olmak&#8230;   12 Eyl\u00fcl d\u00f6neminde siyasi nedenlerle \u00fclkesinden \u00e7\u0131k\u0131p \u201c\u00f6teki d\u00fcnyay\u0131 boylayan\u201d kahraman\u0131m\u0131z, 90\u2019lar\u0131n ba\u015f\u0131nda s\u00fcrg\u00fcnden d\u00f6nd\u00fc\u011f\u00fcnde her \u015fey de\u011fi\u015fmi\u015ftir. Gerek \u00fclke gerekse aile i\u00e7inde ya\u015fanan b\u00fcy\u00fck de\u011fi\u015fimlere hem \u00e7ok i\u00e7eriden hem de gayet yabanc\u0131 bir pencereden bakar. Tarafs\u0131z g\u00f6zlerle de\u011fi\u015fimi s\u00fczen heyula \u00e2deta 360 derecelik bir bak\u0131\u015f a\u00e7\u0131s\u0131yla \u00f6n\u00fcm\u00fcze bir T\u00fcrkiye panoramas\u0131 koyar.   Yol, Yolcu ve Yolculuk ba\u015fl\u0131klar\u0131ndan ve b\u00f6l\u00fcm aralar\u0131ndaki dipnotlarla parantezlerden olu\u015fan \u00f6zg\u00fcn kurgusu ve ironik diliyle Heyulan\u0131n D\u00f6n\u00fc\u015f\u00fc, Yi\u011fit Bener\u2019in kaleminden \u00e7\u0131km\u0131\u015f cesur bir ele\u015ftiri\/\u00f6zele\u015ftiri roman\u0131. 2012\u2019de Orhan Kemal Roman Arma\u011fan\u0131\u2019n\u0131 alan yap\u0131t; \u00f6tekili\u011fe, ideolojik kal\u0131plara, siyasi simgelere, hayat\u0131n anlam\u0131na, \u00fcniformalara, dinlere ve dillere, ya\u015fama ve \u00f6l\u00fcme dair bir manifesto.   Yi\u011fit Bener\u2019se, \u2018Heyulan\u0131n D\u00f6n\u00fc\u015f\u00fc\u2019nde, bug\u00fcne kadar hep ger\u00e7ek\u00e7ilikle, hatta \u00e7\u0131plak ger\u00e7ek\u00e7ilikle yakla\u015f\u0131lm\u0131\u015f \u2018bask\u0131 d\u00f6nemleri\u2019ni ironik yakla\u015f\u0131mla de\u011ferlendirmi\u015f. Sonu\u00e7 enikonu etkileyici: Bener, bug\u00fcne kadar hep belli s\u00fcre\u00e7lerle de\u011ferlendirilmi\u015f bask\u0131 d\u00f6nemlerini b\u00fct\u00fcn bir ya\u015fay\u0131\u015f\u0131m\u0131za, toplumsal ve ki\u015fisel ya\u015fay\u0131\u015flar\u0131m\u0131za savurup, f\u0131rlat\u0131p at\u0131yor. Handiyse, hep bask\u0131 d\u00f6nemleri! Ba\u015fka bir \u015fey yok! diyor romanc\u0131. Mutlaka okuyun\u2026   Selim \u0130leri <\/p>\n","protected":false},"excerpt":{"rendered":"<p>Gidip de d\u00f6nememek d\u00f6n\u00fcp de bulamamak var. Bir de heyula olmak&#8230; 12 Eyl\u00fcl d\u00f6neminde siyasi nedenlerle \u00fclkesinden \u00e7\u0131k\u0131p \u201c\u00f6teki d\u00fcnyay\u0131 boylayan\u201d kahraman\u0131m\u0131z, 90\u2019lar\u0131n ba\u015f\u0131nda s\u00fcrg\u00fcnden d\u00f6nd\u00fc\u011f\u00fcnde<span class=\"excerpt-hellip\"> [\u2026]<\/span><\/p>\n","protected":false},"featured_media":0,"template":"","meta":{"_monsterinsights_skip_tracking":false,"_monsterinsights_sitenote_active":false,"_monsterinsights_sitenote_note":"","_monsterinsights_sitenote_category":0},"product_brand":[],"product_cat":[12291,12711],"product_tag":[],"class_list":{"0":"post-763748","1":"product","2":"type-product","3":"status-publish","5":"product_cat-edebiyat","6":"product_cat-roman-oyku","7":"pa_cilt-ciltsiz","8":"pa_tur-kitap","9":"pa_yayinevi-everest-yayinlari","10":"pa_yazar-yigit-bener","12":"first","13":"instock","14":"sale","15":"shipping-taxable","16":"purchasable","17":"product-type-simple"},"_links":{"self":[{"href":"https:\/\/roveyayinevi.com.tr\/index.php\/wp-json\/wp\/v2\/product\/763748","targetHints":{"allow":["GET"]}}],"collection":[{"href":"https:\/\/roveyayinevi.com.tr\/index.php\/wp-json\/wp\/v2\/product"}],"about":[{"href":"https:\/\/roveyayinevi.com.tr\/index.php\/wp-json\/wp\/v2\/types\/product"}],"wp:attachment":[{"href":"https:\/\/roveyayinevi.com.tr\/index.php\/wp-json\/wp\/v2\/media?parent=763748"}],"wp:term":[{"taxonomy":"product_brand","embeddable":true,"href":"https:\/\/roveyayinevi.com.tr\/index.php\/wp-json\/wp\/v2\/product_brand?post=763748"},{"taxonomy":"product_cat","embeddable":true,"href":"https:\/\/roveyayinevi.com.tr\/index.php\/wp-json\/wp\/v2\/product_cat?post=763748"},{"taxonomy":"product_tag","embeddable":true,"href":"https:\/\/roveyayinevi.com.tr\/index.php\/wp-json\/wp\/v2\/product_tag?post=763748"}],"curies":[{"name":"wp","href":"https:\/\/api.w.org\/{rel}","templated":true}]}}