{"id":763747,"date":"2025-08-28T10:50:41","date_gmt":"2025-08-28T07:50:41","guid":{"rendered":"https:\/\/roveyayinevi.com.tr\/index.php\/urun\/dusuncenin-ugursuz-kaderi\/"},"modified":"2026-04-15T03:29:42","modified_gmt":"2026-04-15T00:29:42","slug":"dusuncenin-ugursuz-kaderi","status":"publish","type":"product","link":"https:\/\/roveyayinevi.com.tr\/index.php\/urun\/dusuncenin-ugursuz-kaderi\/","title":{"rendered":"D\u00fc\u015f\u00fcncenin U\u011fursuz Kaderi"},"content":{"rendered":"<p>&#8220;Edebiyatta 19. y\u00fczy\u0131l\u0131n \u2018hacimli\u2019 romanlar\u0131n\u0131n veya 20. y\u00fczy\u0131l ba\u015flar\u0131n\u0131n modernist anlat\u0131lar\u0131n\u0131n yerini bug\u00fcn y\u00fcz k\u00fcsur sayfal\u0131k \u2018novella\u2019lar\u0131n alm\u0131\u015f olmas\u0131 yeni bir sanatsal \u00fcretim \u00e7a\u011f\u0131n\u0131n habercisi de\u011filse nedir?\u201d D\u00fc\u015f\u00fcncenin U\u011fursuz Kaderi\u2019nde, Bar\u0131\u015f \u00d6zkul\u2019un edebiyat ve sanat eserlerine toplumsal ideolojiler, k\u00fclt\u00fcrel ve siyasal zihniyetler penceresinden bakan yaz\u0131lar\u0131 bir araya geliyor. Dostoyevski\u2019den George Orwell\u2019a, Yahya Kemal\u2019den Nurullah Ata\u00e7 ve Kemal Tahir\u2019e, Nuri Bilge Ceylan\u2019dan Emin Alper\u2019e bir\u00e7ok ismin eserleri \u00fczerinden yola \u00e7\u0131kan bu yaz\u0131lar, sanat\u00e7\u0131lar\u0131n d\u00f6nemlerinin ruhu ve ideolojileriyle kurduklar\u0131 ili\u015fkileri, o ili\u015fkilerin eserlerine ne derece yans\u0131d\u0131\u011f\u0131n\u0131, k\u00fclt\u00fcrel ve siyasal zihniyetlerin yarat\u0131c\u0131 s\u00fcre\u00e7leri ne derece besledi\u011fi ya da sekteye u\u011fratt\u0131\u011f\u0131n\u0131 g\u00f6sterirken, eser-sanat\u00e7\u0131 denklemi i\u00e7erisinde eserin \u00f6zerk konumunun \u00f6nemini vurguluyor.<\/p>\n","protected":false},"excerpt":{"rendered":"<p>&#8220;Edebiyatta 19. y\u00fczy\u0131l\u0131n \u2018hacimli\u2019 romanlar\u0131n\u0131n veya 20. y\u00fczy\u0131l ba\u015flar\u0131n\u0131n modernist anlat\u0131lar\u0131n\u0131n yerini bug\u00fcn y\u00fcz k\u00fcsur sayfal\u0131k \u2018novella\u2019lar\u0131n alm\u0131\u015f olmas\u0131 yeni bir sanatsal \u00fcretim \u00e7a\u011f\u0131n\u0131n habercisi de\u011filse<span class=\"excerpt-hellip\"> [\u2026]<\/span><\/p>\n","protected":false},"featured_media":0,"template":"","meta":{"_monsterinsights_skip_tracking":false,"_monsterinsights_sitenote_active":false,"_monsterinsights_sitenote_note":"","_monsterinsights_sitenote_category":0},"product_brand":[],"product_cat":[13072,12291],"product_tag":[],"class_list":{"0":"post-763747","1":"product","2":"type-product","3":"status-publish","5":"product_cat-arastirma-inceleme-referans","6":"product_cat-edebiyat","7":"pa_cilt-ciltsiz","8":"pa_tur-kitap","9":"pa_yayinevi-iletisim-yayinlari","10":"pa_yazar-baris-ozkul","12":"first","13":"instock","14":"sale","15":"shipping-taxable","16":"purchasable","17":"product-type-simple"},"_links":{"self":[{"href":"https:\/\/roveyayinevi.com.tr\/index.php\/wp-json\/wp\/v2\/product\/763747","targetHints":{"allow":["GET"]}}],"collection":[{"href":"https:\/\/roveyayinevi.com.tr\/index.php\/wp-json\/wp\/v2\/product"}],"about":[{"href":"https:\/\/roveyayinevi.com.tr\/index.php\/wp-json\/wp\/v2\/types\/product"}],"wp:attachment":[{"href":"https:\/\/roveyayinevi.com.tr\/index.php\/wp-json\/wp\/v2\/media?parent=763747"}],"wp:term":[{"taxonomy":"product_brand","embeddable":true,"href":"https:\/\/roveyayinevi.com.tr\/index.php\/wp-json\/wp\/v2\/product_brand?post=763747"},{"taxonomy":"product_cat","embeddable":true,"href":"https:\/\/roveyayinevi.com.tr\/index.php\/wp-json\/wp\/v2\/product_cat?post=763747"},{"taxonomy":"product_tag","embeddable":true,"href":"https:\/\/roveyayinevi.com.tr\/index.php\/wp-json\/wp\/v2\/product_tag?post=763747"}],"curies":[{"name":"wp","href":"https:\/\/api.w.org\/{rel}","templated":true}]}}