{"id":763746,"date":"2025-08-28T10:50:39","date_gmt":"2025-08-28T07:50:39","guid":{"rendered":"https:\/\/roveyayinevi.com.tr\/index.php\/urun\/efendi-puntila-ve-usagi-matti\/"},"modified":"2026-04-15T03:29:42","modified_gmt":"2026-04-15T00:29:42","slug":"efendi-puntila-ve-usagi-matti","status":"publish","type":"product","link":"https:\/\/roveyayinevi.com.tr\/index.php\/urun\/efendi-puntila-ve-usagi-matti\/","title":{"rendered":"Efendi Puntila ve U\u015fa\u011f\u0131 Matti"},"content":{"rendered":"<p>Efendi Puntila ve U\u015fa\u011f\u0131 Matti, Bertolt Brecht\u2019in 1940\u2019ta yazd\u0131\u011f\u0131 ve 1948\u2019de Kurt Hirschfeld y\u00f6netiminde Z\u00fcrih\u2019te pr\u00f6miyeri yap\u0131lan epik komedi oyunudur. Puntila, ay\u0131kken kapitalist d\u00fczenin kat\u0131 kurallar\u0131n\u0131n etkisinde kalan zalim bir s\u00f6m\u00fcr\u00fcc\u00fc, sarho\u015fkense insanc\u0131l y\u00f6nleri su y\u00fcz\u00fcne \u00e7\u0131kan hay\u0131rsever bir toprak a\u011fas\u0131d\u0131r. Puntila\u2019n\u0131n ikilemleri etraf\u0131nda \u015fekillenen oyun, Puntila ile u\u015fa\u011f\u0131 Matti\u2019nin s\u00fcrekli ikili bir bi\u00e7im alan ili\u015fkisini sosyoekonomik farkl\u0131l\u0131klar fonunda mizahi bir dille anlat\u0131yor. Puntila, ya\u015fad\u0131\u011f\u0131 dilemmalar y\u00fcz\u00fcnden ay\u0131kken k\u0131z\u0131n\u0131 zengin bir aristokratla, sarho\u015fken \u015fof\u00f6r\u00fc Matti\u2019yle evlendirmek ister. Matti, patronunun de\u011fi\u015fken ruh haline bir anlam veremese de onunla dostluk kurmaya \u00e7al\u0131\u015farak Eva\u2019ya yakla\u015fman\u0131n yollar\u0131n\u0131 arar. Puntila ile u\u015fa\u011f\u0131 Matti aras\u0131ndaki ikili ili\u015fki, Charlie Chaplin\u2019in \u015eehir I\u015f\u0131klar\u0131 (1931) filmindeki \u201cTramp\u201d ile \u201cMilyoner\u201d aras\u0131ndaki ili\u015fkiye benzemektedir.<\/p>\n","protected":false},"excerpt":{"rendered":"<p>Efendi Puntila ve U\u015fa\u011f\u0131 Matti, Bertolt Brecht\u2019in 1940\u2019ta yazd\u0131\u011f\u0131 ve 1948\u2019de Kurt Hirschfeld y\u00f6netiminde Z\u00fcrih\u2019te pr\u00f6miyeri yap\u0131lan epik komedi oyunudur. Puntila, ay\u0131kken kapitalist d\u00fczenin kat\u0131 kurallar\u0131n\u0131n<span class=\"excerpt-hellip\"> [\u2026]<\/span><\/p>\n","protected":false},"featured_media":0,"template":"","meta":{"_monsterinsights_skip_tracking":false,"_monsterinsights_sitenote_active":false,"_monsterinsights_sitenote_note":"","_monsterinsights_sitenote_category":0},"product_brand":[],"product_cat":[12291,15566],"product_tag":[],"class_list":{"0":"post-763746","1":"product","2":"type-product","3":"status-publish","5":"product_cat-edebiyat","6":"product_cat-oyun","7":"pa_cilt-ciltsiz","8":"pa_tur-kitap","9":"pa_yayinevi-everest-yayinlari","10":"pa_yazar-bertolt-brecht","12":"first","13":"instock","14":"sale","15":"shipping-taxable","16":"purchasable","17":"product-type-simple"},"_links":{"self":[{"href":"https:\/\/roveyayinevi.com.tr\/index.php\/wp-json\/wp\/v2\/product\/763746","targetHints":{"allow":["GET"]}}],"collection":[{"href":"https:\/\/roveyayinevi.com.tr\/index.php\/wp-json\/wp\/v2\/product"}],"about":[{"href":"https:\/\/roveyayinevi.com.tr\/index.php\/wp-json\/wp\/v2\/types\/product"}],"wp:attachment":[{"href":"https:\/\/roveyayinevi.com.tr\/index.php\/wp-json\/wp\/v2\/media?parent=763746"}],"wp:term":[{"taxonomy":"product_brand","embeddable":true,"href":"https:\/\/roveyayinevi.com.tr\/index.php\/wp-json\/wp\/v2\/product_brand?post=763746"},{"taxonomy":"product_cat","embeddable":true,"href":"https:\/\/roveyayinevi.com.tr\/index.php\/wp-json\/wp\/v2\/product_cat?post=763746"},{"taxonomy":"product_tag","embeddable":true,"href":"https:\/\/roveyayinevi.com.tr\/index.php\/wp-json\/wp\/v2\/product_tag?post=763746"}],"curies":[{"name":"wp","href":"https:\/\/api.w.org\/{rel}","templated":true}]}}