{"id":763744,"date":"2025-08-28T10:50:33","date_gmt":"2025-08-28T07:50:33","guid":{"rendered":"https:\/\/roveyayinevi.com.tr\/index.php\/urun\/kendi-heykelini-yontan-kadinlar\/"},"modified":"2026-04-15T03:29:42","modified_gmt":"2026-04-15T00:29:42","slug":"kendi-heykelini-yontan-kadinlar","status":"publish","type":"product","link":"https:\/\/roveyayinevi.com.tr\/index.php\/urun\/kendi-heykelini-yontan-kadinlar\/","title":{"rendered":"Kendi Heykelini Yontan Kad\u0131nlar"},"content":{"rendered":"<p>Nietzsche\u2019nin \u201cBir kafa ne denli do\u011fruya dayanabilir, ne denli do\u011fruyu g\u00f6ze alabilir?\u201d sorusuna cevap gibidir Leyl\u00e2 Erbil\u2019in yaz\u0131n d\u00fcnyas\u0131. Leyl\u00e2 Erbil\u2019de kendini betimlemenin, kendine bakman\u0131n, ele\u015ftirmenin, itiraf\u0131n hermeneutik rol\u00fcyle kendi kendinin yorumbilimcisi olman\u0131n, daima y\u00fczle\u015fmenin ve parrh\u00easiast\u00eas olarak ya\u015faman\u0131n y\u00fcceli\u011fiyle kurulu bir hayat\u0131n yaz\u0131s\u0131 okunur. Leyl\u00e2 Erbil, bireysel anlamda adalet sa\u011flaman\u0131n yolunu, kendili\u011fi \u00fczerine d\u00fc\u015f\u00fcnerek olu\u015fturur ve yaz\u0131s\u0131n\u0131 bu yolda kurgular. Gerekti\u011fi anda konu\u015fman\u0131n erdemli ya\u015famakla, haysiyetle sar\u0131l\u0131 bir s\u00f6ylem bi\u00e7imi oldu\u011funun fark\u0131ndad\u0131r.   Leyl\u00e2 Erbil, t\u0131pk\u0131 kaleme ald\u0131\u011f\u0131 kad\u0131n-yazarlar gibi kendili\u011fini in\u015fa etmek i\u00e7in \u00e7abalam\u0131\u015f, varl\u0131\u011f\u0131 ile hayata kar\u015f\u0131 direnmi\u015f bir yazar. Burcu \u015eahin de Kendi Heykelini Yontan Kad\u0131nlar\u2019da Leyl\u00e2 Erbil\u2019in romanlar\u0131n\u0131 \u201ckendilik bilinci\u201d a\u00e7\u0131s\u0131ndan inceliyor ve sat\u0131rlar aras\u0131nda hem yazar\u0131n hem de yaratt\u0131\u011f\u0131 kad\u0131n karakterlerin verdi\u011fi m\u00fccadelelerin izini s\u00fcr\u00fcyor. Leyl\u00e2 Erbil\u2019le, Kalan roman\u0131n\u0131 yazd\u0131\u011f\u0131 d\u00f6nem tesad\u00fcfen tan\u0131\u015fan ve bu k\u0131sa g\u00f6r\u00fc\u015fmenin etkisinden uzun s\u00fcre \u00e7\u0131kamayan, doktora tezi i\u00e7in buradan ilmekler yakalayan Burcu \u015eahin, aitsiz kimlikler etraf\u0131nda bir tema \u00f6rmeye ba\u015flar. Erbil\u2019in karakterlerinin ve meydan okuma y\u00f6ntemlerinin Foucault\u2019dan yola \u00e7\u0131karak derin analizini yapar. Romanlardaki kendilik pratiklerini, \u00f6znellik, sorumluluk, erdem, haf\u0131za ve kimlik gibi bir\u00e7ok farkl\u0131 a\u00e7\u0131dan irdeler. Bu kapsaml\u0131 inceleme, edebiyat ara\u015ft\u0131rmac\u0131lar\u0131 kadar Leyl\u00e2 Erbil okurlar\u0131 ve merakl\u0131lar\u0131 i\u00e7in de bir ba\u015fvuru kayna\u011f\u0131.<\/p>\n","protected":false},"excerpt":{"rendered":"<p>Nietzsche\u2019nin \u201cBir kafa ne denli do\u011fruya dayanabilir, ne denli do\u011fruyu g\u00f6ze alabilir?\u201d sorusuna cevap gibidir Leyl\u00e2 Erbil\u2019in yaz\u0131n d\u00fcnyas\u0131. Leyl\u00e2 Erbil\u2019de kendini betimlemenin, kendine bakman\u0131n, ele\u015ftirmenin,<span class=\"excerpt-hellip\"> [\u2026]<\/span><\/p>\n","protected":false},"featured_media":0,"template":"","meta":{"_monsterinsights_skip_tracking":false,"_monsterinsights_sitenote_active":false,"_monsterinsights_sitenote_note":"","_monsterinsights_sitenote_category":0},"product_brand":[],"product_cat":[12291,12711],"product_tag":[],"class_list":{"0":"post-763744","1":"product","2":"type-product","3":"status-publish","5":"product_cat-edebiyat","6":"product_cat-roman-oyku","7":"pa_cilt-ciltsiz","8":"pa_tur-kitap","9":"pa_yayinevi-everest-yayinlari","10":"pa_yazar-burcu-sahin-aslan-erdem","12":"first","13":"instock","14":"sale","15":"shipping-taxable","16":"purchasable","17":"product-type-simple"},"_links":{"self":[{"href":"https:\/\/roveyayinevi.com.tr\/index.php\/wp-json\/wp\/v2\/product\/763744","targetHints":{"allow":["GET"]}}],"collection":[{"href":"https:\/\/roveyayinevi.com.tr\/index.php\/wp-json\/wp\/v2\/product"}],"about":[{"href":"https:\/\/roveyayinevi.com.tr\/index.php\/wp-json\/wp\/v2\/types\/product"}],"wp:attachment":[{"href":"https:\/\/roveyayinevi.com.tr\/index.php\/wp-json\/wp\/v2\/media?parent=763744"}],"wp:term":[{"taxonomy":"product_brand","embeddable":true,"href":"https:\/\/roveyayinevi.com.tr\/index.php\/wp-json\/wp\/v2\/product_brand?post=763744"},{"taxonomy":"product_cat","embeddable":true,"href":"https:\/\/roveyayinevi.com.tr\/index.php\/wp-json\/wp\/v2\/product_cat?post=763744"},{"taxonomy":"product_tag","embeddable":true,"href":"https:\/\/roveyayinevi.com.tr\/index.php\/wp-json\/wp\/v2\/product_tag?post=763744"}],"curies":[{"name":"wp","href":"https:\/\/api.w.org\/{rel}","templated":true}]}}