{"id":763743,"date":"2025-08-28T10:50:31","date_gmt":"2025-08-28T07:50:31","guid":{"rendered":"https:\/\/roveyayinevi.com.tr\/index.php\/urun\/sehrin-golgeleri\/"},"modified":"2026-04-15T03:29:42","modified_gmt":"2026-04-15T00:29:42","slug":"sehrin-golgeleri","status":"publish","type":"product","link":"https:\/\/roveyayinevi.com.tr\/index.php\/urun\/sehrin-golgeleri\/","title":{"rendered":"\u015eehrin G\u00f6lgeleri"},"content":{"rendered":"<p>\u00d6l\u00fc \u015fehrimin insanlar\u0131, \u00f6l\u00fc \u015fairler gibidir \u00c7\u00fcnk\u00fc \u015fairler gibi \u015fehirlerin de \u00fclkede \u00d6ld\u00fckten sonra de\u011feri bilinir; k\u00f6\u015fedeki mobilyac\u0131 Alt kattaki musluk tamircisi, yan sokakta Yorganc\u0131, ancak \u00f6ld\u00fckten sonra benimsenir. \u00c7\u00fcnk\u00fc \u00f6l\u00fc \u015fairler bu \u00fclkede, anca \u00f6\u011frenilir \u00c7\u00fcnk\u00fc \u00f6l\u00fc \u015fehirler bu \u00fclkede, \u00f6l\u00fc \u015fairlerle Dal\u0131nda kuruyarak olgunla\u015fan kiraz, erik, elma gibidir.<\/p>\n","protected":false},"excerpt":{"rendered":"<p>\u00d6l\u00fc \u015fehrimin insanlar\u0131, \u00f6l\u00fc \u015fairler gibidir \u00c7\u00fcnk\u00fc \u015fairler gibi \u015fehirlerin de \u00fclkede \u00d6ld\u00fckten sonra de\u011feri bilinir; k\u00f6\u015fedeki mobilyac\u0131 Alt kattaki musluk tamircisi, yan sokakta Yorganc\u0131, ancak<span class=\"excerpt-hellip\"> [\u2026]<\/span><\/p>\n","protected":false},"featured_media":0,"template":"","meta":{"_monsterinsights_skip_tracking":false,"_monsterinsights_sitenote_active":false,"_monsterinsights_sitenote_note":"","_monsterinsights_sitenote_category":0},"product_brand":[],"product_cat":[12291,12509],"product_tag":[],"class_list":{"0":"post-763743","1":"product","2":"type-product","3":"status-publish","5":"product_cat-edebiyat","6":"product_cat-siir","7":"pa_cilt-ciltsiz","8":"pa_tur-kitap","9":"pa_yayinevi-everest-yayinlari","10":"pa_yazar-ali-cengizkan","12":"first","13":"instock","14":"sale","15":"shipping-taxable","16":"purchasable","17":"product-type-simple"},"_links":{"self":[{"href":"https:\/\/roveyayinevi.com.tr\/index.php\/wp-json\/wp\/v2\/product\/763743","targetHints":{"allow":["GET"]}}],"collection":[{"href":"https:\/\/roveyayinevi.com.tr\/index.php\/wp-json\/wp\/v2\/product"}],"about":[{"href":"https:\/\/roveyayinevi.com.tr\/index.php\/wp-json\/wp\/v2\/types\/product"}],"wp:attachment":[{"href":"https:\/\/roveyayinevi.com.tr\/index.php\/wp-json\/wp\/v2\/media?parent=763743"}],"wp:term":[{"taxonomy":"product_brand","embeddable":true,"href":"https:\/\/roveyayinevi.com.tr\/index.php\/wp-json\/wp\/v2\/product_brand?post=763743"},{"taxonomy":"product_cat","embeddable":true,"href":"https:\/\/roveyayinevi.com.tr\/index.php\/wp-json\/wp\/v2\/product_cat?post=763743"},{"taxonomy":"product_tag","embeddable":true,"href":"https:\/\/roveyayinevi.com.tr\/index.php\/wp-json\/wp\/v2\/product_tag?post=763743"}],"curies":[{"name":"wp","href":"https:\/\/api.w.org\/{rel}","templated":true}]}}