{"id":763741,"date":"2025-08-28T10:50:26","date_gmt":"2025-08-28T07:50:26","guid":{"rendered":"https:\/\/roveyayinevi.com.tr\/index.php\/urun\/flues\/"},"modified":"2026-04-15T03:29:42","modified_gmt":"2026-04-15T00:29:42","slug":"flues","status":"publish","type":"product","link":"https:\/\/roveyayinevi.com.tr\/index.php\/urun\/flues\/","title":{"rendered":"Flu\u2019es"},"content":{"rendered":"<p>\u201ck\u00fc\u00e7\u00fck \u0130skender flu\u2019es\u2019da, i\u00e7inde ya\u015fad\u0131\u011f\u0131 topluma al\u0131\u015f\u0131lm\u0131\u015f\u0131n, \u00f6\u011fretilmi\u015fin d\u0131\u015f\u0131nda ba\u015fka t\u00fcrl\u00fc bak\u0131yor, kendince yeni bir d\u00fcnya kurmak istiyor. \u00d6fkesini, engellenen arzular\u0131n\u0131, sald\u0131rgan, k\u0131\u015fk\u0131rt\u0131c\u0131, alayc\u0131, radikal bir \u2018zilletli dil\u2019le metinle\u015ftiriyor. Son y\u0131llarda evlerden sokaklara, g\u00fcnl\u00fck ya\u015famdan siyasetin en \u00fcst basamaklar\u0131na, medyaya toplumun t\u00fcm katmanlar\u0131nda davran\u0131\u015fsal ve dilsel \u015fiddetin g\u00f6r\u00fclmemi\u015f bir bi\u00e7imde artt\u0131\u011f\u0131 yak\u0131c\u0131 bir ger\u00e7ek. \u0130skender, hem g\u00fcndelik ya\u015fam\u0131nda hem de yaz\u0131nsal metinlerinde iktidar\u0131n, egemen k\u00fclt\u00fcr ve sanat\u0131n bask\u0131c\u0131 s\u00f6ylemine kar\u015f\u0131 ba\u015fkald\u0131r\u0131y\u0131 bir ya\u015fam bi\u00e7imi olarak benimsemi\u015ftir\u2026\u201dGonca \u00d6zmen<\/p>\n","protected":false},"excerpt":{"rendered":"<p>\u201ck\u00fc\u00e7\u00fck \u0130skender flu\u2019es\u2019da, i\u00e7inde ya\u015fad\u0131\u011f\u0131 topluma al\u0131\u015f\u0131lm\u0131\u015f\u0131n, \u00f6\u011fretilmi\u015fin d\u0131\u015f\u0131nda ba\u015fka t\u00fcrl\u00fc bak\u0131yor, kendince yeni bir d\u00fcnya kurmak istiyor. \u00d6fkesini, engellenen arzular\u0131n\u0131, sald\u0131rgan, k\u0131\u015fk\u0131rt\u0131c\u0131, alayc\u0131, radikal bir<span class=\"excerpt-hellip\"> [\u2026]<\/span><\/p>\n","protected":false},"featured_media":0,"template":"","meta":{"_monsterinsights_skip_tracking":false,"_monsterinsights_sitenote_active":false,"_monsterinsights_sitenote_note":"","_monsterinsights_sitenote_category":0},"product_brand":[],"product_cat":[12291,12711],"product_tag":[],"class_list":{"0":"post-763741","1":"product","2":"type-product","3":"status-publish","5":"product_cat-edebiyat","6":"product_cat-roman-oyku","7":"pa_cilt-ciltsiz","8":"pa_tur-kitap","9":"pa_yayinevi-can-yayinlari","10":"pa_yazar-kucuk-iskender","12":"first","13":"instock","14":"sale","15":"shipping-taxable","16":"purchasable","17":"product-type-simple"},"_links":{"self":[{"href":"https:\/\/roveyayinevi.com.tr\/index.php\/wp-json\/wp\/v2\/product\/763741","targetHints":{"allow":["GET"]}}],"collection":[{"href":"https:\/\/roveyayinevi.com.tr\/index.php\/wp-json\/wp\/v2\/product"}],"about":[{"href":"https:\/\/roveyayinevi.com.tr\/index.php\/wp-json\/wp\/v2\/types\/product"}],"wp:attachment":[{"href":"https:\/\/roveyayinevi.com.tr\/index.php\/wp-json\/wp\/v2\/media?parent=763741"}],"wp:term":[{"taxonomy":"product_brand","embeddable":true,"href":"https:\/\/roveyayinevi.com.tr\/index.php\/wp-json\/wp\/v2\/product_brand?post=763741"},{"taxonomy":"product_cat","embeddable":true,"href":"https:\/\/roveyayinevi.com.tr\/index.php\/wp-json\/wp\/v2\/product_cat?post=763741"},{"taxonomy":"product_tag","embeddable":true,"href":"https:\/\/roveyayinevi.com.tr\/index.php\/wp-json\/wp\/v2\/product_tag?post=763741"}],"curies":[{"name":"wp","href":"https:\/\/api.w.org\/{rel}","templated":true}]}}