{"id":763737,"date":"2025-08-28T10:50:18","date_gmt":"2025-08-28T07:50:18","guid":{"rendered":"https:\/\/roveyayinevi.com.tr\/index.php\/urun\/turkiyede-sark-garp-ve-amerikan-tesirleri-i\/"},"modified":"2026-04-15T03:29:42","modified_gmt":"2026-04-15T00:29:42","slug":"turkiyede-sark-garp-ve-amerikan-tesirleri-i","status":"publish","type":"product","link":"https:\/\/roveyayinevi.com.tr\/index.php\/urun\/turkiyede-sark-garp-ve-amerikan-tesirleri-i\/","title":{"rendered":"T\u00fcrkiye\u2019de \u015eark-Garp ve Amerikan Tesirleri I"},"content":{"rendered":"<p>\u201cBug\u00fcnk\u00fc insaniyetin en b\u00fcy\u00fck meselesi \u015fudur: Sa\u011f veya sol herhangi \u2018bir\u00f6rneklik\u2019 salg\u0131n\u0131na kar\u015f\u0131, b\u00fct\u00fcn d\u00fcnyay\u0131 h\u00e2kimiyeti alt\u0131na almak isteyen zihniyete kar\u015f\u0131 m\u00fccadele etmek. \u00c7\u00fcnk\u00fc b\u00f6yle bir zihniyet nerede olursa olsun mekanik vas\u0131talarla insanlar\u0131 birer \u2018robot\u2019 \u015fekline \u00e7evirebilecek, b\u00fct\u00fcn manevi k\u0131ymetleri ortadan kald\u0131rmaya \u00e7al\u0131\u015facak, yani her fert, ya\u015fayabilmek i\u00e7in tek bir te\u015fkilat\u0131n veya ilah\u00ee mevki verilen bir diktat\u00f6r\u00fcn emirlerini k\u00f6r\u00fc k\u00f6r\u00fcne ifa etmek mecburiyeti tehlikesine maruz kalacakt\u0131r.\u201dHalide Edib Ad\u0131var\u2019\u0131n bu kitab\u0131n\u0131, yakla\u015f\u0131k altm\u0131\u015f y\u0131l aradan sonra yeniden yay\u0131ml\u0131yoruz. Yazar\u0131n kendisi taraf\u0131ndan derlenen \u0130ngilizcede \u00e7\u0131kan Turkey Faces West (1930) ve Conflict of East and West in Turkey (1935) kitaplar\u0131n\u0131n bir bile\u015fkesi T\u00fcrkiye\u2019de \u015eark-Garp ve Amerikan Tesirleri (1955). Ad\u0131var, bug\u00fcn de \u00f6ncelikli tart\u0131\u015fma konular\u0131 olmaya devam eden sa\u011f-sol, Do\u011fu-Bat\u0131, M\u00fcsl\u00fcmanl\u0131k-H\u0131ristiyanl\u0131k gibi sorunlara \u00f6zg\u00fcn yorumlar getiriyor ve T\u00fcrkiye\u2019nin politik konumu\/konumlar\u0131 \u00fczerinde duruyor.<\/p>\n","protected":false},"excerpt":{"rendered":"<p>\u201cBug\u00fcnk\u00fc insaniyetin en b\u00fcy\u00fck meselesi \u015fudur: Sa\u011f veya sol herhangi \u2018bir\u00f6rneklik\u2019 salg\u0131n\u0131na kar\u015f\u0131, b\u00fct\u00fcn d\u00fcnyay\u0131 h\u00e2kimiyeti alt\u0131na almak isteyen zihniyete kar\u015f\u0131 m\u00fccadele etmek. \u00c7\u00fcnk\u00fc b\u00f6yle bir<span class=\"excerpt-hellip\"> [\u2026]<\/span><\/p>\n","protected":false},"featured_media":0,"template":"","meta":{"_monsterinsights_skip_tracking":false,"_monsterinsights_sitenote_active":false,"_monsterinsights_sitenote_note":"","_monsterinsights_sitenote_category":0},"product_brand":[],"product_cat":[12777,12291],"product_tag":[],"class_list":{"0":"post-763737","1":"product","2":"type-product","3":"status-publish","5":"product_cat-deneme","6":"product_cat-edebiyat","7":"pa_cilt-ciltsiz","8":"pa_tur-kitap","9":"pa_yayinevi-can-yayinlari","10":"pa_yazar-halide-edib-adivar","12":"first","13":"instock","14":"sale","15":"shipping-taxable","16":"purchasable","17":"product-type-simple"},"_links":{"self":[{"href":"https:\/\/roveyayinevi.com.tr\/index.php\/wp-json\/wp\/v2\/product\/763737","targetHints":{"allow":["GET"]}}],"collection":[{"href":"https:\/\/roveyayinevi.com.tr\/index.php\/wp-json\/wp\/v2\/product"}],"about":[{"href":"https:\/\/roveyayinevi.com.tr\/index.php\/wp-json\/wp\/v2\/types\/product"}],"wp:attachment":[{"href":"https:\/\/roveyayinevi.com.tr\/index.php\/wp-json\/wp\/v2\/media?parent=763737"}],"wp:term":[{"taxonomy":"product_brand","embeddable":true,"href":"https:\/\/roveyayinevi.com.tr\/index.php\/wp-json\/wp\/v2\/product_brand?post=763737"},{"taxonomy":"product_cat","embeddable":true,"href":"https:\/\/roveyayinevi.com.tr\/index.php\/wp-json\/wp\/v2\/product_cat?post=763737"},{"taxonomy":"product_tag","embeddable":true,"href":"https:\/\/roveyayinevi.com.tr\/index.php\/wp-json\/wp\/v2\/product_tag?post=763737"}],"curies":[{"name":"wp","href":"https:\/\/api.w.org\/{rel}","templated":true}]}}