{"id":763736,"date":"2025-08-28T10:50:15","date_gmt":"2025-08-28T07:50:15","guid":{"rendered":"https:\/\/roveyayinevi.com.tr\/index.php\/urun\/mayanin-gunlugu\/"},"modified":"2026-04-15T03:29:42","modified_gmt":"2026-04-15T00:29:42","slug":"mayanin-gunlugu","status":"publish","type":"product","link":"https:\/\/roveyayinevi.com.tr\/index.php\/urun\/mayanin-gunlugu\/","title":{"rendered":"Maya&#8217;n\u0131n G\u00fcnl\u00fc\u011f\u00fc"},"content":{"rendered":"<p>Benim ad\u0131m Maya Vidal, on dokuz ya\u015f\u0131nday\u0131m, cinsiyetim k\u0131z, bek\u00e2r\u0131m, sevgilim yok, ama f\u0131rsat \u00e7\u0131kmad\u0131\u011f\u0131ndan, yoksa k\u0131l\u0131 k\u0131rk yard\u0131\u011f\u0131mdan de\u011fil, California\u2019da Berkeley\u2019de do\u011fdum, Amerikan pasaportum var, \u015fu anda ge\u00e7ici olarak d\u00fcnyan\u0131n g\u00fcneyindeki bir adada s\u0131\u011f\u0131nmac\u0131y\u0131m. Bana Maya ad\u0131n\u0131 koymu\u015flar \u00e7\u00fcnk\u00fc Hindistan Neneme pek \u00e7ekici gelir, annemle babam\u0131n da, \u00f6nlerinde d\u00fc\u015f\u00fcnecek dokuz aylar\u0131 olmas\u0131na kar\u015f\u0131n, ak\u0131llar\u0131na ba\u015fka bir isim gelmemi\u015f. Hindu dilinde maya \u201cb\u00fcy\u00fc, hayal, d\u00fc\u015f\u201d anlamlar\u0131na geliyormu\u015f. Benim ki\u015fili\u011fimle hi\u00e7 ilgisi olmayan \u015feyler. Atilla olsayd\u0131 daha uygun olurdu, \u00e7\u00fcnk\u00fc aya\u011f\u0131m\u0131 bast\u0131\u011f\u0131m yerde ot bitmez. Isabel Allende, California\u2019dan Las Vegas\u2019a, oradan \u015eili\u2019deki Chilo\u00e9 Adas\u0131\u2019na kadar uzanan bir macera anlat\u0131yor Maya\u2019n\u0131n G\u00fcnl\u00fc\u011f\u00fc\u2019nde. Ge\u00e7mi\u015fle \u015fimdinin, ya\u015famla \u00f6l\u00fcm\u00fcn, \u00fcmitle \u00fcmitsizli\u011fin kucakla\u015ft\u0131\u011f\u0131 bu b\u00fcy\u00fcl\u00fc macera, Allende\u2019nin \u0131\u015f\u0131kl\u0131, r\u00fczg\u00e2rl\u0131 anlat\u0131m\u0131yla hayat buluyor. Modern bir gen\u00e7 k\u0131z\u0131n s\u0131ra d\u0131\u015f\u0131 \u015fartlar alt\u0131nda olgunla\u015fmas\u0131n\u0131n \u00f6yk\u00fcs\u00fc, Maya\u2019n\u0131n tutku ve \u0131st\u0131rap dolu an\u0131lar\u0131nda ad\u0131m ad\u0131m g\u00f6zler \u00f6n\u00fcne seriliyor.<\/p>\n","protected":false},"excerpt":{"rendered":"<p>Benim ad\u0131m Maya Vidal, on dokuz ya\u015f\u0131nday\u0131m, cinsiyetim k\u0131z, bek\u00e2r\u0131m, sevgilim yok, ama f\u0131rsat \u00e7\u0131kmad\u0131\u011f\u0131ndan, yoksa k\u0131l\u0131 k\u0131rk yard\u0131\u011f\u0131mdan de\u011fil, California\u2019da Berkeley\u2019de do\u011fdum, Amerikan pasaportum var,<span class=\"excerpt-hellip\"> [\u2026]<\/span><\/p>\n","protected":false},"featured_media":0,"template":"","meta":{"_monsterinsights_skip_tracking":false,"_monsterinsights_sitenote_active":false,"_monsterinsights_sitenote_note":"","_monsterinsights_sitenote_category":0},"product_brand":[],"product_cat":[12291,12711],"product_tag":[],"class_list":{"0":"post-763736","1":"product","2":"type-product","3":"status-publish","5":"product_cat-edebiyat","6":"product_cat-roman-oyku","7":"pa_cilt-ciltsiz","8":"pa_tur-kitap","9":"pa_yayinevi-can-yayinlari","10":"pa_yazar-isabel-allende","12":"first","13":"instock","14":"sale","15":"shipping-taxable","16":"purchasable","17":"product-type-simple"},"_links":{"self":[{"href":"https:\/\/roveyayinevi.com.tr\/index.php\/wp-json\/wp\/v2\/product\/763736","targetHints":{"allow":["GET"]}}],"collection":[{"href":"https:\/\/roveyayinevi.com.tr\/index.php\/wp-json\/wp\/v2\/product"}],"about":[{"href":"https:\/\/roveyayinevi.com.tr\/index.php\/wp-json\/wp\/v2\/types\/product"}],"wp:attachment":[{"href":"https:\/\/roveyayinevi.com.tr\/index.php\/wp-json\/wp\/v2\/media?parent=763736"}],"wp:term":[{"taxonomy":"product_brand","embeddable":true,"href":"https:\/\/roveyayinevi.com.tr\/index.php\/wp-json\/wp\/v2\/product_brand?post=763736"},{"taxonomy":"product_cat","embeddable":true,"href":"https:\/\/roveyayinevi.com.tr\/index.php\/wp-json\/wp\/v2\/product_cat?post=763736"},{"taxonomy":"product_tag","embeddable":true,"href":"https:\/\/roveyayinevi.com.tr\/index.php\/wp-json\/wp\/v2\/product_tag?post=763736"}],"curies":[{"name":"wp","href":"https:\/\/api.w.org\/{rel}","templated":true}]}}