{"id":763735,"date":"2025-08-28T10:50:14","date_gmt":"2025-08-28T07:50:14","guid":{"rendered":"https:\/\/roveyayinevi.com.tr\/index.php\/urun\/sosyoloji-5\/"},"modified":"2026-02-02T03:24:39","modified_gmt":"2026-02-02T00:24:39","slug":"sosyoloji-5","status":"publish","type":"product","link":"https:\/\/roveyayinevi.com.tr\/index.php\/urun\/sosyoloji-5\/","title":{"rendered":"Sosyoloji"},"content":{"rendered":"<p>Sosyologlar sosyal d\u00fcnyan\u0131n a\u00e7\u0131klanabilece\u011fini savunurlar. Peki ama bunu nas\u0131l yapabiliriz? Onu hangi kavramlarla ve hangi bak\u0131\u015f a\u00e7\u0131lar\u0131yla d\u00fc\u015f\u00fcnebiliriz? Sosyolojiyi bir bilim olarak sa\u011flam temeller \u00fczerinde in\u015fa edebilmek i\u00e7in hangi ara\u00e7lara sahibiz? Sosyolojik ara\u015ft\u0131rmada nicel ve nitel y\u00f6ntemler nas\u0131l kullan\u0131labilir? K\u0131sacas\u0131 sosyoloji nedir, nas\u0131l uygulan\u0131r? Sosyoloji-Ak\u0131mlar, Yakla\u015f\u0131mlar, Y\u00f6ntemler, sosyoloji disiplininin tarihine, \u00f6nc\u00fclerine ve ana konular\u0131na odaklan\u0131yor: Yeni toplumsal hareketler, tahakk\u00fcm, e\u015fitsizlikler gibi \u00e7a\u011fda\u015f sosyolojiyi me\u015fgul eden ba\u015fl\u0131ca temalar d\u0131\u015f\u0131nda, klasik sosyolojinin kavramaya \u00e7al\u0131\u015ft\u0131\u011f\u0131 haliyle toplum nedir ve insanlar toplumda nas\u0131l var olurlar sorular\u0131n\u0131 da i\u00e7eren kapsaml\u0131 bir \u00e7er\u00e7eve sunuyor. Jean-Louis Fabiani \u00e7a\u011fda\u015f sosyoloji ile k\u00f6kler aras\u0131nda k\u00f6pr\u00fcler kuruyor, sosyologluk \u201cmesle\u011fini\u201d ele\u015ftirel mesafe, sab\u0131r, y\u00f6ntemsel kesinlik ve tevazuyla uygulamay\u0131 sal\u0131k veriyor. Y\u00f6ntem konusunun da \u00f6zel bir ba\u015fl\u0131kta ele al\u0131nd\u0131\u011f\u0131 bu kitap, sosyoloji okumalar\u0131na yeni ba\u015flayanlar i\u00e7in yol g\u00f6sterici bir rehber niteli\u011finde<\/p>\n","protected":false},"excerpt":{"rendered":"<p>Sosyologlar sosyal d\u00fcnyan\u0131n a\u00e7\u0131klanabilece\u011fini savunurlar. Peki ama bunu nas\u0131l yapabiliriz? Onu hangi kavramlarla ve hangi bak\u0131\u015f a\u00e7\u0131lar\u0131yla d\u00fc\u015f\u00fcnebiliriz? Sosyolojiyi bir bilim olarak sa\u011flam temeller \u00fczerinde in\u015fa<span class=\"excerpt-hellip\"> [\u2026]<\/span><\/p>\n","protected":false},"featured_media":0,"template":"","meta":{"_monsterinsights_skip_tracking":false,"_monsterinsights_sitenote_active":false,"_monsterinsights_sitenote_note":"","_monsterinsights_sitenote_category":0},"product_brand":[],"product_cat":[12835,12324],"product_tag":[],"class_list":{"0":"post-763735","1":"product","2":"type-product","3":"status-publish","5":"product_cat-genel-sosyoloji","6":"product_cat-sosyoloji","7":"pa_cilt-ciltsiz","8":"pa_tur-kitap","9":"pa_yayinevi-iletisim-yayinlari","10":"pa_yazar-jean-louis-fabiani","12":"first","13":"instock","14":"sale","15":"shipping-taxable","16":"purchasable","17":"product-type-simple"},"_links":{"self":[{"href":"https:\/\/roveyayinevi.com.tr\/index.php\/wp-json\/wp\/v2\/product\/763735","targetHints":{"allow":["GET"]}}],"collection":[{"href":"https:\/\/roveyayinevi.com.tr\/index.php\/wp-json\/wp\/v2\/product"}],"about":[{"href":"https:\/\/roveyayinevi.com.tr\/index.php\/wp-json\/wp\/v2\/types\/product"}],"wp:attachment":[{"href":"https:\/\/roveyayinevi.com.tr\/index.php\/wp-json\/wp\/v2\/media?parent=763735"}],"wp:term":[{"taxonomy":"product_brand","embeddable":true,"href":"https:\/\/roveyayinevi.com.tr\/index.php\/wp-json\/wp\/v2\/product_brand?post=763735"},{"taxonomy":"product_cat","embeddable":true,"href":"https:\/\/roveyayinevi.com.tr\/index.php\/wp-json\/wp\/v2\/product_cat?post=763735"},{"taxonomy":"product_tag","embeddable":true,"href":"https:\/\/roveyayinevi.com.tr\/index.php\/wp-json\/wp\/v2\/product_tag?post=763735"}],"curies":[{"name":"wp","href":"https:\/\/api.w.org\/{rel}","templated":true}]}}