{"id":763733,"date":"2025-08-28T10:50:11","date_gmt":"2025-08-28T07:50:11","guid":{"rendered":"https:\/\/roveyayinevi.com.tr\/index.php\/urun\/cumhuriyet-dusuncesi\/"},"modified":"2026-04-15T03:29:42","modified_gmt":"2026-04-15T00:29:42","slug":"cumhuriyet-dusuncesi","status":"publish","type":"product","link":"https:\/\/roveyayinevi.com.tr\/index.php\/urun\/cumhuriyet-dusuncesi\/","title":{"rendered":"Cumhuriyet D\u00fc\u015f\u00fcncesi"},"content":{"rendered":"<p>\u201cCumhuriyet\u00e7ilik idealleri asl\u0131nda sa\u011f\u0131n k\u00fclt\u00fcrel modellerine bir alternatif olu\u015fturmaktad\u0131r. Sa\u011f siyasal hareketler ve partiler \u00f6zg\u00fcrl\u00fck fikrini bireysel eylemin \u00f6n\u00fcnde engellerin bulunmamas\u0131 olarak ele al\u0131rken, cumhuriyet\u00e7ilik taraftarlar\u0131 ger\u00e7ek siyasal \u00f6zg\u00fcrl\u00fc\u011f\u00fcn, tahakk\u00fcm bi\u00e7imlerinden \u00f6zg\u00fcrle\u015fme, ya da ba\u015fka bir deyi\u015fle, di\u011fer bireylerin keyf\u00ee iradelerine ba\u011f\u0131ml\u0131l\u0131ktan \u00f6zg\u00fcrle\u015fme oldu\u011funu savunurlar. Sa\u011f, yasalar\u0131 \u00f6zg\u00fcrl\u00fc\u011fe y\u00f6nelik bir k\u0131s\u0131tlama olarak alg\u0131lar; cumhuriyet\u00e7ilik ise yasalar\u0131 \u00f6zg\u00fcrl\u00fc\u011f\u00fcn en zorunlu temeli olarak alg\u0131lar.\u201d Cumhuriyet\u00e7i d\u00fc\u015f\u00fcnce, otoriter y\u00f6netimlerin ve liderlerin \u201cal\u0131c\u0131 buldu\u011fu\u201d bug\u00fcn\u00fcn toplumlar\u0131nda muhalefetin g\u00fcndemine gitgide daha \u00e7ok giriyor. Kamusal alan, yurtta\u015fl\u0131k erdemi ve yurtseverlik, muhalifler a\u00e7\u0131s\u0131ndan yeniden d\u00f6n\u00fcp bak\u0131lmas\u0131 gereken referanslar olarak \u00f6ne \u00e7\u0131k\u0131yor. Cumhuriyet D\u00fc\u015f\u00fcncesi, Maurizio Viroli ve Norberto Bobbio\u2019nun 21. y\u00fczy\u0131l\u0131n toplum hayat\u0131 ve politik sorunlar\u0131yla ba\u011f kurulup okunabilecek, e\u015fine az rastlanan olgunlukta bir entelekt\u00fcel diyalog. Ayn\u0131 zamanda, akt\u00fcalitenin h\u0131z\u0131yla yolunu y\u00f6n\u00fcn\u00fc kaybedenlere bir soluklanma, durup yeniden d\u00fc\u015f\u00fcnme, etik ve politik sorunlar\u0131n k\u00f6klerini ke\u015ffetme \u00e7a\u011fr\u0131s\u0131. Cumhuriyet\u00e7i gelene\u011fin temel varsay\u0131m\u00aclar\u0131n\u0131 ve \u00f6nerilerini cumhuriyet\u00e7ilik, yurtseverlik, yurtta\u015fl\u0131k erdemi, haklar, \u00f6devler, din, Tanr\u0131, demagoglar, siyasi partiler etraf\u0131nda gezinerek g\u00fcndemle\u015ftiren canl\u0131 ve dinamik bir tart\u0131\u015fma.<\/p>\n","protected":false},"excerpt":{"rendered":"<p>\u201cCumhuriyet\u00e7ilik idealleri asl\u0131nda sa\u011f\u0131n k\u00fclt\u00fcrel modellerine bir alternatif olu\u015fturmaktad\u0131r. Sa\u011f siyasal hareketler ve partiler \u00f6zg\u00fcrl\u00fck fikrini bireysel eylemin \u00f6n\u00fcnde engellerin bulunmamas\u0131 olarak ele al\u0131rken, cumhuriyet\u00e7ilik taraftarlar\u0131<span class=\"excerpt-hellip\"> [\u2026]<\/span><\/p>\n","protected":false},"featured_media":0,"template":"","meta":{"_monsterinsights_skip_tracking":false,"_monsterinsights_sitenote_active":false,"_monsterinsights_sitenote_note":"","_monsterinsights_sitenote_category":0},"product_brand":[],"product_cat":[12337,14543],"product_tag":[],"class_list":{"0":"post-763733","1":"product","2":"type-product","3":"status-publish","5":"product_cat-politika-siyaset","6":"product_cat-turkiye-siyaseti-ve-politikasi","7":"pa_cilt-ciltsiz","8":"pa_tur-kitap","9":"pa_yayinevi-iletisim-yayinlari","10":"pa_yazar-norberto-bobbio-maurizio-viroli","12":"first","13":"instock","14":"sale","15":"shipping-taxable","16":"purchasable","17":"product-type-simple"},"_links":{"self":[{"href":"https:\/\/roveyayinevi.com.tr\/index.php\/wp-json\/wp\/v2\/product\/763733","targetHints":{"allow":["GET"]}}],"collection":[{"href":"https:\/\/roveyayinevi.com.tr\/index.php\/wp-json\/wp\/v2\/product"}],"about":[{"href":"https:\/\/roveyayinevi.com.tr\/index.php\/wp-json\/wp\/v2\/types\/product"}],"wp:attachment":[{"href":"https:\/\/roveyayinevi.com.tr\/index.php\/wp-json\/wp\/v2\/media?parent=763733"}],"wp:term":[{"taxonomy":"product_brand","embeddable":true,"href":"https:\/\/roveyayinevi.com.tr\/index.php\/wp-json\/wp\/v2\/product_brand?post=763733"},{"taxonomy":"product_cat","embeddable":true,"href":"https:\/\/roveyayinevi.com.tr\/index.php\/wp-json\/wp\/v2\/product_cat?post=763733"},{"taxonomy":"product_tag","embeddable":true,"href":"https:\/\/roveyayinevi.com.tr\/index.php\/wp-json\/wp\/v2\/product_tag?post=763733"}],"curies":[{"name":"wp","href":"https:\/\/api.w.org\/{rel}","templated":true}]}}