{"id":763729,"date":"2025-08-28T10:50:02","date_gmt":"2025-08-28T07:50:02","guid":{"rendered":"https:\/\/roveyayinevi.com.tr\/index.php\/urun\/dottie\/"},"modified":"2026-04-12T03:21:17","modified_gmt":"2026-04-12T00:21:17","slug":"dottie","status":"publish","type":"product","link":"https:\/\/roveyayinevi.com.tr\/index.php\/urun\/dottie\/","title":{"rendered":"Dottie"},"content":{"rendered":"<p>Dottie, \u0130ngiltere\u2019de ya\u015fayan siyah bir kad\u0131n\u0131n engelleri bir bir a\u015farak kendi yolunu \u00e7izmesinin roman\u0131. Annesinin \u00f6l\u00fcm\u00fcn\u00fcn ard\u0131ndan, daha on yedi ya\u015f\u0131nda olan Dottie, karde\u015fleri Sophie ve Hudson\u2019\u0131n sorumlulu\u011funu y\u00fcklenmek zorunda kal\u0131r. Bir yandan Sophie\u2019nin d\u00fczensiz hayat\u0131yla, \u00f6te yandan Hudson\u2019\u0131n kapkaranl\u0131k bir su\u00e7 d\u00fcnyas\u0131na girmesiyle Dottie\u2019nin dertleri katbekat artar, gen\u00e7 kad\u0131n kendi hayat\u0131n\u0131 istedi\u011fi gibi ya\u015fayamaz olur. Bu s\u0131rada \u0131rk\u00e7\u0131l\u0131\u011f\u0131n yol a\u00e7t\u0131\u011f\u0131 \u015fiddet t\u00fcm d\u00fcnyada h\u0131zla artmaktad\u0131r ve Dottie bu ke\u015fmeke\u015fin i\u00e7inde k\u00f6kenlerini, politikay\u0131, insan ili\u015fkilerini sorgulamaya ba\u015flar. 2021\u2019de Nobel Edebiyat \u00d6d\u00fcl\u00fc\u2019n\u00fc kazanan Abdulrazak Gurnah 1990\u2019da yazd\u0131\u011f\u0131 bu ilk roman\u0131yla ne kadar b\u00fcy\u00fck bir romanc\u0131 olaca\u011f\u0131n\u0131 g\u00f6steriyor. \u201cGurnah aile ili\u015fkilerini m\u00fckemmel bir kavray\u0131\u015fla, i\u00e7g\u00f6r\u00fcyle anlat\u0131yor ve tarihin katmanlar\u0131n\u0131 zarafetle, i\u00e7tenlikle a\u00e7\u0131yor.\u201d The Times<\/p>\n","protected":false},"excerpt":{"rendered":"<p>Dottie, \u0130ngiltere\u2019de ya\u015fayan siyah bir kad\u0131n\u0131n engelleri bir bir a\u015farak kendi yolunu \u00e7izmesinin roman\u0131. Annesinin \u00f6l\u00fcm\u00fcn\u00fcn ard\u0131ndan, daha on yedi ya\u015f\u0131nda olan Dottie, karde\u015fleri Sophie ve<span class=\"excerpt-hellip\"> [\u2026]<\/span><\/p>\n","protected":false},"featured_media":0,"template":"","meta":{"_monsterinsights_skip_tracking":false,"_monsterinsights_sitenote_active":false,"_monsterinsights_sitenote_note":"","_monsterinsights_sitenote_category":0},"product_brand":[],"product_cat":[12291,12711],"product_tag":[],"class_list":{"0":"post-763729","1":"product","2":"type-product","3":"status-publish","5":"product_cat-edebiyat","6":"product_cat-roman-oyku","7":"pa_cilt-ciltsiz","8":"pa_tur-kitap","9":"pa_yayinevi-iletisim-yayinlari","10":"pa_yazar-abdulrazak-gurnah","12":"first","13":"instock","14":"sale","15":"shipping-taxable","16":"purchasable","17":"product-type-simple"},"_links":{"self":[{"href":"https:\/\/roveyayinevi.com.tr\/index.php\/wp-json\/wp\/v2\/product\/763729","targetHints":{"allow":["GET"]}}],"collection":[{"href":"https:\/\/roveyayinevi.com.tr\/index.php\/wp-json\/wp\/v2\/product"}],"about":[{"href":"https:\/\/roveyayinevi.com.tr\/index.php\/wp-json\/wp\/v2\/types\/product"}],"wp:attachment":[{"href":"https:\/\/roveyayinevi.com.tr\/index.php\/wp-json\/wp\/v2\/media?parent=763729"}],"wp:term":[{"taxonomy":"product_brand","embeddable":true,"href":"https:\/\/roveyayinevi.com.tr\/index.php\/wp-json\/wp\/v2\/product_brand?post=763729"},{"taxonomy":"product_cat","embeddable":true,"href":"https:\/\/roveyayinevi.com.tr\/index.php\/wp-json\/wp\/v2\/product_cat?post=763729"},{"taxonomy":"product_tag","embeddable":true,"href":"https:\/\/roveyayinevi.com.tr\/index.php\/wp-json\/wp\/v2\/product_tag?post=763729"}],"curies":[{"name":"wp","href":"https:\/\/api.w.org\/{rel}","templated":true}]}}