{"id":763725,"date":"2025-08-28T10:49:54","date_gmt":"2025-08-28T07:49:54","guid":{"rendered":"https:\/\/roveyayinevi.com.tr\/index.php\/urun\/karlar-kizi\/"},"modified":"2026-04-15T03:29:42","modified_gmt":"2026-04-15T00:29:42","slug":"karlar-kizi","status":"publish","type":"product","link":"https:\/\/roveyayinevi.com.tr\/index.php\/urun\/karlar-kizi\/","title":{"rendered":"Karlar K\u0131z\u0131"},"content":{"rendered":"<p>Kiera Templeton nerede? Eski bir video kasete kaydedilmi\u015f g\u00f6r\u00fcnt\u00fcn\u00fcn i\u00e7inde, ekrandaki karlar\u0131n aras\u0131nda, o art\u0131k ailesinin de\u011fil, karlar\u0131n k\u0131z\u0131&#8230; Aaron ve Grace Templeton, 1998 y\u0131l\u0131n\u0131n \u015e\u00fckran G\u00fcn\u00fc Ge\u00e7it T\u00f6reni\u2019ni hayatlar\u0131 boyunca unutamayacakt\u0131. O g\u00fcn, k\u0131zlar\u0131Kiera onlardan al\u0131nd\u0131. Kalabal\u0131\u011f\u0131n i\u00e7inde kaybolup gitti. Ondan geriye yaln\u0131zca g\u00f6ky\u00fcz\u00fcne s\u00fcz\u00fclen beyaz bir balon kald\u0131: birka\u00e7 saniye \u00f6nce Kiera\u2019n\u0131n elinde tuttu\u011fu beyaz bir balon.  Bu i\u015fin pe\u015fini b\u0131rakmayaca\u011f\u0131na dair ac\u0131l\u0131 aileye s\u00f6z veren ara\u015ft\u0131rmac\u0131 gazeteci Miren Triggs, y\u0131llar\u0131n\u0131 Kiera\u2019n\u0131n bulunmas\u0131 i\u00e7in \u00e7al\u0131\u015farak ge\u00e7irdi ancak sekiz y\u0131l boyunca bir arpa boyu yol katedemedi\u011fi i\u00e7in sonunda pes etti. Derken bir mucize oldu.Ellerine bir video kaset ula\u015ft\u0131. Karl\u0131 g\u00f6r\u00fcnt\u00fcn\u00fcn m\u00fcmk\u00fcn k\u0131ld\u0131\u011f\u0131 kadar\u0131yla kasettekileri izlediler. Ve i\u015fte Kiera kar\u015f\u0131lar\u0131nda duruyordu. Bu yeni ipucu hem aileyi hem de Miren\u2019i yeni bir yola sokacakt\u0131. Ama yolun sonunun nereye \u00e7\u0131kaca\u011f\u0131n\u0131 hi\u00e7biri bilmiyordu&#8230;<\/p>\n","protected":false},"excerpt":{"rendered":"<p>Kiera Templeton nerede? Eski bir video kasete kaydedilmi\u015f g\u00f6r\u00fcnt\u00fcn\u00fcn i\u00e7inde, ekrandaki karlar\u0131n aras\u0131nda, o art\u0131k ailesinin de\u011fil, karlar\u0131n k\u0131z\u0131&#8230; Aaron ve Grace Templeton, 1998 y\u0131l\u0131n\u0131n \u015e\u00fckran<span class=\"excerpt-hellip\"> [\u2026]<\/span><\/p>\n","protected":false},"featured_media":0,"template":"","meta":{"_monsterinsights_skip_tracking":false,"_monsterinsights_sitenote_active":false,"_monsterinsights_sitenote_note":"","_monsterinsights_sitenote_category":0},"product_brand":[],"product_cat":[12291,17033],"product_tag":[],"class_list":{"0":"post-763725","1":"product","2":"type-product","3":"status-publish","5":"product_cat-edebiyat","6":"product_cat-korku-gerilim","7":"pa_cilt-ciltsiz","8":"pa_tur-kitap","9":"pa_yayinevi-epsilon-yayinlari","10":"pa_yazar-javier-castillo","12":"first","13":"instock","14":"sale","15":"shipping-taxable","16":"purchasable","17":"product-type-simple"},"_links":{"self":[{"href":"https:\/\/roveyayinevi.com.tr\/index.php\/wp-json\/wp\/v2\/product\/763725","targetHints":{"allow":["GET"]}}],"collection":[{"href":"https:\/\/roveyayinevi.com.tr\/index.php\/wp-json\/wp\/v2\/product"}],"about":[{"href":"https:\/\/roveyayinevi.com.tr\/index.php\/wp-json\/wp\/v2\/types\/product"}],"wp:attachment":[{"href":"https:\/\/roveyayinevi.com.tr\/index.php\/wp-json\/wp\/v2\/media?parent=763725"}],"wp:term":[{"taxonomy":"product_brand","embeddable":true,"href":"https:\/\/roveyayinevi.com.tr\/index.php\/wp-json\/wp\/v2\/product_brand?post=763725"},{"taxonomy":"product_cat","embeddable":true,"href":"https:\/\/roveyayinevi.com.tr\/index.php\/wp-json\/wp\/v2\/product_cat?post=763725"},{"taxonomy":"product_tag","embeddable":true,"href":"https:\/\/roveyayinevi.com.tr\/index.php\/wp-json\/wp\/v2\/product_tag?post=763725"}],"curies":[{"name":"wp","href":"https:\/\/api.w.org\/{rel}","templated":true}]}}