{"id":763724,"date":"2025-08-28T10:49:52","date_gmt":"2025-08-28T07:49:52","guid":{"rendered":"https:\/\/roveyayinevi.com.tr\/index.php\/urun\/hiclik-makami\/"},"modified":"2026-01-30T03:57:52","modified_gmt":"2026-01-30T00:57:52","slug":"hiclik-makami","status":"publish","type":"product","link":"https:\/\/roveyayinevi.com.tr\/index.php\/urun\/hiclik-makami\/","title":{"rendered":"Hi\u00e7lik Makam\u0131"},"content":{"rendered":"<p>Ya\u015f\u0131n sana her bir \u015feyi yapt\u0131r\u0131r G\u00f6n\u00fcl dalgalan\u0131r yalpa yapt\u0131r\u0131r Bir selvi boyluya g\u00f6n\u00fcl kapt\u0131r\u0131r A\u015f\u0131k makam\u0131na erersin g\u00f6n\u00fcl   Gayr\u0131 d\u00fc\u015f\u00fcn\u00fcrs\u00fcn yo\u011fu varas\u0131 G\u00f6rme vakti gelir ak\u0131 karas\u0131 A\u011f\u0131r gelir yemek baba paras\u0131 Har\u00e7l\u0131k makam\u0131na erersin g\u00f6n\u00fcl   Evlenip terk eder baba evini G\u00f6rmezsin aynada kendi devini Kazand\u0131\u011f\u0131n ge\u00e7indirmez evini Yokluk makam\u0131na erersin g\u00f6n\u00fcl Zaman gelir ela g\u00f6zler puslan\u0131r Durulursun dinginlenir paslan\u0131r Ya\u015f kemale erer g\u00f6n\u00fcl uslan\u0131r Dostluk makam\u0131na erersin g\u00f6n\u00fcl   Ya\u015f yetmi\u015fe erer g\u00fcl benzin solgun Ta\u015f\u0131maz dizlerin y\u00fcre\u011fin yorgun \u0130NCE MEMET elbet olursun olgunHi\u00e7lik makam\u0131na erersin g\u00f6n\u00fcl<\/p>\n","protected":false},"excerpt":{"rendered":"<p>Ya\u015f\u0131n sana her bir \u015feyi yapt\u0131r\u0131r G\u00f6n\u00fcl dalgalan\u0131r yalpa yapt\u0131r\u0131r Bir selvi boyluya g\u00f6n\u00fcl kapt\u0131r\u0131r A\u015f\u0131k makam\u0131na erersin g\u00f6n\u00fcl Gayr\u0131 d\u00fc\u015f\u00fcn\u00fcrs\u00fcn yo\u011fu varas\u0131 G\u00f6rme vakti gelir<span class=\"excerpt-hellip\"> [\u2026]<\/span><\/p>\n","protected":false},"featured_media":0,"template":"","meta":{"_monsterinsights_skip_tracking":false,"_monsterinsights_sitenote_active":false,"_monsterinsights_sitenote_note":"","_monsterinsights_sitenote_category":0},"product_brand":[],"product_cat":[12291,12509],"product_tag":[],"class_list":{"0":"post-763724","1":"product","2":"type-product","3":"status-publish","5":"product_cat-edebiyat","6":"product_cat-siir","7":"pa_cilt-ciltsiz","8":"pa_tur-kitap","9":"pa_yayinevi-vova-yayinlari","10":"pa_yazar-mehmet-keskin","12":"first","13":"instock","14":"sale","15":"shipping-taxable","16":"purchasable","17":"product-type-simple"},"_links":{"self":[{"href":"https:\/\/roveyayinevi.com.tr\/index.php\/wp-json\/wp\/v2\/product\/763724","targetHints":{"allow":["GET"]}}],"collection":[{"href":"https:\/\/roveyayinevi.com.tr\/index.php\/wp-json\/wp\/v2\/product"}],"about":[{"href":"https:\/\/roveyayinevi.com.tr\/index.php\/wp-json\/wp\/v2\/types\/product"}],"wp:attachment":[{"href":"https:\/\/roveyayinevi.com.tr\/index.php\/wp-json\/wp\/v2\/media?parent=763724"}],"wp:term":[{"taxonomy":"product_brand","embeddable":true,"href":"https:\/\/roveyayinevi.com.tr\/index.php\/wp-json\/wp\/v2\/product_brand?post=763724"},{"taxonomy":"product_cat","embeddable":true,"href":"https:\/\/roveyayinevi.com.tr\/index.php\/wp-json\/wp\/v2\/product_cat?post=763724"},{"taxonomy":"product_tag","embeddable":true,"href":"https:\/\/roveyayinevi.com.tr\/index.php\/wp-json\/wp\/v2\/product_tag?post=763724"}],"curies":[{"name":"wp","href":"https:\/\/api.w.org\/{rel}","templated":true}]}}