{"id":763723,"date":"2025-08-28T10:49:50","date_gmt":"2025-08-28T07:49:50","guid":{"rendered":"https:\/\/roveyayinevi.com.tr\/index.php\/urun\/geceye-saldim-huznumu\/"},"modified":"2026-01-30T03:57:52","modified_gmt":"2026-01-30T00:57:52","slug":"geceye-saldim-huznumu","status":"publish","type":"product","link":"https:\/\/roveyayinevi.com.tr\/index.php\/urun\/geceye-saldim-huznumu\/","title":{"rendered":"Geceye Sald\u0131m H\u00fczn\u00fcm\u00fc"},"content":{"rendered":"<p>Geceye sald\u0131m h\u00fczn\u00fcm\u00fc, Y\u0131ld\u0131zlar\u0131 indirdim g\u00f6k y\u00fcz\u00fcnden. Bir bir kucaklay\u0131p \u00f6pt\u00fcm. Bir t\u00fcrl\u00fc uymuyor hayat, Bu d\u00fcnya kimine cennet, Kimine karanl\u0131k bir gece, Kimi her yerde ya\u015far mutlulu\u011fu Kimi Geceye Salar H\u00fczn\u00fcn\u00fc.<\/p>\n","protected":false},"excerpt":{"rendered":"<p>Geceye sald\u0131m h\u00fczn\u00fcm\u00fc, Y\u0131ld\u0131zlar\u0131 indirdim g\u00f6k y\u00fcz\u00fcnden. Bir bir kucaklay\u0131p \u00f6pt\u00fcm. Bir t\u00fcrl\u00fc uymuyor hayat, Bu d\u00fcnya kimine cennet, Kimine karanl\u0131k bir gece, Kimi her yerde<span class=\"excerpt-hellip\"> [\u2026]<\/span><\/p>\n","protected":false},"featured_media":0,"template":"","meta":{"_monsterinsights_skip_tracking":false,"_monsterinsights_sitenote_active":false,"_monsterinsights_sitenote_note":"","_monsterinsights_sitenote_category":0},"product_brand":[],"product_cat":[12291,12509],"product_tag":[],"class_list":{"0":"post-763723","1":"product","2":"type-product","3":"status-publish","5":"product_cat-edebiyat","6":"product_cat-siir","7":"pa_cilt-ciltsiz","8":"pa_tur-kitap","9":"pa_yayinevi-vova-yayinlari","10":"pa_yazar-tebernus-polat","12":"first","13":"instock","14":"sale","15":"shipping-taxable","16":"purchasable","17":"product-type-simple"},"_links":{"self":[{"href":"https:\/\/roveyayinevi.com.tr\/index.php\/wp-json\/wp\/v2\/product\/763723","targetHints":{"allow":["GET"]}}],"collection":[{"href":"https:\/\/roveyayinevi.com.tr\/index.php\/wp-json\/wp\/v2\/product"}],"about":[{"href":"https:\/\/roveyayinevi.com.tr\/index.php\/wp-json\/wp\/v2\/types\/product"}],"wp:attachment":[{"href":"https:\/\/roveyayinevi.com.tr\/index.php\/wp-json\/wp\/v2\/media?parent=763723"}],"wp:term":[{"taxonomy":"product_brand","embeddable":true,"href":"https:\/\/roveyayinevi.com.tr\/index.php\/wp-json\/wp\/v2\/product_brand?post=763723"},{"taxonomy":"product_cat","embeddable":true,"href":"https:\/\/roveyayinevi.com.tr\/index.php\/wp-json\/wp\/v2\/product_cat?post=763723"},{"taxonomy":"product_tag","embeddable":true,"href":"https:\/\/roveyayinevi.com.tr\/index.php\/wp-json\/wp\/v2\/product_tag?post=763723"}],"curies":[{"name":"wp","href":"https:\/\/api.w.org\/{rel}","templated":true}]}}