{"id":763722,"date":"2025-08-28T10:49:49","date_gmt":"2025-08-28T07:49:49","guid":{"rendered":"https:\/\/roveyayinevi.com.tr\/index.php\/urun\/karahitay-devleti-ve-maveraunnehirdeki-askeri-faaliyetleri\/"},"modified":"2026-01-30T03:57:52","modified_gmt":"2026-01-30T00:57:52","slug":"karahitay-devleti-ve-maveraunnehirdeki-askeri-faaliyetleri","status":"publish","type":"product","link":"https:\/\/roveyayinevi.com.tr\/index.php\/urun\/karahitay-devleti-ve-maveraunnehirdeki-askeri-faaliyetleri\/","title":{"rendered":"Karahitay Devleti ve Mavera\u00fcnnehirdeki Askeri Faaliyetleri"},"content":{"rendered":"<p>Karahitay Devleti, k\u0131sa bir s\u00fcrede Asya&#8217;n\u0131n bozk\u0131rlar\u0131ndan y\u00fckselerek M\u00e2ver\u00e2\u00fcnnehir&#8217;in zengin topraklar\u0131na ula\u015fm\u0131\u015f ve tarihin ak\u0131\u015f\u0131n\u0131 de\u011fi\u015ftiren b\u00fcy\u00fck bir imparatorluk kurmu\u015ftur. Bu kitap, Karahitaylar\u0131n atalar\u0131 olan Kitanlardan ald\u0131klar\u0131 mirasla, M\u00e2ver\u00e2\u00fcnnehir&#8217;deki askeri, ticari ve dini faaliyetlerini derinlemesine incelemekle kalmam\u0131\u015f, M\u00e2ver\u00e2\u00fcnnehir&#8217;de kurulan eski devletler ile olan ba\u011flant\u0131lar\u0131n\u0131 ve B\u00fcy\u00fck Sel\u00e7uklu Devleti&#8217;nin y\u0131k\u0131lma s\u00fcrecine giden yolu da \u00e7arp\u0131c\u0131 bir \u015fekilde sunmu\u015ftur. M\u00e2ver\u00e2\u00fcnnehir, tarihin en g\u00fc\u00e7l\u00fc devletlerinden baz\u0131lar\u0131n\u0131n be\u015fi\u011fi olmu\u015f, bu topraklarda kurulan medeniyetler ticaretin, inanc\u0131n ve askeri g\u00fcc\u00fcn merkezinde yer alm\u0131\u015ft\u0131r. Karahitay Devleti, B\u00fcy\u00fck Sel\u00e7uklu Devleti&#8217;nin zay\u0131flamaya ba\u015flad\u0131\u011f\u0131 bir d\u00f6nemde bu b\u00f6lgeye gelerek, Sel\u00e7uklular\u0131n b\u0131rakt\u0131\u011f\u0131 g\u00fc\u00e7 bo\u015flu\u011funu doldurmu\u015f ve b\u00f6lgenin kaderini yeniden \u015fekillendirmi\u015ftir. Bu eser, Karahitaylar\u0131n b\u00f6lgedeki askeri ba\u015far\u0131lar\u0131n\u0131, ticaret \u00fczerindeki etkilerini ve dini hayat\u0131 nas\u0131l yeniden d\u00fczenlediklerini ele al\u0131rken, ayn\u0131 zamanda atalar\u0131 Kitanlar hakk\u0131nda da bilgi vermektedir. Karahitay Devleti&#8217;nin M\u00e2ver\u00e2\u00fcnnehir&#8217;deki miras\u0131n\u0131 ve Sel\u00e7uklular\u0131n zay\u0131flamas\u0131yla nas\u0131l y\u00fckseldi\u011fini anlamak isteyen tarih merakl\u0131lar\u0131 ve akademisyenler i\u00e7in bu kitap, vazge\u00e7ilmez bir kaynak niteli\u011findedir. Eser, Okuyucular\u0131n\u0131, tarihin bu b\u00fcy\u00fcleyici d\u00f6nemine tan\u0131kl\u0131k etmeye davet etmektedir.<\/p>\n","protected":false},"excerpt":{"rendered":"<p>Karahitay Devleti, k\u0131sa bir s\u00fcrede Asya&#8217;n\u0131n bozk\u0131rlar\u0131ndan y\u00fckselerek M\u00e2ver\u00e2\u00fcnnehir&#8217;in zengin topraklar\u0131na ula\u015fm\u0131\u015f ve tarihin ak\u0131\u015f\u0131n\u0131 de\u011fi\u015ftiren b\u00fcy\u00fck bir imparatorluk kurmu\u015ftur. Bu kitap, Karahitaylar\u0131n atalar\u0131 olan Kitanlardan<span class=\"excerpt-hellip\"> [\u2026]<\/span><\/p>\n","protected":false},"featured_media":0,"template":"","meta":{"_monsterinsights_skip_tracking":false,"_monsterinsights_sitenote_active":false,"_monsterinsights_sitenote_note":"","_monsterinsights_sitenote_category":0},"product_brand":[],"product_cat":[12304],"product_tag":[],"class_list":{"0":"post-763722","1":"product","2":"type-product","3":"status-publish","5":"product_cat-tarih","6":"pa_cilt-ciltsiz","7":"pa_tur-kitap","8":"pa_yayinevi-vova-yayinlari","9":"pa_yazar-sedat-sayin","11":"first","12":"instock","13":"sale","14":"shipping-taxable","15":"purchasable","16":"product-type-simple"},"_links":{"self":[{"href":"https:\/\/roveyayinevi.com.tr\/index.php\/wp-json\/wp\/v2\/product\/763722","targetHints":{"allow":["GET"]}}],"collection":[{"href":"https:\/\/roveyayinevi.com.tr\/index.php\/wp-json\/wp\/v2\/product"}],"about":[{"href":"https:\/\/roveyayinevi.com.tr\/index.php\/wp-json\/wp\/v2\/types\/product"}],"wp:attachment":[{"href":"https:\/\/roveyayinevi.com.tr\/index.php\/wp-json\/wp\/v2\/media?parent=763722"}],"wp:term":[{"taxonomy":"product_brand","embeddable":true,"href":"https:\/\/roveyayinevi.com.tr\/index.php\/wp-json\/wp\/v2\/product_brand?post=763722"},{"taxonomy":"product_cat","embeddable":true,"href":"https:\/\/roveyayinevi.com.tr\/index.php\/wp-json\/wp\/v2\/product_cat?post=763722"},{"taxonomy":"product_tag","embeddable":true,"href":"https:\/\/roveyayinevi.com.tr\/index.php\/wp-json\/wp\/v2\/product_tag?post=763722"}],"curies":[{"name":"wp","href":"https:\/\/api.w.org\/{rel}","templated":true}]}}