{"id":763721,"date":"2025-08-28T10:49:47","date_gmt":"2025-08-28T07:49:47","guid":{"rendered":"https:\/\/roveyayinevi.com.tr\/index.php\/urun\/vitamin-corbasi\/"},"modified":"2026-01-30T03:57:52","modified_gmt":"2026-01-30T00:57:52","slug":"vitamin-corbasi","status":"publish","type":"product","link":"https:\/\/roveyayinevi.com.tr\/index.php\/urun\/vitamin-corbasi\/","title":{"rendered":"Vitamin \u00c7orbas\u0131"},"content":{"rendered":"<p>Sedat Yal\u00e7\u0131n, \u00f6yk\u00fc ve denemelerinde g\u00fcnl\u00fck ya\u015fant\u0131m\u0131z\u0131 t\u00fcm a\u00e7\u0131kl\u0131\u011f\u0131 ile g\u00f6zler \u00f6n\u00fcne sermeyi ama\u00e7l\u0131yor. Bu a\u00e7\u0131kl\u0131k sizleri rahats\u0131z edebilir. Edebilir; \u00e7\u00fcnk\u00fc ger\u00e7ekleri g\u00f6rmeyi kabul ett\u011finiz an, t\u00fcm b\u00fcy\u00fc bozulur. Maskelerimizi terk etme d\u00fc\u015f\u00fcncesi korkun\u00e7tur. Ama sonucu muhte\u015femdir: i\u00e7 huzurudur. Zihin yap\u0131m\u0131z trajik bir evrimle\u015fme s\u00fcrecinde. Rasyonel k\u0131sm\u0131 son elli y\u0131lda h\u0131zla geli\u015fip, bilim ve teknolojide inan\u0131lmaz bir noktaya ula\u015ft\u0131\u011f\u0131 h\u00e2lde, irrasyonel k\u0131sm\u0131 h\u00e2l\u00e2 atas\u0131 K\u00e2bil\/H\u00e2bil d\u00fczeyinde kalm\u0131\u015ft\u0131r. Ac\u0131mas\u0131zl\u0131\u011f\u0131, h\u0131rs\u0131, kan d\u00f6k\u00fcc\u00fc \u00f6zelli\u011fi, h\u00fckmetme saplant\u0131s\u0131, yok etme i\u00e7g\u00fcd\u00fcs\u00fc en ufak bir t\u00f6rp\u00fclenmeye bile u\u011framam\u0131\u015ft\u0131r. Bu nedenle iki ki\u015fi bir araya geldi\u011fi an \u00fcst\u00fcnl\u00fck m\u00fccadelesi ba\u015flar: t\u0131pk\u0131 devletler gibi. \u00c7\u00f6z\u00fcm\u00fc Polyannac\u0131l\u0131k oynayarak kendimizi kand\u0131rmakta buluyoruz. Nereye kadar? Kimsenin ka\u00e7amad\u0131\u011f\u0131 zorunlu o son nokta geldi\u011fi an, ne kadar bo\u015f \u015feylerle u\u011fra\u015ft\u0131\u011f\u0131m\u0131z\u0131 fark ederiz; ama perde iner, oyun biter. Ve son s\u00f6z: \u201cEn \u00e7ok da ya\u011fmur ya\u011fd\u0131\u011f\u0131nda seviyorum bu \u015fehri; herkesin y\u00fcz\u00fc \u0131slak, ba\u015f\u0131 \u00f6ne e\u011fik, sanki herkes su\u00e7unu kabullenmi\u015f gibi.\u201d Victor Hugo<\/p>\n","protected":false},"excerpt":{"rendered":"<p>Sedat Yal\u00e7\u0131n, \u00f6yk\u00fc ve denemelerinde g\u00fcnl\u00fck ya\u015fant\u0131m\u0131z\u0131 t\u00fcm a\u00e7\u0131kl\u0131\u011f\u0131 ile g\u00f6zler \u00f6n\u00fcne sermeyi ama\u00e7l\u0131yor. Bu a\u00e7\u0131kl\u0131k sizleri rahats\u0131z edebilir. Edebilir; \u00e7\u00fcnk\u00fc ger\u00e7ekleri g\u00f6rmeyi kabul ett\u011finiz an,<span class=\"excerpt-hellip\"> [\u2026]<\/span><\/p>\n","protected":false},"featured_media":0,"template":"","meta":{"_monsterinsights_skip_tracking":false,"_monsterinsights_sitenote_active":false,"_monsterinsights_sitenote_note":"","_monsterinsights_sitenote_category":0},"product_brand":[],"product_cat":[12777,12291],"product_tag":[],"class_list":{"0":"post-763721","1":"product","2":"type-product","3":"status-publish","5":"product_cat-deneme","6":"product_cat-edebiyat","7":"pa_cilt-ciltsiz","8":"pa_tur-kitap","9":"pa_yayinevi-vova-yayinlari","10":"pa_yazar-sedat-yalcin","12":"first","13":"instock","14":"sale","15":"shipping-taxable","16":"purchasable","17":"product-type-simple"},"_links":{"self":[{"href":"https:\/\/roveyayinevi.com.tr\/index.php\/wp-json\/wp\/v2\/product\/763721","targetHints":{"allow":["GET"]}}],"collection":[{"href":"https:\/\/roveyayinevi.com.tr\/index.php\/wp-json\/wp\/v2\/product"}],"about":[{"href":"https:\/\/roveyayinevi.com.tr\/index.php\/wp-json\/wp\/v2\/types\/product"}],"wp:attachment":[{"href":"https:\/\/roveyayinevi.com.tr\/index.php\/wp-json\/wp\/v2\/media?parent=763721"}],"wp:term":[{"taxonomy":"product_brand","embeddable":true,"href":"https:\/\/roveyayinevi.com.tr\/index.php\/wp-json\/wp\/v2\/product_brand?post=763721"},{"taxonomy":"product_cat","embeddable":true,"href":"https:\/\/roveyayinevi.com.tr\/index.php\/wp-json\/wp\/v2\/product_cat?post=763721"},{"taxonomy":"product_tag","embeddable":true,"href":"https:\/\/roveyayinevi.com.tr\/index.php\/wp-json\/wp\/v2\/product_tag?post=763721"}],"curies":[{"name":"wp","href":"https:\/\/api.w.org\/{rel}","templated":true}]}}