{"id":763720,"date":"2025-08-28T10:49:45","date_gmt":"2025-08-28T07:49:45","guid":{"rendered":"https:\/\/roveyayinevi.com.tr\/index.php\/urun\/adem-kendini-bilince\/"},"modified":"2026-04-15T03:29:42","modified_gmt":"2026-04-15T00:29:42","slug":"adem-kendini-bilince","status":"publish","type":"product","link":"https:\/\/roveyayinevi.com.tr\/index.php\/urun\/adem-kendini-bilince\/","title":{"rendered":"Adem Kendini Bilince"},"content":{"rendered":"<p>Mutlu olmak gayesi ile her istedi\u011finizi elde etmek i\u00e7in, bo\u015funa bu kadar kendinizi zorlamay\u0131n. \u0130\u00e7erde kaybetti\u011finizi d\u0131\u015farda bulman\u0131z m\u00fcmk\u00fcn de\u011fil. &#8220;Sana, \u00f6z\u00fcn\u00fc hat\u0131rlatan i\u00e7indeki g\u00fczellikleri g\u00f6steren bir ayna laz\u0131m.&#8221; &#8220;V\u00fccudun senden izin almaks\u0131z\u0131n ya\u015flan\u0131r. Ruhun ise, sen izin vermedik\u00e7e ya\u015flanmaz.&#8221; (K\u0131z\u0131lderili atas\u00f6z\u00fc)  Bu nedenle Eflatun; &#8220;Kendini bilmek ruhunu bilmektir. &#8221; Diye belirtmi\u015ftir. Negatif bir halet-i ruhiye ile pozitif bir hayat ya\u015fanmaz. &#8220;Kendini bilme yolculu\u011funda, biraz mesafe kat edip d\u00fc\u015f\u00fcncelerinizi d\u00fczene koyunca, hayat\u0131n\u0131z da d\u00fczene girecek.&#8221; Mehmet TOY <\/p>\n","protected":false},"excerpt":{"rendered":"<p>Mutlu olmak gayesi ile her istedi\u011finizi elde etmek i\u00e7in, bo\u015funa bu kadar kendinizi zorlamay\u0131n. \u0130\u00e7erde kaybetti\u011finizi d\u0131\u015farda bulman\u0131z m\u00fcmk\u00fcn de\u011fil. &#8220;Sana, \u00f6z\u00fcn\u00fc hat\u0131rlatan i\u00e7indeki g\u00fczellikleri g\u00f6steren<span class=\"excerpt-hellip\"> [\u2026]<\/span><\/p>\n","protected":false},"featured_media":0,"template":"","meta":{"_monsterinsights_skip_tracking":false,"_monsterinsights_sitenote_active":false,"_monsterinsights_sitenote_note":"","_monsterinsights_sitenote_category":0},"product_brand":[],"product_cat":[12364,12376],"product_tag":[],"class_list":{"0":"post-763720","1":"product","2":"type-product","3":"status-publish","5":"product_cat-genel-konular","6":"product_cat-kisisel-gelisim","7":"pa_cilt-ciltsiz","8":"pa_tur-kitap","9":"pa_yayinevi-kmd-yayinlari","10":"pa_yazar-mehmet-toy","12":"first","13":"instock","14":"sale","15":"shipping-taxable","16":"purchasable","17":"product-type-simple"},"_links":{"self":[{"href":"https:\/\/roveyayinevi.com.tr\/index.php\/wp-json\/wp\/v2\/product\/763720","targetHints":{"allow":["GET"]}}],"collection":[{"href":"https:\/\/roveyayinevi.com.tr\/index.php\/wp-json\/wp\/v2\/product"}],"about":[{"href":"https:\/\/roveyayinevi.com.tr\/index.php\/wp-json\/wp\/v2\/types\/product"}],"wp:attachment":[{"href":"https:\/\/roveyayinevi.com.tr\/index.php\/wp-json\/wp\/v2\/media?parent=763720"}],"wp:term":[{"taxonomy":"product_brand","embeddable":true,"href":"https:\/\/roveyayinevi.com.tr\/index.php\/wp-json\/wp\/v2\/product_brand?post=763720"},{"taxonomy":"product_cat","embeddable":true,"href":"https:\/\/roveyayinevi.com.tr\/index.php\/wp-json\/wp\/v2\/product_cat?post=763720"},{"taxonomy":"product_tag","embeddable":true,"href":"https:\/\/roveyayinevi.com.tr\/index.php\/wp-json\/wp\/v2\/product_tag?post=763720"}],"curies":[{"name":"wp","href":"https:\/\/api.w.org\/{rel}","templated":true}]}}