{"id":763717,"date":"2025-08-28T10:49:38","date_gmt":"2025-08-28T07:49:38","guid":{"rendered":"https:\/\/roveyayinevi.com.tr\/index.php\/urun\/suikast-plani\/"},"modified":"2026-04-15T03:29:42","modified_gmt":"2026-04-15T00:29:42","slug":"suikast-plani","status":"publish","type":"product","link":"https:\/\/roveyayinevi.com.tr\/index.php\/urun\/suikast-plani\/","title":{"rendered":"Suikast Plan\u0131"},"content":{"rendered":"<p>N\u0130KOLAY TURGENYEV : (D\u00fc\u015f\u00fcnceli h\u00e2li ve k\u0131s\u0131k sesiyle) Konu benim i\u00e7in o kadar kolay de\u011fil. Pavel ve Fyodor ikiniz de bekars\u0131n\u0131z ana baban\u0131z hayatta de\u011fil. Kaybedecek tek \u015feyiniz atalar\u0131n\u0131zdan kalan toprak. Onu da \u00f6l\u00fc ya da diri kaybedecek gibisiniz. Bu y\u00fczden bu eylem size kolay gelebilir. (Mihal\u2019e d\u00f6nerek) Mihail\u2019e gelecek olursak onun da ba\u011fl\u0131 oldu\u011fu bir evi ve e\u015fi yok, babas\u0131n\u0131n i\u015fleri yolunda. Gen\u00e7li\u011finin verdi\u011fi heyecan\u0131 da d\u00fc\u015f\u00fcnecek olursak geride kimin kal\u0131p kalmad\u0131\u011f\u0131 \u00e7ok da umrunda de\u011fil. Benimse bir evim, e\u015fim, iki \u00e7ocu\u011fum bakmam gereken bir anal\u0131\u011f\u0131m var. Bunlar\u0131 d\u00fc\u015f\u00fcnmek zorunday\u0131m. Kaybedecek bir \u015feyleri olmayanlar i\u00e7in \u00f6lmek s\u0131radan bir eylemdir. (Yar\u0131m \u015farap \u015fi\u015fesini al\u0131p kafas\u0131na dikti.) M\u0130HA\u0130L :       (Nikolay\u2019\u0131n kafas\u0131na dikti\u011fi \u015farap \u015fi\u015fesini elinden ald\u0131.) Korkaklar\u0131n i\u00e7meye hakk\u0131 yok, sen onurunu kaybetmi\u015fsin. (Nikolay\u2019\u0131n elinden ald\u0131\u011f\u0131 \u015farap \u015fi\u015fesini kafas\u0131na dikti.) N\u0130KOLAY TURGENYEV :      Onur senin i\u00e7in ne anlama geliyor? M\u0130HA\u0130L :      \u0130nsan\u0131n ya\u015famas\u0131 i\u00e7in sahip oldu\u011fu \u015feydir onur. (Nikolay  TURGENYEV\u2019E sert sert bakmaya devam ediyordu.) N\u0130KOLAY TURGENYEV :       Yine gen\u00e7li\u011fin cahilce s\u00f6zleri. Geride b\u0131rakt\u0131klar\u0131n\u0131 d\u00fc\u015f\u00fcnmeyen biri nas\u0131l onurlu \u00f6lm\u00fc\u015f olur? <\/p>\n","protected":false},"excerpt":{"rendered":"<p>N\u0130KOLAY TURGENYEV : (D\u00fc\u015f\u00fcnceli h\u00e2li ve k\u0131s\u0131k sesiyle) Konu benim i\u00e7in o kadar kolay de\u011fil. Pavel ve Fyodor ikiniz de bekars\u0131n\u0131z ana baban\u0131z hayatta de\u011fil. Kaybedecek<span class=\"excerpt-hellip\"> [\u2026]<\/span><\/p>\n","protected":false},"featured_media":0,"template":"","meta":{"_monsterinsights_skip_tracking":false,"_monsterinsights_sitenote_active":false,"_monsterinsights_sitenote_note":"","_monsterinsights_sitenote_category":0},"product_brand":[],"product_cat":[12291,15566],"product_tag":[],"class_list":{"0":"post-763717","1":"product","2":"type-product","3":"status-publish","5":"product_cat-edebiyat","6":"product_cat-oyun","7":"pa_cilt-ciltsiz","8":"pa_tur-kitap","9":"pa_yayinevi-kmd-yayinlari","10":"pa_yazar-mert-mutlu","12":"first","13":"instock","14":"sale","15":"shipping-taxable","16":"purchasable","17":"product-type-simple"},"_links":{"self":[{"href":"https:\/\/roveyayinevi.com.tr\/index.php\/wp-json\/wp\/v2\/product\/763717","targetHints":{"allow":["GET"]}}],"collection":[{"href":"https:\/\/roveyayinevi.com.tr\/index.php\/wp-json\/wp\/v2\/product"}],"about":[{"href":"https:\/\/roveyayinevi.com.tr\/index.php\/wp-json\/wp\/v2\/types\/product"}],"wp:attachment":[{"href":"https:\/\/roveyayinevi.com.tr\/index.php\/wp-json\/wp\/v2\/media?parent=763717"}],"wp:term":[{"taxonomy":"product_brand","embeddable":true,"href":"https:\/\/roveyayinevi.com.tr\/index.php\/wp-json\/wp\/v2\/product_brand?post=763717"},{"taxonomy":"product_cat","embeddable":true,"href":"https:\/\/roveyayinevi.com.tr\/index.php\/wp-json\/wp\/v2\/product_cat?post=763717"},{"taxonomy":"product_tag","embeddable":true,"href":"https:\/\/roveyayinevi.com.tr\/index.php\/wp-json\/wp\/v2\/product_tag?post=763717"}],"curies":[{"name":"wp","href":"https:\/\/api.w.org\/{rel}","templated":true}]}}