{"id":763715,"date":"2025-08-28T10:49:33","date_gmt":"2025-08-28T07:49:33","guid":{"rendered":"https:\/\/roveyayinevi.com.tr\/index.php\/urun\/noyanlar-anadoluda\/"},"modified":"2026-04-15T03:29:42","modified_gmt":"2026-04-15T00:29:42","slug":"noyanlar-anadoluda","status":"publish","type":"product","link":"https:\/\/roveyayinevi.com.tr\/index.php\/urun\/noyanlar-anadoluda\/","title":{"rendered":"Noyanlar Anadolu&#8217;da"},"content":{"rendered":"<p>&#8221;Baycu Noyan y\u00fcreklere korku sald\u0131\u011f\u0131ndan emin bir \u015fekilde a\u011f\u0131r a\u011f\u0131r \u015fehre do\u011fru ilerliyordu. K\u0131\u015f mevsiminin yakla\u015fmakta oldu\u011funun fark\u0131ndayd\u0131 ve akl\u0131ndan olas\u0131 t\u00fcm se\u00e7enekleri ge\u00e7iriyordu. \u00d6nceli\u011fi muhasaray\u0131 uzatmadan \u015fehri teslim al\u0131p ya\u011fmalamakt\u0131 ama i\u015fler terse giderse de art\u0131k a\u00e7\u0131k bir kap\u0131 haline gelen bu topraklarda askerini zor durumda b\u0131rakmak niyetinde de\u011fildi.&#8221; Okurlar\u0131n Sel\u00e7uklular D\u00f6neminde Mo\u011follar\u0131n Anadolu vilayetlerinde ger\u00e7ekle\u015ftirdikleri istilay\u0131  konu edinen bu roman\u0131m\u0131 heyecan duyarak ve soluksuz bir \u015fekilde okuyacaklar\u0131n\u0131 \u00fcmit ediyorum. Selam ve sayg\u0131 ile&#8230; <\/p>\n","protected":false},"excerpt":{"rendered":"<p>&#8221;Baycu Noyan y\u00fcreklere korku sald\u0131\u011f\u0131ndan emin bir \u015fekilde a\u011f\u0131r a\u011f\u0131r \u015fehre do\u011fru ilerliyordu. K\u0131\u015f mevsiminin yakla\u015fmakta oldu\u011funun fark\u0131ndayd\u0131 ve akl\u0131ndan olas\u0131 t\u00fcm se\u00e7enekleri ge\u00e7iriyordu. \u00d6nceli\u011fi muhasaray\u0131<span class=\"excerpt-hellip\"> [\u2026]<\/span><\/p>\n","protected":false},"featured_media":0,"template":"","meta":{"_monsterinsights_skip_tracking":false,"_monsterinsights_sitenote_active":false,"_monsterinsights_sitenote_note":"","_monsterinsights_sitenote_category":0},"product_brand":[],"product_cat":[12291,12745],"product_tag":[],"class_list":{"0":"post-763715","1":"product","2":"type-product","3":"status-publish","5":"product_cat-edebiyat","6":"product_cat-tarihi-roman","7":"pa_cilt-ciltsiz","8":"pa_tur-kitap","9":"pa_yayinevi-kmd-yayinlari","10":"pa_yazar-ozkan-kilinc","12":"first","13":"instock","14":"sale","15":"shipping-taxable","16":"purchasable","17":"product-type-simple"},"_links":{"self":[{"href":"https:\/\/roveyayinevi.com.tr\/index.php\/wp-json\/wp\/v2\/product\/763715","targetHints":{"allow":["GET"]}}],"collection":[{"href":"https:\/\/roveyayinevi.com.tr\/index.php\/wp-json\/wp\/v2\/product"}],"about":[{"href":"https:\/\/roveyayinevi.com.tr\/index.php\/wp-json\/wp\/v2\/types\/product"}],"wp:attachment":[{"href":"https:\/\/roveyayinevi.com.tr\/index.php\/wp-json\/wp\/v2\/media?parent=763715"}],"wp:term":[{"taxonomy":"product_brand","embeddable":true,"href":"https:\/\/roveyayinevi.com.tr\/index.php\/wp-json\/wp\/v2\/product_brand?post=763715"},{"taxonomy":"product_cat","embeddable":true,"href":"https:\/\/roveyayinevi.com.tr\/index.php\/wp-json\/wp\/v2\/product_cat?post=763715"},{"taxonomy":"product_tag","embeddable":true,"href":"https:\/\/roveyayinevi.com.tr\/index.php\/wp-json\/wp\/v2\/product_tag?post=763715"}],"curies":[{"name":"wp","href":"https:\/\/api.w.org\/{rel}","templated":true}]}}