{"id":763714,"date":"2025-08-28T10:49:31","date_gmt":"2025-08-28T07:49:31","guid":{"rendered":"https:\/\/roveyayinevi.com.tr\/index.php\/urun\/hayattan-kisa-notlar-1\/"},"modified":"2026-04-15T03:29:42","modified_gmt":"2026-04-15T00:29:42","slug":"hayattan-kisa-notlar-1","status":"publish","type":"product","link":"https:\/\/roveyayinevi.com.tr\/index.php\/urun\/hayattan-kisa-notlar-1\/","title":{"rendered":"Hayattan K\u0131sa Notlar (1)"},"content":{"rendered":"<p>Hayat bazen bir ya\u011fmur damlas\u0131, bazen bir dolu, bazen bir kar, bazen de bir buz gibi an\u0131lar b\u0131rak\u0131r hayat\u0131m\u0131za! D\u00f6rt mevsimi ya\u015far\u0131z sevinciyle, h\u00fczn\u00fcyle, g\u00fcne\u015fiyle, bulutuyla, ya\u011fmuruyla! S\u0131caklar\u0131nda yanar, so\u011fuklar\u0131nda \u00fc\u015f\u00fcr, f\u0131rt\u0131nalar\u0131nda sava\u015f\u0131r, esintilerinde kaybolur i\u00e7imizi g\u00fczel duygular kaplar. Gelece\u011fi s\u00fcsleyen hayallerle ya\u015fad\u0131\u011f\u0131m\u0131z hayat\u0131n ger\u00e7eklerinde s\u0131k\u0131\u015fan bizler, kimi zaman her \u015fey elimizde, kimi zaman her \u015fey bir nasip diye ya\u015far\u0131z hayat\u0131! Sonu\u00e7ta ge\u00e7mi\u015ften an\u0131lar birikmi\u015ftir. Kimi insana ders kal\u0131r, kimi ac\u0131lar b\u0131rak\u0131r. \u0130nsan akl\u0131 ge\u00e7mi\u015ften ders alarak gelece\u011fe do\u011fru y\u00fcr\u00fcrse gelece\u011fini g\u00fczelle\u015ftirir. Ancak bazen ak\u0131l ge\u00e7mi\u015fe k\u00f6le kal\u0131r. Ne kadar sava\u015fsa da ge\u00e7mi\u015fine kar\u015f\u0131 \u00f6zg\u00fcr olamaz. Ge\u00e7mi\u015fine k\u00f6le kalan ak\u0131llar, gelece\u011fine ayd\u0131nl\u0131k getiremez.  Bir g\u00fcn \u201cTecr\u00fcbe nedir?\u201d diye sordular: \u201cHayatta yedi\u011fim kaz\u0131klar\u0131n toplam\u0131d\u0131r.\u201d dedim. G\u00fcld\u00fcler\u2026 Ard\u0131ndan ekledim: \u201cNiye g\u00fcl\u00fcyorsunuz? Tecr\u00fcbelerim diye ge\u00e7mi\u015ften gelen g\u00fczel an\u0131lar\u0131 anlatan g\u00f6rd\u00fcn\u00fcz m\u00fc?\u201d \u00d6nemli olan nedir? \u00d6nemli olan kendimizle b\u00fct\u00fcnle\u015fmektir. Fizi\u011fimizle, akl\u0131m\u0131zla, irademizle, k\u00fclt\u00fcr\u00fcm\u00fczle, inanc\u0131m\u0131zla, ya\u015fam\u0131m\u0131zla ve ge\u00e7mi\u015ften kalan an\u0131lar\u0131m\u0131zla b\u00fct\u00fcnle\u015fmek. Bunu ba\u015fard\u0131\u011f\u0131m\u0131zda kendimizle bar\u0131\u015f\u0131k ya\u015far\u0131z. Akl\u0131m\u0131zdan \u00e7\u0131kmamas\u0131 gereken \u015fey: G\u00fclerken, a\u011flarken, ac\u0131 \u00e7ekerken, umutsuz kal\u0131rken, umutlarla gelece\u011fe bakarken, ba\u015far\u0131l\u0131yken ba\u015far\u0131s\u0131zken her zaman biziz. Bir ba\u015fkas\u0131 de\u011fil. Bizi ben kabul etti\u011fimizde bilgilerimiz artar. Bilgilerin hepsinin do\u011fru olmas\u0131 \u015fart de\u011fildir. Do\u011fru yanl\u0131\u015f b\u00fct\u00fcn bilgiler bizi olgunla\u015ft\u0131ran bir ser\u00fcvendir. Bilin\u00e7 dedi\u011fimiz \u015fey: Bilgilerimizle iyi, do\u011fru, ger\u00e7ek bir insan olabilmektir.  Elinizdeki kitapta hayat\u0131n\u0131zdan baz\u0131 an\u0131lar bulacaks\u0131n\u0131z. Kitap kendinizle b\u00fct\u00fcnle\u015fti\u011fi zaman g\u00fczeldir. <\/p>\n","protected":false},"excerpt":{"rendered":"<p>Hayat bazen bir ya\u011fmur damlas\u0131, bazen bir dolu, bazen bir kar, bazen de bir buz gibi an\u0131lar b\u0131rak\u0131r hayat\u0131m\u0131za! D\u00f6rt mevsimi ya\u015far\u0131z sevinciyle, h\u00fczn\u00fcyle, g\u00fcne\u015fiyle, bulutuyla,<span class=\"excerpt-hellip\"> [\u2026]<\/span><\/p>\n","protected":false},"featured_media":0,"template":"","meta":{"_monsterinsights_skip_tracking":false,"_monsterinsights_sitenote_active":false,"_monsterinsights_sitenote_note":"","_monsterinsights_sitenote_category":0},"product_brand":[],"product_cat":[12291,12509],"product_tag":[],"class_list":{"0":"post-763714","1":"product","2":"type-product","3":"status-publish","5":"product_cat-edebiyat","6":"product_cat-siir","7":"pa_cilt-ciltsiz","8":"pa_tur-kitap","9":"pa_yayinevi-kmd-yayinlari","10":"pa_yazar-mehmet-coban","12":"first","13":"instock","14":"sale","15":"shipping-taxable","16":"purchasable","17":"product-type-simple"},"_links":{"self":[{"href":"https:\/\/roveyayinevi.com.tr\/index.php\/wp-json\/wp\/v2\/product\/763714","targetHints":{"allow":["GET"]}}],"collection":[{"href":"https:\/\/roveyayinevi.com.tr\/index.php\/wp-json\/wp\/v2\/product"}],"about":[{"href":"https:\/\/roveyayinevi.com.tr\/index.php\/wp-json\/wp\/v2\/types\/product"}],"wp:attachment":[{"href":"https:\/\/roveyayinevi.com.tr\/index.php\/wp-json\/wp\/v2\/media?parent=763714"}],"wp:term":[{"taxonomy":"product_brand","embeddable":true,"href":"https:\/\/roveyayinevi.com.tr\/index.php\/wp-json\/wp\/v2\/product_brand?post=763714"},{"taxonomy":"product_cat","embeddable":true,"href":"https:\/\/roveyayinevi.com.tr\/index.php\/wp-json\/wp\/v2\/product_cat?post=763714"},{"taxonomy":"product_tag","embeddable":true,"href":"https:\/\/roveyayinevi.com.tr\/index.php\/wp-json\/wp\/v2\/product_tag?post=763714"}],"curies":[{"name":"wp","href":"https:\/\/api.w.org\/{rel}","templated":true}]}}