{"id":763713,"date":"2025-08-28T10:49:29","date_gmt":"2025-08-28T07:49:29","guid":{"rendered":"https:\/\/roveyayinevi.com.tr\/index.php\/urun\/nar-3\/"},"modified":"2026-04-15T03:29:42","modified_gmt":"2026-04-15T00:29:42","slug":"nar-3","status":"publish","type":"product","link":"https:\/\/roveyayinevi.com.tr\/index.php\/urun\/nar-3\/","title":{"rendered":"Nar"},"content":{"rendered":"<p>Bir kad\u0131n, \u00fc\u00e7 adam, bir \u00f6l\u00fcm\u2026 Toroslar\u0131n ete\u011finden Akdeniz\u2019e uzanan bir yolculuk\u2026 Sevgisiz bir kalbin Gen\u00e7, yaln\u0131z bir kad\u0131n\u0131n Ac\u0131l\u0131 bir annenin mahzun hikayesi\u2026 Kaderi de\u011fi\u015ftirmek m\u00fcmk\u00fcn m\u00fc? Gitmek mi daha kolay yoksa kalmak m\u0131? Peki ya A\u015eK? U\u011fruna at\u0131lan her ad\u0131m, \u00e7\u0131k\u0131lan her yol m\u00fcbah m\u0131?                                                                                                                           \u00d6zlem \u00d6ZBAK <\/p>\n","protected":false},"excerpt":{"rendered":"<p>Bir kad\u0131n, \u00fc\u00e7 adam, bir \u00f6l\u00fcm\u2026 Toroslar\u0131n ete\u011finden Akdeniz\u2019e uzanan bir yolculuk\u2026 Sevgisiz bir kalbin Gen\u00e7, yaln\u0131z bir kad\u0131n\u0131n Ac\u0131l\u0131 bir annenin mahzun hikayesi\u2026 Kaderi de\u011fi\u015ftirmek<span class=\"excerpt-hellip\"> [\u2026]<\/span><\/p>\n","protected":false},"featured_media":0,"template":"","meta":{"_monsterinsights_skip_tracking":false,"_monsterinsights_sitenote_active":false,"_monsterinsights_sitenote_note":"","_monsterinsights_sitenote_category":0},"product_brand":[],"product_cat":[12291,12711],"product_tag":[],"class_list":{"0":"post-763713","1":"product","2":"type-product","3":"status-publish","5":"product_cat-edebiyat","6":"product_cat-roman-oyku","7":"pa_cilt-ciltsiz","8":"pa_tur-kitap","9":"pa_yayinevi-kmd-yayinlari","10":"pa_yazar-ozlem-ozbak","12":"first","13":"instock","14":"sale","15":"shipping-taxable","16":"purchasable","17":"product-type-simple"},"_links":{"self":[{"href":"https:\/\/roveyayinevi.com.tr\/index.php\/wp-json\/wp\/v2\/product\/763713","targetHints":{"allow":["GET"]}}],"collection":[{"href":"https:\/\/roveyayinevi.com.tr\/index.php\/wp-json\/wp\/v2\/product"}],"about":[{"href":"https:\/\/roveyayinevi.com.tr\/index.php\/wp-json\/wp\/v2\/types\/product"}],"wp:attachment":[{"href":"https:\/\/roveyayinevi.com.tr\/index.php\/wp-json\/wp\/v2\/media?parent=763713"}],"wp:term":[{"taxonomy":"product_brand","embeddable":true,"href":"https:\/\/roveyayinevi.com.tr\/index.php\/wp-json\/wp\/v2\/product_brand?post=763713"},{"taxonomy":"product_cat","embeddable":true,"href":"https:\/\/roveyayinevi.com.tr\/index.php\/wp-json\/wp\/v2\/product_cat?post=763713"},{"taxonomy":"product_tag","embeddable":true,"href":"https:\/\/roveyayinevi.com.tr\/index.php\/wp-json\/wp\/v2\/product_tag?post=763713"}],"curies":[{"name":"wp","href":"https:\/\/api.w.org\/{rel}","templated":true}]}}