{"id":763710,"date":"2025-08-28T10:49:23","date_gmt":"2025-08-28T07:49:23","guid":{"rendered":"https:\/\/roveyayinevi.com.tr\/index.php\/urun\/hayat-guzel-oluyor-bazen\/"},"modified":"2026-04-15T03:29:41","modified_gmt":"2026-04-15T00:29:41","slug":"hayat-guzel-oluyor-bazen","status":"publish","type":"product","link":"https:\/\/roveyayinevi.com.tr\/index.php\/urun\/hayat-guzel-oluyor-bazen\/","title":{"rendered":"Hayat G\u00fczel Oluyor Bazen"},"content":{"rendered":"<p>KARARSIZIM BU G\u00dcNLERDE \u00d6yle bir yerdeyim ki U\u00e7sam bir t\u00fcrl\u00fc, u\u00e7masam bir t\u00fcrl\u00fc \u0130kilem pe\u015fimi b\u0131rakm\u0131yor D\u00fc\u015fsem bir t\u00fcrl\u00fc, d\u00fc\u015fmesem bir t\u00fcrl\u00fc Yol ay\u0131r\u0131m\u0131na geldim Sa\u011fa gitsem bir t\u00fcrl\u00fc, sola gitsem bir t\u00fcrl\u00fc Y\u0131llar sonra a\u015fka d\u00fc\u015ft\u00fcm Sevsem bir t\u00fcrl\u00fc, sevmesem bir t\u00fcrl\u00fc Huzurum kalmad\u0131 bu d\u00fcnyada \u00d6lsem bir t\u00fcrl\u00fc, ya\u015fasam bir t\u00fcrl\u00fc  Sevgilerimle <\/p>\n","protected":false},"excerpt":{"rendered":"<p>KARARSIZIM BU G\u00dcNLERDE \u00d6yle bir yerdeyim ki U\u00e7sam bir t\u00fcrl\u00fc, u\u00e7masam bir t\u00fcrl\u00fc \u0130kilem pe\u015fimi b\u0131rakm\u0131yor D\u00fc\u015fsem bir t\u00fcrl\u00fc, d\u00fc\u015fmesem bir t\u00fcrl\u00fc Yol ay\u0131r\u0131m\u0131na geldim Sa\u011fa<span class=\"excerpt-hellip\"> [\u2026]<\/span><\/p>\n","protected":false},"featured_media":0,"template":"","meta":{"_monsterinsights_skip_tracking":false,"_monsterinsights_sitenote_active":false,"_monsterinsights_sitenote_note":"","_monsterinsights_sitenote_category":0},"product_brand":[],"product_cat":[12291,12509],"product_tag":[],"class_list":{"0":"post-763710","1":"product","2":"type-product","3":"status-publish","5":"product_cat-edebiyat","6":"product_cat-siir","7":"pa_cilt-ciltsiz","8":"pa_tur-kitap","9":"pa_yayinevi-vaveyla-yayincilik","10":"pa_yazar-nurettin-coban","12":"first","13":"instock","14":"sale","15":"shipping-taxable","16":"purchasable","17":"product-type-simple"},"_links":{"self":[{"href":"https:\/\/roveyayinevi.com.tr\/index.php\/wp-json\/wp\/v2\/product\/763710","targetHints":{"allow":["GET"]}}],"collection":[{"href":"https:\/\/roveyayinevi.com.tr\/index.php\/wp-json\/wp\/v2\/product"}],"about":[{"href":"https:\/\/roveyayinevi.com.tr\/index.php\/wp-json\/wp\/v2\/types\/product"}],"wp:attachment":[{"href":"https:\/\/roveyayinevi.com.tr\/index.php\/wp-json\/wp\/v2\/media?parent=763710"}],"wp:term":[{"taxonomy":"product_brand","embeddable":true,"href":"https:\/\/roveyayinevi.com.tr\/index.php\/wp-json\/wp\/v2\/product_brand?post=763710"},{"taxonomy":"product_cat","embeddable":true,"href":"https:\/\/roveyayinevi.com.tr\/index.php\/wp-json\/wp\/v2\/product_cat?post=763710"},{"taxonomy":"product_tag","embeddable":true,"href":"https:\/\/roveyayinevi.com.tr\/index.php\/wp-json\/wp\/v2\/product_tag?post=763710"}],"curies":[{"name":"wp","href":"https:\/\/api.w.org\/{rel}","templated":true}]}}