{"id":763708,"date":"2025-08-28T10:49:18","date_gmt":"2025-08-28T07:49:18","guid":{"rendered":"https:\/\/roveyayinevi.com.tr\/index.php\/urun\/nehir\/"},"modified":"2026-04-15T03:29:41","modified_gmt":"2026-04-15T00:29:41","slug":"nehir","status":"publish","type":"product","link":"https:\/\/roveyayinevi.com.tr\/index.php\/urun\/nehir\/","title":{"rendered":"Nehir"},"content":{"rendered":"<p>Gecenin birinde yine nehre do\u011fru y\u00fcr\u00fcyordum ve yaln\u0131z oldu\u011fuma emindim. \u0130\u00e7imden gelen s\u0131z\u0131yla \u015fark\u0131lar s\u00f6yl\u00fcyor dile getiremedi\u011fi duygu ve \u00f6zlemleri daha ta\u015fa ve y\u0131ld\u0131zlara anlatmaya \u00e7al\u0131\u015f\u0131yordum. Birden ay \u0131\u015f\u0131\u011f\u0131ndan beliren bir g\u00f6lge g\u00f6rd\u00fcm \u00f6n\u00fcmde ve korkuya kap\u0131l\u0131p ta\u015f kesildim oldu\u011fum yerde. On be\u015f saniye kadar nefesimi tuttum ve korkunun zirvesini ya\u015fad\u0131m. Benim burada oldu\u011funu kim bilebilirdi? Gecenin bu saati kara tad\u0131n \u00fczerinde y\u00fcr\u00fcyen bir kar\u0131nca gibi s\u00fcz\u00fclm\u00fc\u015f gelmi\u015ftim buraya. Kafam\u0131 arkaya \u00e7evirip bakt\u0131\u011f\u0131mda onu g\u00f6r\u00fcnce hem \u00e7ok \u015fa\u015f\u0131rd\u0131m hem de \u00e7ok korktum. \u0130lk anda ne diyece\u011fimi kestiremedim ve derin bir nefes alman\u0131n daha iyi bir fikir oldu\u011funu d\u00fc\u015f\u00fcnd\u00fcm. Bu karanl\u0131kta y\u00fcz\u00fcm\u00fc nas\u0131l g\u00f6rd\u00fc bilmiyorum ama korktu\u011fumu anlam\u0131\u015f olmal\u0131yd\u0131.<\/p>\n","protected":false},"excerpt":{"rendered":"<p>Gecenin birinde yine nehre do\u011fru y\u00fcr\u00fcyordum ve yaln\u0131z oldu\u011fuma emindim. \u0130\u00e7imden gelen s\u0131z\u0131yla \u015fark\u0131lar s\u00f6yl\u00fcyor dile getiremedi\u011fi duygu ve \u00f6zlemleri daha ta\u015fa ve y\u0131ld\u0131zlara anlatmaya \u00e7al\u0131\u015f\u0131yordum.<span class=\"excerpt-hellip\"> [\u2026]<\/span><\/p>\n","protected":false},"featured_media":0,"template":"","meta":{"_monsterinsights_skip_tracking":false,"_monsterinsights_sitenote_active":false,"_monsterinsights_sitenote_note":"","_monsterinsights_sitenote_category":0},"product_brand":[],"product_cat":[12291,12711],"product_tag":[],"class_list":{"0":"post-763708","1":"product","2":"type-product","3":"status-publish","5":"product_cat-edebiyat","6":"product_cat-roman-oyku","7":"pa_cilt-ciltsiz","8":"pa_tur-kitap","9":"pa_yayinevi-vaveyla-yayincilik","10":"pa_yazar-beyzanur-bilyay","12":"first","13":"instock","14":"sale","15":"shipping-taxable","16":"purchasable","17":"product-type-simple"},"_links":{"self":[{"href":"https:\/\/roveyayinevi.com.tr\/index.php\/wp-json\/wp\/v2\/product\/763708","targetHints":{"allow":["GET"]}}],"collection":[{"href":"https:\/\/roveyayinevi.com.tr\/index.php\/wp-json\/wp\/v2\/product"}],"about":[{"href":"https:\/\/roveyayinevi.com.tr\/index.php\/wp-json\/wp\/v2\/types\/product"}],"wp:attachment":[{"href":"https:\/\/roveyayinevi.com.tr\/index.php\/wp-json\/wp\/v2\/media?parent=763708"}],"wp:term":[{"taxonomy":"product_brand","embeddable":true,"href":"https:\/\/roveyayinevi.com.tr\/index.php\/wp-json\/wp\/v2\/product_brand?post=763708"},{"taxonomy":"product_cat","embeddable":true,"href":"https:\/\/roveyayinevi.com.tr\/index.php\/wp-json\/wp\/v2\/product_cat?post=763708"},{"taxonomy":"product_tag","embeddable":true,"href":"https:\/\/roveyayinevi.com.tr\/index.php\/wp-json\/wp\/v2\/product_tag?post=763708"}],"curies":[{"name":"wp","href":"https:\/\/api.w.org\/{rel}","templated":true}]}}