{"id":763706,"date":"2025-08-28T10:49:14","date_gmt":"2025-08-28T07:49:14","guid":{"rendered":"https:\/\/roveyayinevi.com.tr\/index.php\/urun\/adanmis-misralar\/"},"modified":"2026-04-15T03:29:41","modified_gmt":"2026-04-15T00:29:41","slug":"adanmis-misralar","status":"publish","type":"product","link":"https:\/\/roveyayinevi.com.tr\/index.php\/urun\/adanmis-misralar\/","title":{"rendered":"Adanm\u0131\u015f M\u0131sralar"},"content":{"rendered":"<p>S\u00f6z\u00fcn g\u00fcc\u00fc, s\u00fck\u00fbtun derinli\u011fi vard\u0131r. S\u00fck\u00fbtun bilgeli\u011fi, s\u00f6z\u00fcn hikmetinden y\u00fcksektir. \u00c7\u00fcnk\u00fc s\u00f6z\u00fcn tesiri kelimelerin yetti\u011fi ve muhatab\u0131n\u0131z\u0131n anlad\u0131\u011f\u0131 kadard\u0131r. Oysa s\u00fck\u00fbtun derinli\u011finin bir hududu yoktur. Ancak ne var ki s\u00f6z iyisiyle k\u00f6t\u00fcs\u00fcyle payla\u015f\u0131ld\u0131k\u00e7a \u00e7o\u011fal\u0131r ve b\u00fcy\u00fcr. S\u00fck\u00fbtun neticesi ise salt bir yaln\u0131zl\u0131kt\u0131r ve payla\u015f\u0131lamayan \u015feyin ne insana nede cemiyete bir faydas\u0131 olur. An gelir s\u00f6z\u00fcn g\u00fcc\u00fc sukutun derinli\u011fiyle bulu\u015fur. Suskun bir ruhun derinli\u011finden s\u00f6zler ta\u015far, kelimeler anlamlar\u0131n\u0131n \u00f6tesine ge\u00e7er, \u015fiir olur.<\/p>\n","protected":false},"excerpt":{"rendered":"<p>S\u00f6z\u00fcn g\u00fcc\u00fc, s\u00fck\u00fbtun derinli\u011fi vard\u0131r. S\u00fck\u00fbtun bilgeli\u011fi, s\u00f6z\u00fcn hikmetinden y\u00fcksektir. \u00c7\u00fcnk\u00fc s\u00f6z\u00fcn tesiri kelimelerin yetti\u011fi ve muhatab\u0131n\u0131z\u0131n anlad\u0131\u011f\u0131 kadard\u0131r. Oysa s\u00fck\u00fbtun derinli\u011finin bir hududu yoktur. Ancak<span class=\"excerpt-hellip\"> [\u2026]<\/span><\/p>\n","protected":false},"featured_media":0,"template":"","meta":{"_monsterinsights_skip_tracking":false,"_monsterinsights_sitenote_active":false,"_monsterinsights_sitenote_note":"","_monsterinsights_sitenote_category":0},"product_brand":[],"product_cat":[12291,12509],"product_tag":[],"class_list":{"0":"post-763706","1":"product","2":"type-product","3":"status-publish","5":"product_cat-edebiyat","6":"product_cat-siir","7":"pa_cilt-ciltsiz","8":"pa_tur-kitap","9":"pa_yayinevi-vaveyla-yayincilik","10":"pa_yazar-emin-gonen","12":"first","13":"instock","14":"sale","15":"shipping-taxable","16":"purchasable","17":"product-type-simple"},"_links":{"self":[{"href":"https:\/\/roveyayinevi.com.tr\/index.php\/wp-json\/wp\/v2\/product\/763706","targetHints":{"allow":["GET"]}}],"collection":[{"href":"https:\/\/roveyayinevi.com.tr\/index.php\/wp-json\/wp\/v2\/product"}],"about":[{"href":"https:\/\/roveyayinevi.com.tr\/index.php\/wp-json\/wp\/v2\/types\/product"}],"wp:attachment":[{"href":"https:\/\/roveyayinevi.com.tr\/index.php\/wp-json\/wp\/v2\/media?parent=763706"}],"wp:term":[{"taxonomy":"product_brand","embeddable":true,"href":"https:\/\/roveyayinevi.com.tr\/index.php\/wp-json\/wp\/v2\/product_brand?post=763706"},{"taxonomy":"product_cat","embeddable":true,"href":"https:\/\/roveyayinevi.com.tr\/index.php\/wp-json\/wp\/v2\/product_cat?post=763706"},{"taxonomy":"product_tag","embeddable":true,"href":"https:\/\/roveyayinevi.com.tr\/index.php\/wp-json\/wp\/v2\/product_tag?post=763706"}],"curies":[{"name":"wp","href":"https:\/\/api.w.org\/{rel}","templated":true}]}}