{"id":763704,"date":"2025-08-28T10:49:10","date_gmt":"2025-08-28T07:49:10","guid":{"rendered":"https:\/\/roveyayinevi.com.tr\/index.php\/urun\/ramayana-kiskindha-kanda-4-kitap\/"},"modified":"2026-04-15T03:29:41","modified_gmt":"2026-04-15T00:29:41","slug":"ramayana-kiskindha-kanda-4-kitap","status":"publish","type":"product","link":"https:\/\/roveyayinevi.com.tr\/index.php\/urun\/ramayana-kiskindha-kanda-4-kitap\/","title":{"rendered":"Ramayana Ki\u015fkindha Kanda (4. Kitap)"},"content":{"rendered":"<p>Srimad Valmiki Ramayana destan\u0131n\u0131 yazarken tarihte yaz\u0131lm\u0131\u015f ilk a\u015fk destan\u0131n\u0131n i\u00e7ine ayn\u0131 zamanda binlerce y\u0131l boyunca gizemleri halen daha \u00e7\u00f6z\u00fclemeyen Vedalar\u0131, Upani\u015fadlar\u0131 ve g\u00fcn\u00fcm\u00fcz felsefeleri ile gizemcilere ilham veren tarihin yaz\u0131lm\u0131\u015f en eski kutsal metinlerin gizemlerini de gizledi. Okudu\u011fumuz sadece bir destan de\u011fil ayn\u0131 zamanda antropoloji, jeoloji, tarih, felsefe, bilim ve edebiyat kitab\u0131d\u0131r. Yedi ciltte tamamlanacak olan bu kitap bize ge\u00e7mi\u015fte d\u00fcnyam\u0131z\u0131n asl\u0131nda jeolojik olarak neye benzedi\u011fini; y\u0131ld\u0131zlarla, g\u00f6z\u00fcm\u00fcz\u00fcn arakas\u0131nda bulunan n\u00f6ronlar\u0131n birbirine benzedi\u011fini; g\u00fcne\u015f ve ay\u0131n iki g\u00f6z\u00fcm\u00fcz, d\u00fcnyan\u0131n ise beynimiz oldu\u011funu \u00e7ok g\u00fczel bir a\u015fk hik\u00e2yesinin sat\u0131rlar\u0131n\u0131n aras\u0131na sakland\u0131\u011f\u0131n\u0131 biliyor musunuz? Bize s\u00f6ylenilenin aksine bir zamanlar d\u00fcnyada Homo Sapiens ile Neanderthalensis\u2019in belki de Homo Erectus\u2019un bir arada ya\u015fad\u0131\u011f\u0131 bir d\u00f6nemden bahsetti\u011fini s\u00f6ylesem evrene ve d\u00fcnyaya dair bildi\u011fimiz her \u015fey bir anda yerle bir olurdu. Geceleri s\u0131k s\u0131k karanl\u0131\u011f\u0131 ayd\u0131nlatan y\u0131ld\u0131zlara ve Sanskrit dilinden T\u00fcrk\u00e7eye \u00e7evirmeye devam etti\u011fim iki destanda s\u0131r\u0131 \u00e7oktan \u00e7\u00f6z\u00fclm\u00fc\u015f olan samanyolu galaksisine bak\u0131yorum ve akl\u0131ma hep ayn\u0131 c\u00fcmle geliyor o da \u201cYukar\u0131da ne varsa a\u015fa\u011f\u0131da da o vard\u0131r.\u201d \u0130\u015fte bu iki destan g\u00f6z\u00fcm\u00fcz\u00fcn alamayaca\u011f\u0131, akl\u0131m\u0131z\u0131n alg\u0131layamayaca\u011f\u0131 kadar b\u00fcy\u00fck olan evreni ustal\u0131kla insan\u0131n i\u00e7ine yerle\u015ftirilebilece\u011finin kan\u0131t\u0131. E\u011fer bu destan t\u0131pk\u0131 Mahabharata\u2019da oldu\u011fu gibi sizi kabul eder ve kendi i\u00e7inde kaybolman\u0131za izin verirse i\u015fte o zaman bu s\u0131rr\u0131 \u00e7\u00f6zenlerden olursunuz. Bilinciniz ayd\u0131nlan\u0131r ve siz nihayet anlar, kavrar ve idrak edersiniz\u2026 <\/p>\n","protected":false},"excerpt":{"rendered":"<p>Srimad Valmiki Ramayana destan\u0131n\u0131 yazarken tarihte yaz\u0131lm\u0131\u015f ilk a\u015fk destan\u0131n\u0131n i\u00e7ine ayn\u0131 zamanda binlerce y\u0131l boyunca gizemleri halen daha \u00e7\u00f6z\u00fclemeyen Vedalar\u0131, Upani\u015fadlar\u0131 ve g\u00fcn\u00fcm\u00fcz felsefeleri ile<span class=\"excerpt-hellip\"> [\u2026]<\/span><\/p>\n","protected":false},"featured_media":0,"template":"","meta":{"_monsterinsights_skip_tracking":false,"_monsterinsights_sitenote_active":false,"_monsterinsights_sitenote_note":"","_monsterinsights_sitenote_category":0},"product_brand":[],"product_cat":[12291,13706],"product_tag":[],"class_list":{"0":"post-763704","1":"product","2":"type-product","3":"status-publish","5":"product_cat-edebiyat","6":"product_cat-efsane-destan-masal","7":"pa_cilt-ciltsiz","8":"pa_tur-kitap","9":"pa_yayinevi-kitap-muptelasi-yayinlari","10":"pa_yazar-ayasya","12":"first","13":"instock","14":"sale","15":"shipping-taxable","16":"purchasable","17":"product-type-simple"},"_links":{"self":[{"href":"https:\/\/roveyayinevi.com.tr\/index.php\/wp-json\/wp\/v2\/product\/763704","targetHints":{"allow":["GET"]}}],"collection":[{"href":"https:\/\/roveyayinevi.com.tr\/index.php\/wp-json\/wp\/v2\/product"}],"about":[{"href":"https:\/\/roveyayinevi.com.tr\/index.php\/wp-json\/wp\/v2\/types\/product"}],"wp:attachment":[{"href":"https:\/\/roveyayinevi.com.tr\/index.php\/wp-json\/wp\/v2\/media?parent=763704"}],"wp:term":[{"taxonomy":"product_brand","embeddable":true,"href":"https:\/\/roveyayinevi.com.tr\/index.php\/wp-json\/wp\/v2\/product_brand?post=763704"},{"taxonomy":"product_cat","embeddable":true,"href":"https:\/\/roveyayinevi.com.tr\/index.php\/wp-json\/wp\/v2\/product_cat?post=763704"},{"taxonomy":"product_tag","embeddable":true,"href":"https:\/\/roveyayinevi.com.tr\/index.php\/wp-json\/wp\/v2\/product_tag?post=763704"}],"curies":[{"name":"wp","href":"https:\/\/api.w.org\/{rel}","templated":true}]}}