{"id":763701,"date":"2025-08-28T10:49:05","date_gmt":"2025-08-28T07:49:05","guid":{"rendered":"https:\/\/roveyayinevi.com.tr\/index.php\/urun\/duygularimi-taniyorum-zuinin-cantasi\/"},"modified":"2026-04-15T03:29:41","modified_gmt":"2026-04-15T00:29:41","slug":"duygularimi-taniyorum-zuinin-cantasi","status":"publish","type":"product","link":"https:\/\/roveyayinevi.com.tr\/index.php\/urun\/duygularimi-taniyorum-zuinin-cantasi\/","title":{"rendered":"Duygular\u0131m\u0131 Tan\u0131yorum &#8211; Zui\u2019nin \u00c7antas\u0131"},"content":{"rendered":"<p>Zui okula ba\u015flayaca\u011f\u0131 i\u00e7in karn\u0131nda kelebekler u\u00e7u\u015fmaya ba\u015flam\u0131\u015ft\u0131. Bir yandan da pe\u015fini b\u0131rakmayan onlarca soru vard\u0131. Ya okulda kaybolursa, o zaman ne yapacakt\u0131? Acaba okul nas\u0131l bir yerdi? Haydi gel birlikte ke\u015ffedelim <\/p>\n","protected":false},"excerpt":{"rendered":"<p>Zui okula ba\u015flayaca\u011f\u0131 i\u00e7in karn\u0131nda kelebekler u\u00e7u\u015fmaya ba\u015flam\u0131\u015ft\u0131. Bir yandan da pe\u015fini b\u0131rakmayan onlarca soru vard\u0131. Ya okulda kaybolursa, o zaman ne yapacakt\u0131? Acaba okul nas\u0131l<span class=\"excerpt-hellip\"> [\u2026]<\/span><\/p>\n","protected":false},"featured_media":0,"template":"","meta":{"_monsterinsights_skip_tracking":false,"_monsterinsights_sitenote_active":false,"_monsterinsights_sitenote_note":"","_monsterinsights_sitenote_category":0},"product_brand":[],"product_cat":[12274,12284],"product_tag":[],"class_list":{"0":"post-763701","1":"product","2":"type-product","3":"status-publish","5":"product_cat-cocuk-ve-genclik-kitaplari","6":"product_cat-hikayeler","7":"pa_cilt-ciltsiz","8":"pa_tur-kitap","9":"pa_yayinevi-abm-yayinevi","10":"pa_yazar-ceylan-oguzcan","12":"first","13":"instock","14":"sale","15":"shipping-taxable","16":"purchasable","17":"product-type-simple"},"_links":{"self":[{"href":"https:\/\/roveyayinevi.com.tr\/index.php\/wp-json\/wp\/v2\/product\/763701","targetHints":{"allow":["GET"]}}],"collection":[{"href":"https:\/\/roveyayinevi.com.tr\/index.php\/wp-json\/wp\/v2\/product"}],"about":[{"href":"https:\/\/roveyayinevi.com.tr\/index.php\/wp-json\/wp\/v2\/types\/product"}],"wp:attachment":[{"href":"https:\/\/roveyayinevi.com.tr\/index.php\/wp-json\/wp\/v2\/media?parent=763701"}],"wp:term":[{"taxonomy":"product_brand","embeddable":true,"href":"https:\/\/roveyayinevi.com.tr\/index.php\/wp-json\/wp\/v2\/product_brand?post=763701"},{"taxonomy":"product_cat","embeddable":true,"href":"https:\/\/roveyayinevi.com.tr\/index.php\/wp-json\/wp\/v2\/product_cat?post=763701"},{"taxonomy":"product_tag","embeddable":true,"href":"https:\/\/roveyayinevi.com.tr\/index.php\/wp-json\/wp\/v2\/product_tag?post=763701"}],"curies":[{"name":"wp","href":"https:\/\/api.w.org\/{rel}","templated":true}]}}