{"id":763700,"date":"2025-08-28T10:49:02","date_gmt":"2025-08-28T07:49:02","guid":{"rendered":"https:\/\/roveyayinevi.com.tr\/index.php\/urun\/nasil-prenses-oldum-4\/"},"modified":"2026-04-15T03:29:41","modified_gmt":"2026-04-15T00:29:41","slug":"nasil-prenses-oldum-4","status":"publish","type":"product","link":"https:\/\/roveyayinevi.com.tr\/index.php\/urun\/nasil-prenses-oldum-4\/","title":{"rendered":"Nas\u0131l Prenses Oldum 4"},"content":{"rendered":"<p>B\u00dcY\u00dc G\u00dcC\u00dc AN\u0130DEN KONTROLDEN \u00c7IKAR!   KALB\u0130MDE B\u00dcY\u00dcK B\u0130R DEL\u0130K A\u00c7ILMI\u015e G\u0130B\u0130 BO\u015eLUK H\u0130SSED\u0130YORUM. DE\u011eER VERD\u0130\u011e\u0130M B\u0130R \u015eEY\u0130 KAYBETM\u0130\u015e G\u0130B\u0130Y\u0130M.   \u201cMAJESTELER\u0130 ON G\u00dcN \u00d6NCE BAYILDI VE HEN\u00dcZ UYANMADI.TA\u015eAN B\u00dcY\u00dc G\u00dcC\u00dcN\u00dc DURDURMANIN B\u0130R YOLU YOKTU. BU Y\u00dcZDEN MAJESTELER\u0130&#8230;\u201d   BU NASIL B\u0130R SA\u00c7MALIK? BABAM BEN\u0130 KURTARMAK \u0130\u00c7\u0130N KEND\u0130 HAYATINI TEHL\u0130KEYE ATMI\u015e.   BABAM SONUNDA G\u00d6ZLER\u0130N\u0130 A\u00c7TI&#8230;   \u201cSEN K\u0130MS\u0130N?\u201d   BEN\u0130 HATIRLAMADI. <\/p>\n","protected":false},"excerpt":{"rendered":"<p>B\u00dcY\u00dc G\u00dcC\u00dc AN\u0130DEN KONTROLDEN \u00c7IKAR! KALB\u0130MDE B\u00dcY\u00dcK B\u0130R DEL\u0130K A\u00c7ILMI\u015e G\u0130B\u0130 BO\u015eLUK H\u0130SSED\u0130YORUM. DE\u011eER VERD\u0130\u011e\u0130M B\u0130R \u015eEY\u0130 KAYBETM\u0130\u015e G\u0130B\u0130Y\u0130M. \u201cMAJESTELER\u0130 ON G\u00dcN \u00d6NCE BAYILDI VE HEN\u00dcZ<span class=\"excerpt-hellip\"> [\u2026]<\/span><\/p>\n","protected":false},"featured_media":0,"template":"","meta":{"_monsterinsights_skip_tracking":false,"_monsterinsights_sitenote_active":false,"_monsterinsights_sitenote_note":"","_monsterinsights_sitenote_category":0},"product_brand":[],"product_cat":[12416,12291],"product_tag":[],"class_list":{"0":"post-763700","1":"product","2":"type-product","3":"status-publish","5":"product_cat-cizgi-roman","6":"product_cat-edebiyat","7":"pa_cilt-ciltsiz","8":"pa_tur-kitap","9":"pa_yayinevi-athica-yayinlari","10":"pa_yazar-plutus","12":"first","13":"instock","14":"sale","15":"shipping-taxable","16":"purchasable","17":"product-type-simple"},"_links":{"self":[{"href":"https:\/\/roveyayinevi.com.tr\/index.php\/wp-json\/wp\/v2\/product\/763700","targetHints":{"allow":["GET"]}}],"collection":[{"href":"https:\/\/roveyayinevi.com.tr\/index.php\/wp-json\/wp\/v2\/product"}],"about":[{"href":"https:\/\/roveyayinevi.com.tr\/index.php\/wp-json\/wp\/v2\/types\/product"}],"wp:attachment":[{"href":"https:\/\/roveyayinevi.com.tr\/index.php\/wp-json\/wp\/v2\/media?parent=763700"}],"wp:term":[{"taxonomy":"product_brand","embeddable":true,"href":"https:\/\/roveyayinevi.com.tr\/index.php\/wp-json\/wp\/v2\/product_brand?post=763700"},{"taxonomy":"product_cat","embeddable":true,"href":"https:\/\/roveyayinevi.com.tr\/index.php\/wp-json\/wp\/v2\/product_cat?post=763700"},{"taxonomy":"product_tag","embeddable":true,"href":"https:\/\/roveyayinevi.com.tr\/index.php\/wp-json\/wp\/v2\/product_tag?post=763700"}],"curies":[{"name":"wp","href":"https:\/\/api.w.org\/{rel}","templated":true}]}}