{"id":763693,"date":"2025-08-28T10:48:50","date_gmt":"2025-08-28T07:48:50","guid":{"rendered":"https:\/\/roveyayinevi.com.tr\/index.php\/urun\/guclu-kisi-gurultu-cikaran-degil-sessizce-konusup-sorunlari-tanimlayarak-cozebilen-kisidir\/"},"modified":"2026-04-15T03:29:41","modified_gmt":"2026-04-15T00:29:41","slug":"guclu-kisi-gurultu-cikaran-degil-sessizce-konusup-sorunlari-tanimlayarak-cozebilen-kisidir","status":"publish","type":"product","link":"https:\/\/roveyayinevi.com.tr\/index.php\/urun\/guclu-kisi-gurultu-cikaran-degil-sessizce-konusup-sorunlari-tanimlayarak-cozebilen-kisidir\/","title":{"rendered":"G\u00fc\u00e7l\u00fc Ki\u015fi G\u00fcr\u00fclt\u00fc \u00c7\u0131karan De\u011fil, Sessizce Konu\u015fup Sorunlar\u0131 Tan\u0131mlayarak \u00c7\u00f6zebilen Ki\u015fidir"},"content":{"rendered":"<p>\u201cRUHSAL SORUNLARIN ALTINDA B\u0130L\u0130N\u00c7TE YA DA B\u0130L\u0130NCE \u00c7OK YAKIN KE\u015eFED\u0130LMEY\u0130 BEKLEYEN \u00c7OK SAYIDA D\u00dc\u015e\u00dcNCE SORUNU VARDIR.\u201d   Ya\u015fama ve kendimize ili\u015fkin kurallar\u0131m\u0131z\u0131n i\u015fe yaramas\u0131 i\u00e7in, bunlar daha ger\u00e7ek\u00e7i ve do\u011fru, daha az benmerkezci ve daha esnek olacak \u015fekilde yeniden \u015fekillendirilmelidir. Kurallar\u0131n yanl\u0131\u015f, zararl\u0131 ya da uygulanabilir olmad\u0131\u011f\u0131 ke\u015ffedildi\u011finde, repertuvardan \u00e7\u0131kar\u0131lmalar\u0131 gerekir.   Benmerkezcilik abart\u0131ld\u0131\u011f\u0131nda ve muhtemelen genomumuzda da temsil edilen sevgi, empati ve fedak\u00e2rl\u0131k gibi sosyal \u00f6zelliklerle dengelenmedi\u011finde bir sorun te\u015fkil eder. \u0130lgin\u00e7 olan, ba\u015fkalar\u0131nda g\u00f6r\u00fcnce hemen fark etti\u011fimiz benmerkezcili\u011fi kendimizde oldu\u011funda \u00e7ok az\u0131m\u0131z fark ederiz.   T\u00fcr\u00fcn hayatta kalmas\u0131n\u0131n bedeli \u00f6m\u00fcr boyu s\u00fcrecek bir rahats\u0131zl\u0131k olabilir. <\/p>\n","protected":false},"excerpt":{"rendered":"<p>\u201cRUHSAL SORUNLARIN ALTINDA B\u0130L\u0130N\u00c7TE YA DA B\u0130L\u0130NCE \u00c7OK YAKIN KE\u015eFED\u0130LMEY\u0130 BEKLEYEN \u00c7OK SAYIDA D\u00dc\u015e\u00dcNCE SORUNU VARDIR.\u201d Ya\u015fama ve kendimize ili\u015fkin kurallar\u0131m\u0131z\u0131n i\u015fe yaramas\u0131 i\u00e7in, bunlar daha<span class=\"excerpt-hellip\"> [\u2026]<\/span><\/p>\n","protected":false},"featured_media":0,"template":"","meta":{"_monsterinsights_skip_tracking":false,"_monsterinsights_sitenote_active":false,"_monsterinsights_sitenote_note":"","_monsterinsights_sitenote_category":0},"product_brand":[],"product_cat":[12358,12357],"product_tag":[],"class_list":{"0":"post-763693","1":"product","2":"type-product","3":"status-publish","5":"product_cat-genel-psikoloji","6":"product_cat-psikoloji","7":"pa_cilt-ciltsiz","8":"pa_tur-kitap","9":"pa_yayinevi-destek-yayinlari","10":"pa_yazar-m-hakan-turkcapar","12":"first","13":"instock","14":"sale","15":"shipping-taxable","16":"purchasable","17":"product-type-simple"},"_links":{"self":[{"href":"https:\/\/roveyayinevi.com.tr\/index.php\/wp-json\/wp\/v2\/product\/763693","targetHints":{"allow":["GET"]}}],"collection":[{"href":"https:\/\/roveyayinevi.com.tr\/index.php\/wp-json\/wp\/v2\/product"}],"about":[{"href":"https:\/\/roveyayinevi.com.tr\/index.php\/wp-json\/wp\/v2\/types\/product"}],"wp:attachment":[{"href":"https:\/\/roveyayinevi.com.tr\/index.php\/wp-json\/wp\/v2\/media?parent=763693"}],"wp:term":[{"taxonomy":"product_brand","embeddable":true,"href":"https:\/\/roveyayinevi.com.tr\/index.php\/wp-json\/wp\/v2\/product_brand?post=763693"},{"taxonomy":"product_cat","embeddable":true,"href":"https:\/\/roveyayinevi.com.tr\/index.php\/wp-json\/wp\/v2\/product_cat?post=763693"},{"taxonomy":"product_tag","embeddable":true,"href":"https:\/\/roveyayinevi.com.tr\/index.php\/wp-json\/wp\/v2\/product_tag?post=763693"}],"curies":[{"name":"wp","href":"https:\/\/api.w.org\/{rel}","templated":true}]}}