{"id":763692,"date":"2025-08-28T10:48:47","date_gmt":"2025-08-28T07:48:47","guid":{"rendered":"https:\/\/roveyayinevi.com.tr\/index.php\/urun\/oyku-yazma-becerisi\/"},"modified":"2026-04-15T03:29:41","modified_gmt":"2026-04-15T00:29:41","slug":"oyku-yazma-becerisi","status":"publish","type":"product","link":"https:\/\/roveyayinevi.com.tr\/index.php\/urun\/oyku-yazma-becerisi\/","title":{"rendered":"\u00d6yk\u00fc Yazma Becerisi"},"content":{"rendered":"<p>Pek \u00e7ok insan yazman\u0131n do\u011fu\u015ftan gelen bir yetenek oldu\u011funa inan\u0131r. Tan\u0131d\u0131\u011f\u0131m\u0131z insanlar\u0131n \u00e7o\u011fu yazmak istedi\u011fini ama beceremediklerini s\u00f6yler, bunu da yeteneklerinin olmay\u0131\u015f\u0131na ba\u011flar. Ger\u00e7ekten de \u00e7o\u011fu ki\u015fide yazma arzusu vard\u0131r ama nas\u0131l yazaca\u011f\u0131n\u0131, nereden ba\u015flayaca\u011f\u0131n\u0131 bilemez. Yeteneksiz oldu\u011funa pe\u015finen inananlar\u0131n bilmedikleri husus, yazma yetene\u011finin geli\u015ftirilebilece\u011fi ger\u00e7e\u011fidir. G\u00fcn\u00fcm\u00fczde bir\u00e7ok online yarat\u0131c\u0131 yazarl\u0131k at\u00f6lyesi ve dijital platformlarda yer alan, \u00fcnl\u00fc yazarlar\u0131n a\u011fz\u0131ndan dinledi\u011fimiz tecr\u00fcbelerin aktar\u0131m\u0131 bunun en g\u00fczel sa\u011flamas\u0131d\u0131r.   Fery\u00e2l Orhon Bas\u0131k, bu kitapla hik\u00e2ye ve roman yazma ile ilgili deneyimlerini ve \u00f6\u011frendiklerini sizlerle payla\u015f\u0131yor. <\/p>\n","protected":false},"excerpt":{"rendered":"<p>Pek \u00e7ok insan yazman\u0131n do\u011fu\u015ftan gelen bir yetenek oldu\u011funa inan\u0131r. Tan\u0131d\u0131\u011f\u0131m\u0131z insanlar\u0131n \u00e7o\u011fu yazmak istedi\u011fini ama beceremediklerini s\u00f6yler, bunu da yeteneklerinin olmay\u0131\u015f\u0131na ba\u011flar. Ger\u00e7ekten de \u00e7o\u011fu<span class=\"excerpt-hellip\"> [\u2026]<\/span><\/p>\n","protected":false},"featured_media":0,"template":"","meta":{"_monsterinsights_skip_tracking":false,"_monsterinsights_sitenote_active":false,"_monsterinsights_sitenote_note":"","_monsterinsights_sitenote_category":0},"product_brand":[],"product_cat":[13072,12291],"product_tag":[],"class_list":{"0":"post-763692","1":"product","2":"type-product","3":"status-publish","5":"product_cat-arastirma-inceleme-referans","6":"product_cat-edebiyat","7":"pa_cilt-ciltsiz","8":"pa_tur-kitap","9":"pa_yayinevi-kara-karga-yayinlari","10":"pa_yazar-feryal-orhon-basik","12":"first","13":"instock","14":"sale","15":"shipping-taxable","16":"purchasable","17":"product-type-simple"},"_links":{"self":[{"href":"https:\/\/roveyayinevi.com.tr\/index.php\/wp-json\/wp\/v2\/product\/763692","targetHints":{"allow":["GET"]}}],"collection":[{"href":"https:\/\/roveyayinevi.com.tr\/index.php\/wp-json\/wp\/v2\/product"}],"about":[{"href":"https:\/\/roveyayinevi.com.tr\/index.php\/wp-json\/wp\/v2\/types\/product"}],"wp:attachment":[{"href":"https:\/\/roveyayinevi.com.tr\/index.php\/wp-json\/wp\/v2\/media?parent=763692"}],"wp:term":[{"taxonomy":"product_brand","embeddable":true,"href":"https:\/\/roveyayinevi.com.tr\/index.php\/wp-json\/wp\/v2\/product_brand?post=763692"},{"taxonomy":"product_cat","embeddable":true,"href":"https:\/\/roveyayinevi.com.tr\/index.php\/wp-json\/wp\/v2\/product_cat?post=763692"},{"taxonomy":"product_tag","embeddable":true,"href":"https:\/\/roveyayinevi.com.tr\/index.php\/wp-json\/wp\/v2\/product_tag?post=763692"}],"curies":[{"name":"wp","href":"https:\/\/api.w.org\/{rel}","templated":true}]}}