{"id":763691,"date":"2025-08-28T10:48:46","date_gmt":"2025-08-28T07:48:46","guid":{"rendered":"https:\/\/roveyayinevi.com.tr\/index.php\/urun\/ahtapotunu-okula-nasil-hazirlarsin\/"},"modified":"2026-04-15T03:29:41","modified_gmt":"2026-04-15T00:29:41","slug":"ahtapotunu-okula-nasil-hazirlarsin","status":"publish","type":"product","link":"https:\/\/roveyayinevi.com.tr\/index.php\/urun\/ahtapotunu-okula-nasil-hazirlarsin\/","title":{"rendered":"Ahtapotunu Okula Nas\u0131l Haz\u0131rlars\u0131n?"},"content":{"rendered":"<p>Tebrikler ahtapotunuzun okula ba\u015flama zaman\u0131 geldi!Ama onu okula g\u00f6ndermek pek de kolay olmayacak.Evden ayr\u0131l\u0131p yeni bir ortama girme, yeni ahtapotlarla tan\u0131\u015fma fikrinden hi\u00e7 ho\u015flanmayacak. Evde kalmay\u0131, farkl\u0131 k\u0131yafetler deneyip \u00e7\u0131karmay\u0131, saklamba\u00e7 oynamay\u0131 okula gitmeye tercih edecek.Ama biliyorsun ki e\u011fer bir \u015fans verirse ahtapotun okulu \u00e7ok sevecek.Ve sen de bunu ona anlatacaks\u0131n&#8230; tabii nereye sakland\u0131\u011f\u0131n\u0131 bulabilirsen. \u201cHepimizin i\u00e7indeki gergin ahtapot i\u00e7in sevimli bir okula d\u00f6n\u00fc\u015f kitab\u0131.\u201d -Kirkus Review<\/p>\n","protected":false},"excerpt":{"rendered":"<p>Tebrikler ahtapotunuzun okula ba\u015flama zaman\u0131 geldi!Ama onu okula g\u00f6ndermek pek de kolay olmayacak.Evden ayr\u0131l\u0131p yeni bir ortama girme, yeni ahtapotlarla tan\u0131\u015fma fikrinden hi\u00e7 ho\u015flanmayacak. Evde kalmay\u0131,<span class=\"excerpt-hellip\"> [\u2026]<\/span><\/p>\n","protected":false},"featured_media":0,"template":"","meta":{"_monsterinsights_skip_tracking":false,"_monsterinsights_sitenote_active":false,"_monsterinsights_sitenote_note":"","_monsterinsights_sitenote_category":0},"product_brand":[],"product_cat":[12274,12284],"product_tag":[],"class_list":{"0":"post-763691","1":"product","2":"type-product","3":"status-publish","5":"product_cat-cocuk-ve-genclik-kitaplari","6":"product_cat-hikayeler","7":"pa_cilt-ciltsiz","8":"pa_tur-kitap","9":"pa_yayinevi-ucan-kitap","10":"pa_yazar-becky-scharnhorst","12":"first","13":"instock","14":"sale","15":"shipping-taxable","16":"purchasable","17":"product-type-simple"},"_links":{"self":[{"href":"https:\/\/roveyayinevi.com.tr\/index.php\/wp-json\/wp\/v2\/product\/763691","targetHints":{"allow":["GET"]}}],"collection":[{"href":"https:\/\/roveyayinevi.com.tr\/index.php\/wp-json\/wp\/v2\/product"}],"about":[{"href":"https:\/\/roveyayinevi.com.tr\/index.php\/wp-json\/wp\/v2\/types\/product"}],"wp:attachment":[{"href":"https:\/\/roveyayinevi.com.tr\/index.php\/wp-json\/wp\/v2\/media?parent=763691"}],"wp:term":[{"taxonomy":"product_brand","embeddable":true,"href":"https:\/\/roveyayinevi.com.tr\/index.php\/wp-json\/wp\/v2\/product_brand?post=763691"},{"taxonomy":"product_cat","embeddable":true,"href":"https:\/\/roveyayinevi.com.tr\/index.php\/wp-json\/wp\/v2\/product_cat?post=763691"},{"taxonomy":"product_tag","embeddable":true,"href":"https:\/\/roveyayinevi.com.tr\/index.php\/wp-json\/wp\/v2\/product_tag?post=763691"}],"curies":[{"name":"wp","href":"https:\/\/api.w.org\/{rel}","templated":true}]}}