{"id":763690,"date":"2025-08-28T10:48:44","date_gmt":"2025-08-28T07:48:44","guid":{"rendered":"https:\/\/roveyayinevi.com.tr\/index.php\/urun\/ilk-kelimeler-muzesi-hayvanlar-ingilizce-destekli-kitap-ve-yapboz-seti\/"},"modified":"2026-04-15T03:29:41","modified_gmt":"2026-04-15T00:29:41","slug":"ilk-kelimeler-muzesi-hayvanlar-ingilizce-destekli-kitap-ve-yapboz-seti","status":"publish","type":"product","link":"https:\/\/roveyayinevi.com.tr\/index.php\/urun\/ilk-kelimeler-muzesi-hayvanlar-ingilizce-destekli-kitap-ve-yapboz-seti\/","title":{"rendered":"\u0130lk Kelimeler M\u00fczesi &#8211; Hayvanlar (\u0130ngilizce Destekli Kitap ve Yapboz Seti)"},"content":{"rendered":"<p>Puzzle\u2019I tamamlay\u0131p kocaman bir m\u00fczeyi ke\u015ffetmeye haz\u0131r m\u0131s\u0131n?M\u00fczede seni pek \u00e7ok hayvan bekliyor.Bu hayvanlar\u0131n T\u00fcrk\u00e7e ve \u0130ngilizce isimlerini kitab\u0131ndan inceleyebilirsin.Haydi hemen puzzle\u2019I tamamla ve \u0130lk Kelimeler M\u00fczesi\u2019nin e\u011flenceli d\u00fcnyas\u0131na ad\u0131m at!<\/p>\n","protected":false},"excerpt":{"rendered":"<p>Puzzle\u2019I tamamlay\u0131p kocaman bir m\u00fczeyi ke\u015ffetmeye haz\u0131r m\u0131s\u0131n?M\u00fczede seni pek \u00e7ok hayvan bekliyor.Bu hayvanlar\u0131n T\u00fcrk\u00e7e ve \u0130ngilizce isimlerini kitab\u0131ndan inceleyebilirsin.Haydi hemen puzzle\u2019I tamamla ve \u0130lk Kelimeler<span class=\"excerpt-hellip\"> [\u2026]<\/span><\/p>\n","protected":false},"featured_media":0,"template":"","meta":{"_monsterinsights_skip_tracking":false,"_monsterinsights_sitenote_active":false,"_monsterinsights_sitenote_note":"","_monsterinsights_sitenote_category":0},"product_brand":[],"product_cat":[12274,90558],"product_tag":[],"class_list":{"0":"post-763690","1":"product","2":"type-product","3":"status-publish","5":"product_cat-cocuk-ve-genclik-kitaplari","6":"product_cat-yapboz-kitaplari","7":"pa_cilt-ciltsiz","8":"pa_tur-kitap","9":"pa_yayinevi-bi-kutu-oyun","10":"pa_yazar-komisyon","12":"first","13":"instock","14":"sale","15":"shipping-taxable","16":"purchasable","17":"product-type-simple"},"_links":{"self":[{"href":"https:\/\/roveyayinevi.com.tr\/index.php\/wp-json\/wp\/v2\/product\/763690","targetHints":{"allow":["GET"]}}],"collection":[{"href":"https:\/\/roveyayinevi.com.tr\/index.php\/wp-json\/wp\/v2\/product"}],"about":[{"href":"https:\/\/roveyayinevi.com.tr\/index.php\/wp-json\/wp\/v2\/types\/product"}],"wp:attachment":[{"href":"https:\/\/roveyayinevi.com.tr\/index.php\/wp-json\/wp\/v2\/media?parent=763690"}],"wp:term":[{"taxonomy":"product_brand","embeddable":true,"href":"https:\/\/roveyayinevi.com.tr\/index.php\/wp-json\/wp\/v2\/product_brand?post=763690"},{"taxonomy":"product_cat","embeddable":true,"href":"https:\/\/roveyayinevi.com.tr\/index.php\/wp-json\/wp\/v2\/product_cat?post=763690"},{"taxonomy":"product_tag","embeddable":true,"href":"https:\/\/roveyayinevi.com.tr\/index.php\/wp-json\/wp\/v2\/product_tag?post=763690"}],"curies":[{"name":"wp","href":"https:\/\/api.w.org\/{rel}","templated":true}]}}