{"id":763689,"date":"2025-08-28T10:48:42","date_gmt":"2025-08-28T07:48:42","guid":{"rendered":"https:\/\/roveyayinevi.com.tr\/index.php\/urun\/gokyuzune-cilgin-yolculuk-planet-omer\/"},"modified":"2026-04-15T03:29:41","modified_gmt":"2026-04-15T00:29:41","slug":"gokyuzune-cilgin-yolculuk-planet-omer","status":"publish","type":"product","link":"https:\/\/roveyayinevi.com.tr\/index.php\/urun\/gokyuzune-cilgin-yolculuk-planet-omer\/","title":{"rendered":"G\u00f6ky\u00fcz\u00fcne \u00c7\u0131lg\u0131n Yolculuk &#8211; Planet \u00d6mer"},"content":{"rendered":"<p>\u00d6MER \u0130LE G\u00d6KY\u00dcZ\u00dcNE DO\u011eRU U\u00c7U\u015eA HAZIRLANIN \u00d6mer ve arkada\u015flar\u0131n\u0131n kat\u0131ld\u0131klar\u0131 yar\u0131\u015fmay\u0131 kazanmak i\u00e7in en iyi roketi yapmalar\u0131 gerekiyor. Ancak bu zorlu yar\u0131\u015fmada birileri onlar\u0131 gizemli bir \u015fekilde engellemeye \u00e7al\u0131\u015f\u0131yor. Bu yar\u0131\u015fmada neler mi var:\u00b7         Su birikintilerinde sekiz bal\u0131k (\u00d6mer&#8217;in okulunda bal\u0131klar ger\u00e7ekten zor durumda!)\u00b7         Gazl\u0131 i\u00e7ecek PATLAMALARI\u00b7         G\u00f6rd\u00fc\u011f\u00fcn\u00fcz en b\u00fcy\u00fck g\u00fcl\u00fcmsemeye sahip bir roket bilimci\u00b7         \u0130lgin\u00e7 yeni arkada\u015flar\u00b7         Ve g\u00fclmekten okumakta zorlanaca\u011f\u0131n\u0131z tuhafl\u0131klar<\/p>\n","protected":false},"excerpt":{"rendered":"<p>\u00d6MER \u0130LE G\u00d6KY\u00dcZ\u00dcNE DO\u011eRU U\u00c7U\u015eA HAZIRLANIN \u00d6mer ve arkada\u015flar\u0131n\u0131n kat\u0131ld\u0131klar\u0131 yar\u0131\u015fmay\u0131 kazanmak i\u00e7in en iyi roketi yapmalar\u0131 gerekiyor. Ancak bu zorlu yar\u0131\u015fmada birileri onlar\u0131 gizemli bir<span class=\"excerpt-hellip\"> [\u2026]<\/span><\/p>\n","protected":false},"featured_media":0,"template":"","meta":{"_monsterinsights_skip_tracking":false,"_monsterinsights_sitenote_active":false,"_monsterinsights_sitenote_note":"","_monsterinsights_sitenote_category":0},"product_brand":[],"product_cat":[12274,12284],"product_tag":[],"class_list":{"0":"post-763689","1":"product","2":"type-product","3":"status-publish","5":"product_cat-cocuk-ve-genclik-kitaplari","6":"product_cat-hikayeler","7":"pa_cilt-ciltsiz","8":"pa_tur-kitap","9":"pa_yayinevi-gulce-kitap","10":"pa_yazar-zanib-mian","12":"first","13":"instock","14":"sale","15":"shipping-taxable","16":"purchasable","17":"product-type-simple"},"_links":{"self":[{"href":"https:\/\/roveyayinevi.com.tr\/index.php\/wp-json\/wp\/v2\/product\/763689","targetHints":{"allow":["GET"]}}],"collection":[{"href":"https:\/\/roveyayinevi.com.tr\/index.php\/wp-json\/wp\/v2\/product"}],"about":[{"href":"https:\/\/roveyayinevi.com.tr\/index.php\/wp-json\/wp\/v2\/types\/product"}],"wp:attachment":[{"href":"https:\/\/roveyayinevi.com.tr\/index.php\/wp-json\/wp\/v2\/media?parent=763689"}],"wp:term":[{"taxonomy":"product_brand","embeddable":true,"href":"https:\/\/roveyayinevi.com.tr\/index.php\/wp-json\/wp\/v2\/product_brand?post=763689"},{"taxonomy":"product_cat","embeddable":true,"href":"https:\/\/roveyayinevi.com.tr\/index.php\/wp-json\/wp\/v2\/product_cat?post=763689"},{"taxonomy":"product_tag","embeddable":true,"href":"https:\/\/roveyayinevi.com.tr\/index.php\/wp-json\/wp\/v2\/product_tag?post=763689"}],"curies":[{"name":"wp","href":"https:\/\/api.w.org\/{rel}","templated":true}]}}