{"id":763688,"date":"2025-08-28T10:48:40","date_gmt":"2025-08-28T07:48:40","guid":{"rendered":"https:\/\/roveyayinevi.com.tr\/index.php\/urun\/dostluk-pusulasi-peygamberimin-sav-izinde\/"},"modified":"2026-04-15T03:29:41","modified_gmt":"2026-04-15T00:29:41","slug":"dostluk-pusulasi-peygamberimin-sav-izinde","status":"publish","type":"product","link":"https:\/\/roveyayinevi.com.tr\/index.php\/urun\/dostluk-pusulasi-peygamberimin-sav-izinde\/","title":{"rendered":"Dostluk Pusulas\u0131 &#8211; Peygamberimin sav \u0130zinde"},"content":{"rendered":"<p>Ku\u015fu \u00f6len arkada\u015f\u0131na ba\u015fsa\u011fl\u0131\u011f\u0131na giden Yusuf, beklenmedik bir maceraya at\u0131l\u0131r. Babas\u0131n\u0131n hediye etti\u011fi ku\u015fun do\u011fada ya\u015famas\u0131 gerekti\u011fini fark eder ve onu ormana b\u0131rak\u0131r. Bu iyilik, onu Ku\u015flar Diyar\u0131&#8217;na ve fantastik bir yolculu\u011fa ta\u015f\u0131yacakt\u0131r.Her durakta farkl\u0131 bir hayvanla ve macerayla kar\u015f\u0131la\u015fan Yusuf, Peygamber Efendimiz&#8217;in (sav) merhameti ve \u00f6rnek davran\u0131\u015flar\u0131yla yolunu ayd\u0131nlat\u0131yor. Yusuf, bu zorlu yolculukta \u00e7\u0131k\u0131\u015f yolunu bulabilecek mi?2023 Hekimo\u011flu \u0130smail Hik\u00e2ye Yar\u0131\u015fmas\u0131 finalisti bu eser, \u201cpeygamber sevgisi\u201d temas\u0131n\u0131 b\u00fcy\u00fck bir ustal\u0131kla sunuyor.<\/p>\n","protected":false},"excerpt":{"rendered":"<p>Ku\u015fu \u00f6len arkada\u015f\u0131na ba\u015fsa\u011fl\u0131\u011f\u0131na giden Yusuf, beklenmedik bir maceraya at\u0131l\u0131r. Babas\u0131n\u0131n hediye etti\u011fi ku\u015fun do\u011fada ya\u015famas\u0131 gerekti\u011fini fark eder ve onu ormana b\u0131rak\u0131r. Bu iyilik, onu<span class=\"excerpt-hellip\"> [\u2026]<\/span><\/p>\n","protected":false},"featured_media":0,"template":"","meta":{"_monsterinsights_skip_tracking":false,"_monsterinsights_sitenote_active":false,"_monsterinsights_sitenote_note":"","_monsterinsights_sitenote_category":0},"product_brand":[],"product_cat":[12274,12284],"product_tag":[],"class_list":{"0":"post-763688","1":"product","2":"type-product","3":"status-publish","5":"product_cat-cocuk-ve-genclik-kitaplari","6":"product_cat-hikayeler","7":"pa_cilt-ciltsiz","8":"pa_tur-kitap","9":"pa_yayinevi-gulce-kitap","10":"pa_yazar-yusuf-oztoprak","12":"first","13":"instock","14":"sale","15":"shipping-taxable","16":"purchasable","17":"product-type-simple"},"_links":{"self":[{"href":"https:\/\/roveyayinevi.com.tr\/index.php\/wp-json\/wp\/v2\/product\/763688","targetHints":{"allow":["GET"]}}],"collection":[{"href":"https:\/\/roveyayinevi.com.tr\/index.php\/wp-json\/wp\/v2\/product"}],"about":[{"href":"https:\/\/roveyayinevi.com.tr\/index.php\/wp-json\/wp\/v2\/types\/product"}],"wp:attachment":[{"href":"https:\/\/roveyayinevi.com.tr\/index.php\/wp-json\/wp\/v2\/media?parent=763688"}],"wp:term":[{"taxonomy":"product_brand","embeddable":true,"href":"https:\/\/roveyayinevi.com.tr\/index.php\/wp-json\/wp\/v2\/product_brand?post=763688"},{"taxonomy":"product_cat","embeddable":true,"href":"https:\/\/roveyayinevi.com.tr\/index.php\/wp-json\/wp\/v2\/product_cat?post=763688"},{"taxonomy":"product_tag","embeddable":true,"href":"https:\/\/roveyayinevi.com.tr\/index.php\/wp-json\/wp\/v2\/product_tag?post=763688"}],"curies":[{"name":"wp","href":"https:\/\/api.w.org\/{rel}","templated":true}]}}