{"id":763687,"date":"2025-08-28T10:48:38","date_gmt":"2025-08-28T07:48:38","guid":{"rendered":"https:\/\/roveyayinevi.com.tr\/index.php\/urun\/alyanak-projesi-nuriye-ecmel-2\/"},"modified":"2026-04-15T03:29:41","modified_gmt":"2026-04-15T00:29:41","slug":"alyanak-projesi-nuriye-ecmel-2","status":"publish","type":"product","link":"https:\/\/roveyayinevi.com.tr\/index.php\/urun\/alyanak-projesi-nuriye-ecmel-2\/","title":{"rendered":"Alyanak Projesi Nuriye Ecmel 2"},"content":{"rendered":"<p>Ben Nuriye Ecmel&#8230;  Bu iyilik maceras\u0131n\u0131n ad\u0131 da &#8220;Alyanak Projesi&#8221;. \u0130yilik maceras\u0131nda neler mi oluyor? Alyanak kim mi? Durun \u015fimdi size her \u015feyi anlataca\u011f\u0131m. Rahat olun ve arkan\u0131za yaslan\u0131n.<\/p>\n","protected":false},"excerpt":{"rendered":"<p>Ben Nuriye Ecmel&#8230; Bu iyilik maceras\u0131n\u0131n ad\u0131 da &#8220;Alyanak Projesi&#8221;. \u0130yilik maceras\u0131nda neler mi oluyor? Alyanak kim mi? Durun \u015fimdi size her \u015feyi anlataca\u011f\u0131m. Rahat olun<span class=\"excerpt-hellip\"> [\u2026]<\/span><\/p>\n","protected":false},"featured_media":0,"template":"","meta":{"_monsterinsights_skip_tracking":false,"_monsterinsights_sitenote_active":false,"_monsterinsights_sitenote_note":"","_monsterinsights_sitenote_category":0},"product_brand":[],"product_cat":[12274,12284],"product_tag":[],"class_list":{"0":"post-763687","1":"product","2":"type-product","3":"status-publish","5":"product_cat-cocuk-ve-genclik-kitaplari","6":"product_cat-hikayeler","7":"pa_cilt-ciltsiz","8":"pa_tur-kitap","9":"pa_yayinevi-gulce-kitap","10":"pa_yazar-merve-ozcan","12":"first","13":"instock","14":"sale","15":"shipping-taxable","16":"purchasable","17":"product-type-simple"},"_links":{"self":[{"href":"https:\/\/roveyayinevi.com.tr\/index.php\/wp-json\/wp\/v2\/product\/763687","targetHints":{"allow":["GET"]}}],"collection":[{"href":"https:\/\/roveyayinevi.com.tr\/index.php\/wp-json\/wp\/v2\/product"}],"about":[{"href":"https:\/\/roveyayinevi.com.tr\/index.php\/wp-json\/wp\/v2\/types\/product"}],"wp:attachment":[{"href":"https:\/\/roveyayinevi.com.tr\/index.php\/wp-json\/wp\/v2\/media?parent=763687"}],"wp:term":[{"taxonomy":"product_brand","embeddable":true,"href":"https:\/\/roveyayinevi.com.tr\/index.php\/wp-json\/wp\/v2\/product_brand?post=763687"},{"taxonomy":"product_cat","embeddable":true,"href":"https:\/\/roveyayinevi.com.tr\/index.php\/wp-json\/wp\/v2\/product_cat?post=763687"},{"taxonomy":"product_tag","embeddable":true,"href":"https:\/\/roveyayinevi.com.tr\/index.php\/wp-json\/wp\/v2\/product_tag?post=763687"}],"curies":[{"name":"wp","href":"https:\/\/api.w.org\/{rel}","templated":true}]}}