{"id":763684,"date":"2025-08-28T10:48:32","date_gmt":"2025-08-28T07:48:32","guid":{"rendered":"https:\/\/roveyayinevi.com.tr\/index.php\/urun\/denizin-sasirtan-karari\/"},"modified":"2026-04-15T03:29:41","modified_gmt":"2026-04-15T00:29:41","slug":"denizin-sasirtan-karari","status":"publish","type":"product","link":"https:\/\/roveyayinevi.com.tr\/index.php\/urun\/denizin-sasirtan-karari\/","title":{"rendered":"Deniz&#8217;in \u015ea\u015f\u0131rtan Karar\u0131"},"content":{"rendered":"<p>Deniz, bir g\u00fcn t\u00fcm ailesini \u015fa\u015f\u0131rtacak bir karar al\u0131r. Yedi ya\u015f\u0131na yeni basm\u0131\u015f k\u00fc\u00e7\u00fck Deniz, anneannesi ve dedesi gibi emekli olmaya karar vermi\u015ftir! Art\u0131k okula gitmeyecek, b\u00fct\u00fcn g\u00fcn evde oyuncaklar\u0131yla ve kitaplar\u0131yla vakit ge\u00e7irecektir. Ancak i\u015fler planlad\u0131\u011f\u0131 gibi gitmez. Okulda olan baz\u0131 geli\u015fmeler onu yeni bir se\u00e7im yapmaya iter. Bu se\u00e7im, Deniz&#8217;in azmi ve kararl\u0131l\u0131\u011f\u0131yla y\u00fczle\u015fmesine neden olur. Hayallerinin pe\u015finden giderken ald\u0131\u011f\u0131 b\u00fcy\u00fck dersler ve ya\u015fad\u0131\u011f\u0131 maceralar, ona hem e\u011flenceli hem de \u00f6\u011fretici an\u0131lar b\u0131rak\u0131r. Murat Moro\u011flu\u2019nun kaleminden s\u0131ms\u0131cak bir \u00f6yk\u00fc okumaya haz\u0131r olun.<\/p>\n","protected":false},"excerpt":{"rendered":"<p>Deniz, bir g\u00fcn t\u00fcm ailesini \u015fa\u015f\u0131rtacak bir karar al\u0131r. Yedi ya\u015f\u0131na yeni basm\u0131\u015f k\u00fc\u00e7\u00fck Deniz, anneannesi ve dedesi gibi emekli olmaya karar vermi\u015ftir! Art\u0131k okula gitmeyecek,<span class=\"excerpt-hellip\"> [\u2026]<\/span><\/p>\n","protected":false},"featured_media":0,"template":"","meta":{"_monsterinsights_skip_tracking":false,"_monsterinsights_sitenote_active":false,"_monsterinsights_sitenote_note":"","_monsterinsights_sitenote_category":0},"product_brand":[],"product_cat":[12274,12284],"product_tag":[],"class_list":{"0":"post-763684","1":"product","2":"type-product","3":"status-publish","5":"product_cat-cocuk-ve-genclik-kitaplari","6":"product_cat-hikayeler","7":"pa_cilt-ciltsiz","8":"pa_tur-kitap","9":"pa_yayinevi-timas-cocuk","10":"pa_yazar-murat-moroglu","12":"first","13":"instock","14":"sale","15":"shipping-taxable","16":"purchasable","17":"product-type-simple"},"_links":{"self":[{"href":"https:\/\/roveyayinevi.com.tr\/index.php\/wp-json\/wp\/v2\/product\/763684","targetHints":{"allow":["GET"]}}],"collection":[{"href":"https:\/\/roveyayinevi.com.tr\/index.php\/wp-json\/wp\/v2\/product"}],"about":[{"href":"https:\/\/roveyayinevi.com.tr\/index.php\/wp-json\/wp\/v2\/types\/product"}],"wp:attachment":[{"href":"https:\/\/roveyayinevi.com.tr\/index.php\/wp-json\/wp\/v2\/media?parent=763684"}],"wp:term":[{"taxonomy":"product_brand","embeddable":true,"href":"https:\/\/roveyayinevi.com.tr\/index.php\/wp-json\/wp\/v2\/product_brand?post=763684"},{"taxonomy":"product_cat","embeddable":true,"href":"https:\/\/roveyayinevi.com.tr\/index.php\/wp-json\/wp\/v2\/product_cat?post=763684"},{"taxonomy":"product_tag","embeddable":true,"href":"https:\/\/roveyayinevi.com.tr\/index.php\/wp-json\/wp\/v2\/product_tag?post=763684"}],"curies":[{"name":"wp","href":"https:\/\/api.w.org\/{rel}","templated":true}]}}