{"id":763678,"date":"2025-08-28T10:48:18","date_gmt":"2025-08-28T07:48:18","guid":{"rendered":"https:\/\/roveyayinevi.com.tr\/index.php\/urun\/25-muhtesem-basari-hikayesi\/"},"modified":"2026-04-15T03:29:41","modified_gmt":"2026-04-15T00:29:41","slug":"25-muhtesem-basari-hikayesi","status":"publish","type":"product","link":"https:\/\/roveyayinevi.com.tr\/index.php\/urun\/25-muhtesem-basari-hikayesi\/","title":{"rendered":"25 Muhte\u015fem Ba\u015far\u0131 Hikayesi!"},"content":{"rendered":"<p>Dikkat dikkat, bu kitapta okuyaca\u011f\u0131n her \u015fey ger\u00e7ek! Onlar ba\u015far\u0131lar\u0131yla d\u00fcnyay\u0131 sallad\u0131lar. Kariyer basamaklar\u0131n\u0131 ad\u0131m ad\u0131m \u00e7\u0131kt\u0131lar. Peki, bu ba\u015far\u0131lar\u0131 elde ederken neler ya\u015fad\u0131lar, hangi zorluklar\u0131 a\u015ft\u0131lar, nas\u0131l y\u00f6ntemler izlediler, kimleri \u00f6rnek ald\u0131lar? \u0130\u015fte size ba\u015far\u0131n\u0131n anahtar\u0131n\u0131 verecek 25 muhte\u015fem isim! Aziz Sancar\u2019dan Naim S\u00fcleymano\u011flu\u2019na, Bill Gates\u2019ten Leonardo da Vinci\u2019ye, Michael Jordan\u2019dan Marie Curie\u2019ye, Thomas Edison\u2019dan Mozart\u2019a kadar ba\u015far\u0131lar\u0131yla d\u00fcnyay\u0131 etkilemi\u015f isimler elinizdeki bu kitapta topland\u0131. \u015eimdi s\u0131ra sizde! Haydi, ilham verici muhte\u015fem hik\u00e2yelerle hayallerinizde yeni ufuklar a\u00e7\u0131n.<\/p>\n","protected":false},"excerpt":{"rendered":"<p>Dikkat dikkat, bu kitapta okuyaca\u011f\u0131n her \u015fey ger\u00e7ek! Onlar ba\u015far\u0131lar\u0131yla d\u00fcnyay\u0131 sallad\u0131lar. Kariyer basamaklar\u0131n\u0131 ad\u0131m ad\u0131m \u00e7\u0131kt\u0131lar. Peki, bu ba\u015far\u0131lar\u0131 elde ederken neler ya\u015fad\u0131lar, hangi zorluklar\u0131<span class=\"excerpt-hellip\"> [\u2026]<\/span><\/p>\n","protected":false},"featured_media":0,"template":"","meta":{"_monsterinsights_skip_tracking":false,"_monsterinsights_sitenote_active":false,"_monsterinsights_sitenote_note":"","_monsterinsights_sitenote_category":0},"product_brand":[],"product_cat":[13829,12274],"product_tag":[],"class_list":{"0":"post-763678","1":"product","2":"type-product","3":"status-publish","5":"product_cat-bilimsel-kitaplar","6":"product_cat-cocuk-ve-genclik-kitaplari","7":"pa_cilt-ciltsiz","8":"pa_tur-kitap","9":"pa_yayinevi-eglenceli-bilgi-yayinlari","10":"pa_yazar-yasar-bayraktar","12":"first","13":"instock","14":"sale","15":"shipping-taxable","16":"purchasable","17":"product-type-simple"},"_links":{"self":[{"href":"https:\/\/roveyayinevi.com.tr\/index.php\/wp-json\/wp\/v2\/product\/763678","targetHints":{"allow":["GET"]}}],"collection":[{"href":"https:\/\/roveyayinevi.com.tr\/index.php\/wp-json\/wp\/v2\/product"}],"about":[{"href":"https:\/\/roveyayinevi.com.tr\/index.php\/wp-json\/wp\/v2\/types\/product"}],"wp:attachment":[{"href":"https:\/\/roveyayinevi.com.tr\/index.php\/wp-json\/wp\/v2\/media?parent=763678"}],"wp:term":[{"taxonomy":"product_brand","embeddable":true,"href":"https:\/\/roveyayinevi.com.tr\/index.php\/wp-json\/wp\/v2\/product_brand?post=763678"},{"taxonomy":"product_cat","embeddable":true,"href":"https:\/\/roveyayinevi.com.tr\/index.php\/wp-json\/wp\/v2\/product_cat?post=763678"},{"taxonomy":"product_tag","embeddable":true,"href":"https:\/\/roveyayinevi.com.tr\/index.php\/wp-json\/wp\/v2\/product_tag?post=763678"}],"curies":[{"name":"wp","href":"https:\/\/api.w.org\/{rel}","templated":true}]}}